{"id":12515,"date":"2023-02-04T11:53:37","date_gmt":"2023-02-04T07:53:37","guid":{"rendered":"https:\/\/hanoglubaklava.az\/?page_id=12515"},"modified":"2023-02-13T12:42:11","modified_gmt":"2023-02-13T08:42:11","slug":"kadayiflar","status":"publish","type":"page","link":"https:\/\/hanoglubaklava.az\/?page_id=12515","title":{"rendered":"Kaday\u0131flar"},"content":{"rendered":"<p>[vc_row][vc_column][vc_empty_space]<div class=\"woocommerce columns-4 \"><ul class=\"products columns-4\">\n<li class=\"product type-product post-12751 status-publish first instock product_cat-kadayiflar has-post-thumbnail shipping-taxable product-type-simple\">\n\t<a href=\"https:\/\/hanoglubaklava.az\/?product=fistiqli-burma-kadayif\" class=\"woocommerce-LoopProduct-link woocommerce-loop-product__link\"><img loading=\"lazy\" decoding=\"async\" width=\"300\" height=\"300\" src=\"https:\/\/hanoglubaklava.az\/wp-content\/uploads\/2023\/02\/IMG_3241-scaled.jpg\" class=\"attachment-woocommerce_thumbnail size-woocommerce_thumbnail\" alt=\"\" srcset=\"https:\/\/hanoglubaklava.az\/wp-content\/uploads\/2023\/02\/IMG_3241-scaled.jpg 2560w, https:\/\/hanoglubaklava.az\/wp-content\/uploads\/2023\/02\/IMG_3241-300x300.jpg 300w, https:\/\/hanoglubaklava.az\/wp-content\/uploads\/2023\/02\/IMG_3241-1024x1024.jpg 1024w, https:\/\/hanoglubaklava.az\/wp-content\/uploads\/2023\/02\/IMG_3241-150x150.jpg 150w, https:\/\/hanoglubaklava.az\/wp-content\/uploads\/2023\/02\/IMG_3241-768x768.jpg 768w, https:\/\/hanoglubaklava.az\/wp-content\/uploads\/2023\/02\/IMG_3241-1536x1536.jpg 1536w, https:\/\/hanoglubaklava.az\/wp-content\/uploads\/2023\/02\/IMG_3241-2048x2048.jpg 2048w, https:\/\/hanoglubaklava.az\/wp-content\/uploads\/2023\/02\/IMG_3241-770x770.jpg 770w\" sizes=\"auto, (max-width: 300px) 100vw, 300px\" data-id=\"12619\" \/><h2 class=\"woocommerce-loop-product__title\">F\u0131st\u0131ql\u0131 Burma Kaday\u0131f<\/h2>\n<\/a><a href=\"https:\/\/hanoglubaklava.az\/?product=fistiqli-burma-kadayif\" aria-describedby=\"woocommerce_loop_add_to_cart_link_describedby_12751\" data-quantity=\"1\" class=\"button product_type_simple\" data-product_id=\"12751\" data-product_sku=\"\" aria-label=\"Read more about &ldquo;F\u0131st\u0131ql\u0131 Burma Kaday\u0131f&rdquo;\" rel=\"nofollow\" data-success_message=\"\" data-product_name=\"F\u0131st\u0131ql\u0131 Burma Kaday\u0131f\" data-price=\"\">Read more<\/a>\t<span id=\"woocommerce_loop_add_to_cart_link_describedby_12751\" class=\"screen-reader-text\">\n\t\t\t<\/span>\n<\/li>\n<li class=\"product type-product post-12750 status-publish instock product_cat-kadayiflar has-post-thumbnail shipping-taxable product-type-simple\">\n\t<a href=\"https:\/\/hanoglubaklava.az\/?product=fistiqli-kadayif\" class=\"woocommerce-LoopProduct-link woocommerce-loop-product__link\"><img loading=\"lazy\" decoding=\"async\" width=\"300\" height=\"300\" src=\"https:\/\/hanoglubaklava.az\/wp-content\/uploads\/2023\/02\/IMG_0310-scaled.jpg\" class=\"attachment-woocommerce_thumbnail size-woocommerce_thumbnail\" alt=\"\" srcset=\"https:\/\/hanoglubaklava.az\/wp-content\/uploads\/2023\/02\/IMG_0310-scaled.jpg 2560w, https:\/\/hanoglubaklava.az\/wp-content\/uploads\/2023\/02\/IMG_0310-300x300.jpg 300w, https:\/\/hanoglubaklava.az\/wp-content\/uploads\/2023\/02\/IMG_0310-1024x1024.jpg 1024w, https:\/\/hanoglubaklava.az\/wp-content\/uploads\/2023\/02\/IMG_0310-150x150.jpg 150w, https:\/\/hanoglubaklava.az\/wp-content\/uploads\/2023\/02\/IMG_0310-768x768.jpg 768w, https:\/\/hanoglubaklava.az\/wp-content\/uploads\/2023\/02\/IMG_0310-1536x1536.jpg 1536w, https:\/\/hanoglubaklava.az\/wp-content\/uploads\/2023\/02\/IMG_0310-2048x2048.jpg 2048w, https:\/\/hanoglubaklava.az\/wp-content\/uploads\/2023\/02\/IMG_0310-770x770.jpg 770w\" sizes=\"auto, (max-width: 300px) 100vw, 300px\" data-id=\"12539\" \/><h2 class=\"woocommerce-loop-product__title\">F\u0131st\u0131ql\u0131 Kaday\u0131f<\/h2>\n<\/a><a href=\"https:\/\/hanoglubaklava.az\/?product=fistiqli-kadayif\" aria-describedby=\"woocommerce_loop_add_to_cart_link_describedby_12750\" data-quantity=\"1\" class=\"button product_type_simple\" data-product_id=\"12750\" data-product_sku=\"\" aria-label=\"Read more about &ldquo;F\u0131st\u0131ql\u0131 Kaday\u0131f&rdquo;\" rel=\"nofollow\" data-success_message=\"\" data-product_name=\"F\u0131st\u0131ql\u0131 Kaday\u0131f\" data-price=\"\">Read more<\/a>\t<span id=\"woocommerce_loop_add_to_cart_link_describedby_12750\" class=\"screen-reader-text\">\n\t\t\t<\/span>\n<\/li>\n<li class=\"product type-product post-12752 status-publish instock product_cat-kadayiflar shipping-taxable product-type-simple\">\n\t<a href=\"https:\/\/hanoglubaklava.az\/?product=qozlu-burma-kadayif\" class=\"woocommerce-LoopProduct-link woocommerce-loop-product__link\"><img loading=\"lazy\" decoding=\"async\" width=\"300\" height=\"300\" src=\"https:\/\/hanoglubaklava.az\/wp-content\/uploads\/woocommerce-placeholder.png\" class=\"woocommerce-placeholder wp-post-image\" alt=\"Placeholder\" srcset=\"https:\/\/hanoglubaklava.az\/wp-content\/uploads\/woocommerce-placeholder.png 1200w, https:\/\/hanoglubaklava.az\/wp-content\/uploads\/woocommerce-placeholder-300x300.png 300w, https:\/\/hanoglubaklava.az\/wp-content\/uploads\/woocommerce-placeholder-1024x1024.png 1024w, https:\/\/hanoglubaklava.az\/wp-content\/uploads\/woocommerce-placeholder-150x150.png 150w, https:\/\/hanoglubaklava.az\/wp-content\/uploads\/woocommerce-placeholder-768x768.png 768w, https:\/\/hanoglubaklava.az\/wp-content\/uploads\/woocommerce-placeholder-770x770.png 770w\" sizes=\"auto, (max-width: 300px) 100vw, 300px\" data-id=\"12690\" \/><h2 class=\"woocommerce-loop-product__title\">Qozlu Burma Kaday\u0131f<\/h2>\n<\/a><a href=\"https:\/\/hanoglubaklava.az\/?product=qozlu-burma-kadayif\" aria-describedby=\"woocommerce_loop_add_to_cart_link_describedby_12752\" data-quantity=\"1\" class=\"button product_type_simple\" data-product_id=\"12752\" data-product_sku=\"\" aria-label=\"Read more about &ldquo;Qozlu Burma Kaday\u0131f&rdquo;\" rel=\"nofollow\" data-success_message=\"\" data-product_name=\"Qozlu Burma Kaday\u0131f\" data-price=\"\">Read more<\/a>\t<span id=\"woocommerce_loop_add_to_cart_link_describedby_12752\" class=\"screen-reader-text\">\n\t\t\t<\/span>\n<\/li>\n<li class=\"product type-product post-12749 status-publish last instock product_cat-kadayiflar shipping-taxable product-type-simple\">\n\t<a href=\"https:\/\/hanoglubaklava.az\/?product=qozlu-kadayif\" class=\"woocommerce-LoopProduct-link woocommerce-loop-product__link\"><img loading=\"lazy\" decoding=\"async\" width=\"300\" height=\"300\" src=\"https:\/\/hanoglubaklava.az\/wp-content\/uploads\/woocommerce-placeholder.png\" class=\"woocommerce-placeholder wp-post-image\" alt=\"Placeholder\" srcset=\"https:\/\/hanoglubaklava.az\/wp-content\/uploads\/woocommerce-placeholder.png 1200w, https:\/\/hanoglubaklava.az\/wp-content\/uploads\/woocommerce-placeholder-300x300.png 300w, https:\/\/hanoglubaklava.az\/wp-content\/uploads\/woocommerce-placeholder-1024x1024.png 1024w, https:\/\/hanoglubaklava.az\/wp-content\/uploads\/woocommerce-placeholder-150x150.png 150w, https:\/\/hanoglubaklava.az\/wp-content\/uploads\/woocommerce-placeholder-768x768.png 768w, https:\/\/hanoglubaklava.az\/wp-content\/uploads\/woocommerce-placeholder-770x770.png 770w\" sizes=\"auto, (max-width: 300px) 100vw, 300px\" data-id=\"12690\" \/><h2 class=\"woocommerce-loop-product__title\">Qozlu Kaday\u0131f<\/h2>\n<\/a><a href=\"https:\/\/hanoglubaklava.az\/?product=qozlu-kadayif\" aria-describedby=\"woocommerce_loop_add_to_cart_link_describedby_12749\" data-quantity=\"1\" class=\"button product_type_simple\" data-product_id=\"12749\" data-product_sku=\"\" aria-label=\"Read more about &ldquo;Qozlu Kaday\u0131f&rdquo;\" rel=\"nofollow\" data-success_message=\"\" data-product_name=\"Qozlu Kaday\u0131f\" data-price=\"\">Read more<\/a>\t<span id=\"woocommerce_loop_add_to_cart_link_describedby_12749\" class=\"screen-reader-text\">\n\t\t\t<\/span>\n<\/li>\n<li class=\"product type-product post-12764 status-publish first instock product_cat-kadayiflar has-post-thumbnail shipping-taxable product-type-simple\">\n\t<a href=\"https:\/\/hanoglubaklava.az\/?product=sad%c9%99-vanilli-antep-fistiqli-dokme-lokum\" class=\"woocommerce-LoopProduct-link woocommerce-loop-product__link\"><img loading=\"lazy\" decoding=\"async\" width=\"300\" height=\"300\" src=\"https:\/\/hanoglubaklava.az\/wp-content\/uploads\/woocommerce-placeholder.png\" class=\"attachment-woocommerce_thumbnail size-woocommerce_thumbnail\" alt=\"\" srcset=\"https:\/\/hanoglubaklava.az\/wp-content\/uploads\/woocommerce-placeholder.png 1200w, https:\/\/hanoglubaklava.az\/wp-content\/uploads\/woocommerce-placeholder-300x300.png 300w, https:\/\/hanoglubaklava.az\/wp-content\/uploads\/woocommerce-placeholder-1024x1024.png 1024w, https:\/\/hanoglubaklava.az\/wp-content\/uploads\/woocommerce-placeholder-150x150.png 150w, https:\/\/hanoglubaklava.az\/wp-content\/uploads\/woocommerce-placeholder-768x768.png 768w, https:\/\/hanoglubaklava.az\/wp-content\/uploads\/woocommerce-placeholder-770x770.png 770w\" sizes=\"auto, (max-width: 300px) 100vw, 300px\" data-id=\"12690\" \/><h2 class=\"woocommerce-loop-product__title\">Sad\u0259 Vanilli Antep F\u0131st\u0131ql\u0131 D\u00f6kme Lokum<\/h2>\n<\/a><a href=\"https:\/\/hanoglubaklava.az\/?product=sad%c9%99-vanilli-antep-fistiqli-dokme-lokum\" aria-describedby=\"woocommerce_loop_add_to_cart_link_describedby_12764\" data-quantity=\"1\" class=\"button product_type_simple\" data-product_id=\"12764\" data-product_sku=\"\" aria-label=\"Read more about &ldquo;Sad\u0259 Vanilli Antep F\u0131st\u0131ql\u0131 D\u00f6kme Lokum&rdquo;\" rel=\"nofollow\" data-success_message=\"\" data-product_name=\"Sad\u0259 Vanilli Antep F\u0131st\u0131ql\u0131 D\u00f6kme Lokum\" data-price=\"\">Read more<\/a>\t<span id=\"woocommerce_loop_add_to_cart_link_describedby_12764\" class=\"screen-reader-text\">\n\t\t\t<\/span>\n<\/li>\n<\/ul>\n<\/div>[vc_empty_space][\/vc_column][\/vc_row]<\/p>\n","protected":false},"excerpt":{"rendered":"<p>[vc_row][vc_column][vc_empty_space][vc_empty_space][\/vc_column][\/vc_row]<\/p>\n","protected":false},"author":1,"featured_media":0,"parent":0,"menu_order":0,"comment_status":"closed","ping_status":"closed","template":"","meta":{"_acf_changed":false,"om_disable_all_campaigns":false,"_monsterinsights_skip_tracking":false,"_monsterinsights_sitenote_active":false,"_monsterinsights_sitenote_note":"","_monsterinsights_sitenote_category":0,"footnotes":""},"class_list":["post-12515","page","type-page","status-publish","hentry"],"acf":[],"aioseo_notices":[],"_links":{"self":[{"href":"https:\/\/hanoglubaklava.az\/index.php?rest_route=\/wp\/v2\/pages\/12515","targetHints":{"allow":["GET"]}}],"collection":[{"href":"https:\/\/hanoglubaklava.az\/index.php?rest_route=\/wp\/v2\/pages"}],"about":[{"href":"https:\/\/hanoglubaklava.az\/index.php?rest_route=\/wp\/v2\/types\/page"}],"author":[{"embeddable":true,"href":"https:\/\/hanoglubaklava.az\/index.php?rest_route=\/wp\/v2\/users\/1"}],"replies":[{"embeddable":true,"href":"https:\/\/hanoglubaklava.az\/index.php?rest_route=%2Fwp%2Fv2%2Fcomments&post=12515"}],"version-history":[{"count":6,"href":"https:\/\/hanoglubaklava.az\/index.php?rest_route=\/wp\/v2\/pages\/12515\/revisions"}],"predecessor-version":[{"id":12837,"href":"https:\/\/hanoglubaklava.az\/index.php?rest_route=\/wp\/v2\/pages\/12515\/revisions\/12837"}],"wp:attachment":[{"href":"https:\/\/hanoglubaklava.az\/index.php?rest_route=%2Fwp%2Fv2%2Fmedia&parent=12515"}],"curies":[{"name":"wp","href":"https:\/\/api.w.org\/{rel}","templated":true}]}}