{"id":12557,"date":"2023-02-06T19:51:50","date_gmt":"2023-02-06T15:51:50","guid":{"rendered":"https:\/\/hanoglubaklava.az\/?page_id=12557"},"modified":"2023-02-13T12:41:50","modified_gmt":"2023-02-13T08:41:50","slug":"sudlu-sirniyyatlar","status":"publish","type":"page","link":"https:\/\/hanoglubaklava.az\/?page_id=12557","title":{"rendered":"S\u00fcdl\u00fc \u015firniyyatlar"},"content":{"rendered":"<p>[vc_row][vc_column][vc_empty_space]<div class=\"woocommerce columns-4 \"><ul class=\"products columns-4\">\n<li class=\"product type-product post-12747 status-publish first instock product_cat-sudlu-sirniyyatlar has-post-thumbnail shipping-taxable product-type-simple\">\n\t<a href=\"https:\/\/hanoglubaklava.az\/?product=fistiqli-gullac\" class=\"woocommerce-LoopProduct-link woocommerce-loop-product__link\"><img loading=\"lazy\" decoding=\"async\" width=\"300\" height=\"300\" src=\"https:\/\/hanoglubaklava.az\/wp-content\/uploads\/2023\/02\/IMG_4576-300x300.jpg\" class=\"attachment-woocommerce_thumbnail size-woocommerce_thumbnail\" alt=\"\" srcset=\"https:\/\/hanoglubaklava.az\/wp-content\/uploads\/2023\/02\/IMG_4576-300x300.jpg 300w, https:\/\/hanoglubaklava.az\/wp-content\/uploads\/2023\/02\/IMG_4576-150x150.jpg 150w, https:\/\/hanoglubaklava.az\/wp-content\/uploads\/2023\/02\/IMG_4576-770x770.jpg 770w, https:\/\/hanoglubaklava.az\/wp-content\/uploads\/2023\/02\/IMG_4576-100x100.jpg 100w\" sizes=\"auto, (max-width: 300px) 100vw, 300px\" data-id=\"12876\" \/><h2 class=\"woocommerce-loop-product__title\">F\u0131st\u0131ql\u0131 G\u00fclla\u00e7<\/h2>\n<\/a><a href=\"https:\/\/hanoglubaklava.az\/?product=fistiqli-gullac\" aria-describedby=\"woocommerce_loop_add_to_cart_link_describedby_12747\" data-quantity=\"1\" class=\"button product_type_simple\" data-product_id=\"12747\" data-product_sku=\"\" aria-label=\"Read more about &ldquo;F\u0131st\u0131ql\u0131 G\u00fclla\u00e7&rdquo;\" rel=\"nofollow\" data-success_message=\"\" data-product_name=\"F\u0131st\u0131ql\u0131 G\u00fclla\u00e7\" data-price=\"\">Read more<\/a>\t<span id=\"woocommerce_loop_add_to_cart_link_describedby_12747\" class=\"screen-reader-text\">\n\t\t\t<\/span>\n<\/li>\n<li class=\"product type-product post-12748 status-publish instock product_cat-sudlu-sirniyyatlar has-post-thumbnail shipping-taxable product-type-simple\">\n\t<a href=\"https:\/\/hanoglubaklava.az\/?product=qozlu-gullac\" class=\"woocommerce-LoopProduct-link woocommerce-loop-product__link\"><img loading=\"lazy\" decoding=\"async\" width=\"300\" height=\"300\" src=\"https:\/\/hanoglubaklava.az\/wp-content\/uploads\/2023\/02\/IMG_4581-300x300.jpg\" class=\"attachment-woocommerce_thumbnail size-woocommerce_thumbnail\" alt=\"\" srcset=\"https:\/\/hanoglubaklava.az\/wp-content\/uploads\/2023\/02\/IMG_4581-300x300.jpg 300w, https:\/\/hanoglubaklava.az\/wp-content\/uploads\/2023\/02\/IMG_4581-150x150.jpg 150w, https:\/\/hanoglubaklava.az\/wp-content\/uploads\/2023\/02\/IMG_4581-770x770.jpg 770w, https:\/\/hanoglubaklava.az\/wp-content\/uploads\/2023\/02\/IMG_4581-100x100.jpg 100w\" sizes=\"auto, (max-width: 300px) 100vw, 300px\" data-id=\"12875\" \/><h2 class=\"woocommerce-loop-product__title\">Qozlu G\u00fclla\u00e7<\/h2>\n<\/a><a href=\"https:\/\/hanoglubaklava.az\/?product=qozlu-gullac\" aria-describedby=\"woocommerce_loop_add_to_cart_link_describedby_12748\" data-quantity=\"1\" class=\"button product_type_simple\" data-product_id=\"12748\" data-product_sku=\"\" aria-label=\"Read more about &ldquo;Qozlu G\u00fclla\u00e7&rdquo;\" rel=\"nofollow\" data-success_message=\"\" data-product_name=\"Qozlu G\u00fclla\u00e7\" data-price=\"\">Read more<\/a>\t<span id=\"woocommerce_loop_add_to_cart_link_describedby_12748\" class=\"screen-reader-text\">\n\t\t\t<\/span>\n<\/li>\n<li class=\"product type-product post-12743 status-publish instock product_cat-sudlu-sirniyyatlar has-post-thumbnail shipping-taxable product-type-simple\">\n\t<a href=\"https:\/\/hanoglubaklava.az\/?product=sudlu-fistiqli-ag-sokoladli-paxlava\" class=\"woocommerce-LoopProduct-link woocommerce-loop-product__link\"><img loading=\"lazy\" decoding=\"async\" width=\"300\" height=\"300\" src=\"https:\/\/hanoglubaklava.az\/wp-content\/uploads\/2023\/02\/IMG_9861.jpg\" class=\"attachment-woocommerce_thumbnail size-woocommerce_thumbnail\" alt=\"\" srcset=\"https:\/\/hanoglubaklava.az\/wp-content\/uploads\/2023\/02\/IMG_9861.jpg 2048w, https:\/\/hanoglubaklava.az\/wp-content\/uploads\/2023\/02\/IMG_9861-300x300.jpg 300w, https:\/\/hanoglubaklava.az\/wp-content\/uploads\/2023\/02\/IMG_9861-1024x1024.jpg 1024w, https:\/\/hanoglubaklava.az\/wp-content\/uploads\/2023\/02\/IMG_9861-150x150.jpg 150w, https:\/\/hanoglubaklava.az\/wp-content\/uploads\/2023\/02\/IMG_9861-768x768.jpg 768w, https:\/\/hanoglubaklava.az\/wp-content\/uploads\/2023\/02\/IMG_9861-1536x1536.jpg 1536w, https:\/\/hanoglubaklava.az\/wp-content\/uploads\/2023\/02\/IMG_9861-770x770.jpg 770w\" sizes=\"auto, (max-width: 300px) 100vw, 300px\" data-id=\"12528\" \/><h2 class=\"woocommerce-loop-product__title\">S\u00fcdl\u00fc F\u0131st\u0131ql\u0131 A\u011f \u015eokoladl\u0131 Paxlava<\/h2>\n<\/a><a href=\"https:\/\/hanoglubaklava.az\/?product=sudlu-fistiqli-ag-sokoladli-paxlava\" aria-describedby=\"woocommerce_loop_add_to_cart_link_describedby_12743\" data-quantity=\"1\" class=\"button product_type_simple\" data-product_id=\"12743\" data-product_sku=\"\" aria-label=\"Read more about &ldquo;S\u00fcdl\u00fc F\u0131st\u0131ql\u0131 A\u011f \u015eokoladl\u0131 Paxlava&rdquo;\" rel=\"nofollow\" data-success_message=\"\" data-product_name=\"S\u00fcdl\u00fc F\u0131st\u0131ql\u0131 A\u011f \u015eokoladl\u0131 Paxlava\" data-price=\"\">Read more<\/a>\t<span id=\"woocommerce_loop_add_to_cart_link_describedby_12743\" class=\"screen-reader-text\">\n\t\t\t<\/span>\n<\/li>\n<li class=\"product type-product post-12744 status-publish last instock product_cat-sudlu-sirniyyatlar has-post-thumbnail shipping-taxable product-type-simple\">\n\t<a href=\"https:\/\/hanoglubaklava.az\/?product=sudlu-fistiqli-qara-sokoladli-paxlava\" class=\"woocommerce-LoopProduct-link woocommerce-loop-product__link\"><img loading=\"lazy\" decoding=\"async\" width=\"300\" height=\"300\" src=\"https:\/\/hanoglubaklava.az\/wp-content\/uploads\/2023\/02\/IMG_9869.jpg\" class=\"attachment-woocommerce_thumbnail size-woocommerce_thumbnail\" alt=\"\" srcset=\"https:\/\/hanoglubaklava.az\/wp-content\/uploads\/2023\/02\/IMG_9869.jpg 2048w, https:\/\/hanoglubaklava.az\/wp-content\/uploads\/2023\/02\/IMG_9869-300x300.jpg 300w, https:\/\/hanoglubaklava.az\/wp-content\/uploads\/2023\/02\/IMG_9869-1024x1024.jpg 1024w, https:\/\/hanoglubaklava.az\/wp-content\/uploads\/2023\/02\/IMG_9869-150x150.jpg 150w, https:\/\/hanoglubaklava.az\/wp-content\/uploads\/2023\/02\/IMG_9869-768x768.jpg 768w, https:\/\/hanoglubaklava.az\/wp-content\/uploads\/2023\/02\/IMG_9869-1536x1536.jpg 1536w, https:\/\/hanoglubaklava.az\/wp-content\/uploads\/2023\/02\/IMG_9869-770x770.jpg 770w\" sizes=\"auto, (max-width: 300px) 100vw, 300px\" data-id=\"12527\" \/><h2 class=\"woocommerce-loop-product__title\">S\u00fcdl\u00fc F\u0131st\u0131ql\u0131 Qara \u015eokoladl\u0131 Paxlava<\/h2>\n<\/a><a href=\"https:\/\/hanoglubaklava.az\/?product=sudlu-fistiqli-qara-sokoladli-paxlava\" aria-describedby=\"woocommerce_loop_add_to_cart_link_describedby_12744\" data-quantity=\"1\" class=\"button product_type_simple\" data-product_id=\"12744\" data-product_sku=\"\" aria-label=\"Read more about &ldquo;S\u00fcdl\u00fc F\u0131st\u0131ql\u0131 Qara \u015eokoladl\u0131 Paxlava&rdquo;\" rel=\"nofollow\" data-success_message=\"\" data-product_name=\"S\u00fcdl\u00fc F\u0131st\u0131ql\u0131 Qara \u015eokoladl\u0131 Paxlava\" data-price=\"\">Read more<\/a>\t<span id=\"woocommerce_loop_add_to_cart_link_describedby_12744\" class=\"screen-reader-text\">\n\t\t\t<\/span>\n<\/li>\n<li class=\"product type-product post-12745 status-publish first instock product_cat-sudlu-sirniyyatlar has-post-thumbnail shipping-taxable product-type-simple\">\n\t<a href=\"https:\/\/hanoglubaklava.az\/?product=sudlu-fistiqli-yasil-paxlava\" class=\"woocommerce-LoopProduct-link woocommerce-loop-product__link\"><img loading=\"lazy\" decoding=\"async\" width=\"300\" height=\"300\" src=\"https:\/\/hanoglubaklava.az\/wp-content\/uploads\/2023\/02\/hanoglu-loqolu-3.jpg\" class=\"attachment-woocommerce_thumbnail size-woocommerce_thumbnail\" alt=\"\" srcset=\"https:\/\/hanoglubaklava.az\/wp-content\/uploads\/2023\/02\/hanoglu-loqolu-3.jpg 2048w, https:\/\/hanoglubaklava.az\/wp-content\/uploads\/2023\/02\/hanoglu-loqolu-3-300x300.jpg 300w, https:\/\/hanoglubaklava.az\/wp-content\/uploads\/2023\/02\/hanoglu-loqolu-3-1024x1024.jpg 1024w, https:\/\/hanoglubaklava.az\/wp-content\/uploads\/2023\/02\/hanoglu-loqolu-3-150x150.jpg 150w, https:\/\/hanoglubaklava.az\/wp-content\/uploads\/2023\/02\/hanoglu-loqolu-3-768x768.jpg 768w, https:\/\/hanoglubaklava.az\/wp-content\/uploads\/2023\/02\/hanoglu-loqolu-3-1536x1536.jpg 1536w, https:\/\/hanoglubaklava.az\/wp-content\/uploads\/2023\/02\/hanoglu-loqolu-3-770x770.jpg 770w\" sizes=\"auto, (max-width: 300px) 100vw, 300px\" data-id=\"12525\" \/><h2 class=\"woocommerce-loop-product__title\">S\u00fcdl\u00fc F\u0131st\u0131ql\u0131 Ya\u015f\u0131l Paxlava<\/h2>\n<\/a><a href=\"https:\/\/hanoglubaklava.az\/?product=sudlu-fistiqli-yasil-paxlava\" aria-describedby=\"woocommerce_loop_add_to_cart_link_describedby_12745\" data-quantity=\"1\" class=\"button product_type_simple\" data-product_id=\"12745\" data-product_sku=\"\" aria-label=\"Read more about &ldquo;S\u00fcdl\u00fc F\u0131st\u0131ql\u0131 Ya\u015f\u0131l Paxlava&rdquo;\" rel=\"nofollow\" data-success_message=\"\" data-product_name=\"S\u00fcdl\u00fc F\u0131st\u0131ql\u0131 Ya\u015f\u0131l Paxlava\" data-price=\"\">Read more<\/a>\t<span id=\"woocommerce_loop_add_to_cart_link_describedby_12745\" class=\"screen-reader-text\">\n\t\t\t<\/span>\n<\/li>\n<li class=\"product type-product post-12746 status-publish instock product_cat-sudlu-sirniyyatlar has-post-thumbnail shipping-taxable product-type-simple\">\n\t<a href=\"https:\/\/hanoglubaklava.az\/?product=sudlu-nuriye\" class=\"woocommerce-LoopProduct-link woocommerce-loop-product__link\"><img loading=\"lazy\" decoding=\"async\" width=\"300\" height=\"300\" src=\"https:\/\/hanoglubaklava.az\/wp-content\/uploads\/woocommerce-placeholder.png\" class=\"attachment-woocommerce_thumbnail size-woocommerce_thumbnail\" alt=\"\" srcset=\"https:\/\/hanoglubaklava.az\/wp-content\/uploads\/woocommerce-placeholder.png 1200w, https:\/\/hanoglubaklava.az\/wp-content\/uploads\/woocommerce-placeholder-300x300.png 300w, https:\/\/hanoglubaklava.az\/wp-content\/uploads\/woocommerce-placeholder-1024x1024.png 1024w, https:\/\/hanoglubaklava.az\/wp-content\/uploads\/woocommerce-placeholder-150x150.png 150w, https:\/\/hanoglubaklava.az\/wp-content\/uploads\/woocommerce-placeholder-768x768.png 768w, https:\/\/hanoglubaklava.az\/wp-content\/uploads\/woocommerce-placeholder-770x770.png 770w\" sizes=\"auto, (max-width: 300px) 100vw, 300px\" data-id=\"12690\" \/><h2 class=\"woocommerce-loop-product__title\">S\u00fcdl\u00fc Nuriye<\/h2>\n<\/a><a href=\"https:\/\/hanoglubaklava.az\/?product=sudlu-nuriye\" aria-describedby=\"woocommerce_loop_add_to_cart_link_describedby_12746\" data-quantity=\"1\" class=\"button product_type_simple\" data-product_id=\"12746\" data-product_sku=\"\" aria-label=\"Read more about &ldquo;S\u00fcdl\u00fc Nuriye&rdquo;\" rel=\"nofollow\" data-success_message=\"\" data-product_name=\"S\u00fcdl\u00fc Nuriye\" data-price=\"\">Read more<\/a>\t<span id=\"woocommerce_loop_add_to_cart_link_describedby_12746\" class=\"screen-reader-text\">\n\t\t\t<\/span>\n<\/li>\n<\/ul>\n<\/div>[vc_empty_space][\/vc_column][\/vc_row]<\/p>\n","protected":false},"excerpt":{"rendered":"<p>[vc_row][vc_column][vc_empty_space][vc_empty_space][\/vc_column][\/vc_row]<\/p>\n","protected":false},"author":1,"featured_media":0,"parent":0,"menu_order":0,"comment_status":"closed","ping_status":"closed","template":"","meta":{"_acf_changed":false,"om_disable_all_campaigns":false,"_monsterinsights_skip_tracking":false,"_monsterinsights_sitenote_active":false,"_monsterinsights_sitenote_note":"","_monsterinsights_sitenote_category":0,"footnotes":""},"class_list":["post-12557","page","type-page","status-publish","hentry"],"acf":[],"aioseo_notices":[],"_links":{"self":[{"href":"https:\/\/hanoglubaklava.az\/index.php?rest_route=\/wp\/v2\/pages\/12557","targetHints":{"allow":["GET"]}}],"collection":[{"href":"https:\/\/hanoglubaklava.az\/index.php?rest_route=\/wp\/v2\/pages"}],"about":[{"href":"https:\/\/hanoglubaklava.az\/index.php?rest_route=\/wp\/v2\/types\/page"}],"author":[{"embeddable":true,"href":"https:\/\/hanoglubaklava.az\/index.php?rest_route=\/wp\/v2\/users\/1"}],"replies":[{"embeddable":true,"href":"https:\/\/hanoglubaklava.az\/index.php?rest_route=%2Fwp%2Fv2%2Fcomments&post=12557"}],"version-history":[{"count":7,"href":"https:\/\/hanoglubaklava.az\/index.php?rest_route=\/wp\/v2\/pages\/12557\/revisions"}],"predecessor-version":[{"id":12836,"href":"https:\/\/hanoglubaklava.az\/index.php?rest_route=\/wp\/v2\/pages\/12557\/revisions\/12836"}],"wp:attachment":[{"href":"https:\/\/hanoglubaklava.az\/index.php?rest_route=%2Fwp%2Fv2%2Fmedia&parent=12557"}],"curies":[{"name":"wp","href":"https:\/\/api.w.org\/{rel}","templated":true}]}}