{"id":8516,"date":"2018-11-30T06:49:24","date_gmt":"2018-11-30T06:49:24","guid":{"rendered":"http:\/\/localhost\/projects\/solar\/?page_id=8516"},"modified":"2023-02-03T16:30:56","modified_gmt":"2023-02-03T12:30:56","slug":"about-us-1","status":"publish","type":"page","link":"https:\/\/hanoglubaklava.az\/?page_id=8516","title":{"rendered":"HAQQIMIZDA"},"content":{"rendered":"<p>[vc_row thsn-bg-color=&#8221;white&#8221; content_placement=&#8221;middle&#8221;][vc_column width=&#8221;1\/2&#8243; css=&#8221;.vc_custom_1565181653979{padding-right: 70px !important;}&#8221; thsn-responsive-css=&#8221;95415368|colbreak_no|||||||||colbreak_no|||||||||colbreak_no||||||15||||colbreak_no|||||||||&#8221;][vc_column_text]<span style=\"color: #000000;\">10.09.2021-ci ild\u0259 Hano\u011flu MMC\u00a0olaraq f\u0259aliyy\u0259t\u0259 ba\u015flam\u0131\u015f \u201cHano\u011flu Baklava &amp; Lokum\u201d, bu g\u00fcn d\u0259 \u00f6z istehsal\u0131n\u0131 davam etdirir.<\/span><\/p>\n<p><span style=\"color: #000000;\">Paxlava istehsal\u0131n\u0131n inc\u0259likl\u0259rini mahir ustalardan alan v\u0259 bunu \u0259n\u0259n\u0259vi hala g\u0259tir\u0259n komandam\u0131z, h\u0259m t\u00fcrk, h\u0259m d\u0259 az\u0259rbaycanl\u0131 v\u0259t\u0259nda\u015flardan ibar\u0259tdir.<\/span><\/p>\n<p><span style=\"color: #000000;\">F\u0131st\u0131q, T\u00fcrkiy\u0259nin Gaziantep b\u00f6lg\u0259sind\u0259 istehsalat\u00e7\u0131dan birba\u015fa al\u0131naraq, i\u00e7liyi qab\u0131\u011f\u0131 q\u0131r\u0131lm\u0131\u015f formada Az\u0259rbaycana g\u0259tirilir v\u0259 m\u0259hsullar\u0131m\u0131zda istifad\u0259 edilir.<\/span><\/p>\n<p><span style=\"color: #000000;\">Paxlavalar k\u0259r\u0259ya\u011f\u0131ndan haz\u0131rlan\u0131r v\u0259 t\u0259rkibind\u0259 ql\u00fckoza\u00a0yoxdur. T\u0259bii v\u0259 keyfiyy\u0259tli m\u0259hsullardan haz\u0131rland\u0131\u011f\u0131 \u00fc\u00e7\u00fcn m\u0259d\u0259d\u0259 narahatl\u0131q hissi yaratm\u0131r.<\/span><\/p>\n<p><span style=\"color: #000000;\">Tam keyfiyy\u0259tli v\u0259 t\u0259bii t\u0259rkib\u0259 m\u0259xsus paxlavalar\u0131m\u0131z\u0131n damaq z\u00f6vq\u00fcn\u00fcz\u0259 xitab etm\u0259si \u00fc\u00e7\u00fcn, davaml\u0131 olaraq f\u0259aliyy\u0259timizi t\u0259kmill\u0259\u015fdirm\u0259y\u0259 \u00e7al\u0131\u015f\u0131r\u0131q.<\/span>[\/vc_column_text][\/vc_column][vc_column width=&#8221;1\/2&#8243; css=&#8221;.vc_custom_1565181581965{padding-left: 63px !important;}&#8221; thsn-responsive-css=&#8221;59569854|colbreak_no|||||||||colbreak_no|||||||||colbreak_no|40|||||||15||colbreak_no|||||||||&#8221;]<div  class=\"thsn-single-image-w thsn-single-hover-yes thsn-video-image-style-1 thsn-small-text-pos-bottom\"><img loading=\"lazy\" decoding=\"async\" width=\"562\" height=\"645\" src=\"https:\/\/hanoglubaklava.az\/wp-content\/uploads\/2023\/02\/Untitled-12.jpg\" class=\"thsn_vc_single_image-img attachment-full\" alt=\"\" title=\"Untitled-12\" srcset=\"https:\/\/hanoglubaklava.az\/wp-content\/uploads\/2023\/02\/Untitled-12.jpg 562w, https:\/\/hanoglubaklava.az\/wp-content\/uploads\/2023\/02\/Untitled-12-261x300.jpg 261w\" sizes=\"auto, (max-width: 562px) 100vw, 562px\" data-id=\"12352\" \/><div class=\"thsn-overlay\">[vc_icon icon_fontawesome=\"fa fa-play\" icon_thsn_dentiq_icon=\"thsn-dentiq-icon thsn-dentiq-icon-light\" icon_sgicon=\"sgicon sgicon-WorldWide\" icon_linecons=\"vc_li vc_li-heart\" icon_monosocial=\"vc-mono vc-mono-fivehundredpx\" link=\"url:https%3A%2F%2Fwww.youtube.com%2Fwatch%3Fv%3DTZ7qx7KPTFY|||\" el_class=\"thsn-lightbox thsn-lightbox-video\"]<\/div><a href=\"https:\/\/www.youtube.com\/watch?v=TZ7qx7KPTFY\" class=\"thsn-lightbox thsn-lightbox-video\"><span class=\"themesion-hide\">Click Here<\/span><\/a><\/div>[\/vc_column][\/vc_row]<\/p>\n","protected":false},"excerpt":{"rendered":"<p>[vc_row thsn-bg-color=&#8221;white&#8221; content_placement=&#8221;middle&#8221;][vc_column width=&#8221;1\/2&#8243; css=&#8221;.vc_custom_1565181653979{padding-right: 70px !important;}&#8221; thsn-responsive-css=&#8221;95415368|colbreak_no|||||||||colbreak_no|||||||||colbreak_no||||||15||||colbreak_no|||||||||&#8221;][vc_column_text]10.09.2021-ci ild\u0259 Hano\u011flu MMC\u00a0olaraq f\u0259aliyy\u0259t\u0259 ba\u015flam\u0131\u015f \u201cHano\u011flu Baklava &amp; Lokum\u201d, bu g\u00fcn d\u0259 \u00f6z istehsal\u0131n\u0131 davam etdirir. Paxlava istehsal\u0131n\u0131n inc\u0259likl\u0259rini mahir ustalardan alan v\u0259 bunu \u0259n\u0259n\u0259vi hala g\u0259tir\u0259n komandam\u0131z, h\u0259m t\u00fcrk, h\u0259m d\u0259 az\u0259rbaycanl\u0131 v\u0259t\u0259nda\u015flardan ibar\u0259tdir. F\u0131st\u0131q, T\u00fcrkiy\u0259nin Gaziantep b\u00f6lg\u0259sind\u0259 istehsalat\u00e7\u0131dan birba\u015fa al\u0131naraq, i\u00e7liyi qab\u0131\u011f\u0131 q\u0131r\u0131lm\u0131\u015f formada Az\u0259rbaycana [&hellip;]<\/p>\n","protected":false},"author":1,"featured_media":0,"parent":0,"menu_order":4,"comment_status":"closed","ping_status":"closed","template":"","meta":{"_acf_changed":false,"om_disable_all_campaigns":false,"_monsterinsights_skip_tracking":false,"_monsterinsights_sitenote_active":false,"_monsterinsights_sitenote_note":"","_monsterinsights_sitenote_category":0,"footnotes":""},"class_list":["post-8516","page","type-page","status-publish","hentry"],"acf":[],"aioseo_notices":[],"_links":{"self":[{"href":"https:\/\/hanoglubaklava.az\/index.php?rest_route=\/wp\/v2\/pages\/8516","targetHints":{"allow":["GET"]}}],"collection":[{"href":"https:\/\/hanoglubaklava.az\/index.php?rest_route=\/wp\/v2\/pages"}],"about":[{"href":"https:\/\/hanoglubaklava.az\/index.php?rest_route=\/wp\/v2\/types\/page"}],"author":[{"embeddable":true,"href":"https:\/\/hanoglubaklava.az\/index.php?rest_route=\/wp\/v2\/users\/1"}],"replies":[{"embeddable":true,"href":"https:\/\/hanoglubaklava.az\/index.php?rest_route=%2Fwp%2Fv2%2Fcomments&post=8516"}],"version-history":[{"count":3,"href":"https:\/\/hanoglubaklava.az\/index.php?rest_route=\/wp\/v2\/pages\/8516\/revisions"}],"predecessor-version":[{"id":12494,"href":"https:\/\/hanoglubaklava.az\/index.php?rest_route=\/wp\/v2\/pages\/8516\/revisions\/12494"}],"wp:attachment":[{"href":"https:\/\/hanoglubaklava.az\/index.php?rest_route=%2Fwp%2Fv2%2Fmedia&parent=8516"}],"curies":[{"name":"wp","href":"https:\/\/api.w.org\/{rel}","templated":true}]}}