{"id":12698,"date":"2023-02-10T20:36:49","date_gmt":"2023-02-10T16:36:49","guid":{"rendered":"https:\/\/hanoglubaklava.az\/?post_type=product&#038;p=12698"},"modified":"2023-02-13T13:06:11","modified_gmt":"2023-02-13T09:06:11","slug":"assorti-paxlava","status":"publish","type":"product","link":"https:\/\/hanoglubaklava.az\/?product=assorti-paxlava","title":{"rendered":"Assorti Paxlava"},"content":{"rendered":"","protected":false},"excerpt":{"rendered":"<p><span style=\"color: #000000;\">Assorti paxlava, \u015fokolad, qaymaq, k\u0259r\u0259ya\u011f\u0131, paxlava unu v\u0259 \u015f\u0259rb\u0259t il\u0259 haz\u0131rlan\u0131r.<\/span><br \/>\n<span style=\"color: #000000;\">\u00c7\u0131t\u0131r-\u00e7\u0131t\u0131r, g\u00f6r\u00fcn\u00fc\u015f\u00fc v\u0259 dad\u0131 il\u0259 se\u00e7il\u0259n bu t\u0259am\u0131n \u00fcz\u0259rind\u0259 f\u0131nd\u0131q, f\u0131st\u0131q, qoz v\u0259 badam olur.<\/span><\/p>\n","protected":false},"featured_media":0,"comment_status":"open","ping_status":"closed","template":"","meta":{"_acf_changed":false,"om_disable_all_campaigns":false,"_monsterinsights_skip_tracking":false,"_monsterinsights_sitenote_active":false,"_monsterinsights_sitenote_note":"","_monsterinsights_sitenote_category":0},"product_cat":[47],"product_tag":[],"class_list":{"0":"post-12698","1":"product","2":"type-product","3":"status-publish","5":"product_cat-paxlavalar","7":"first","8":"instock","9":"shipping-taxable","10":"product-type-simple"},"acf":[],"aioseo_notices":[],"_links":{"self":[{"href":"https:\/\/hanoglubaklava.az\/index.php?rest_route=\/wp\/v2\/product\/12698","targetHints":{"allow":["GET"]}}],"collection":[{"href":"https:\/\/hanoglubaklava.az\/index.php?rest_route=\/wp\/v2\/product"}],"about":[{"href":"https:\/\/hanoglubaklava.az\/index.php?rest_route=\/wp\/v2\/types\/product"}],"replies":[{"embeddable":true,"href":"https:\/\/hanoglubaklava.az\/index.php?rest_route=%2Fwp%2Fv2%2Fcomments&post=12698"}],"wp:attachment":[{"href":"https:\/\/hanoglubaklava.az\/index.php?rest_route=%2Fwp%2Fv2%2Fmedia&parent=12698"}],"wp:term":[{"taxonomy":"product_cat","embeddable":true,"href":"https:\/\/hanoglubaklava.az\/index.php?rest_route=%2Fwp%2Fv2%2Fproduct_cat&post=12698"},{"taxonomy":"product_tag","embeddable":true,"href":"https:\/\/hanoglubaklava.az\/index.php?rest_route=%2Fwp%2Fv2%2Fproduct_tag&post=12698"}],"curies":[{"name":"wp","href":"https:\/\/api.w.org\/{rel}","templated":true}]}}