{"id":12700,"date":"2023-02-10T20:39:31","date_gmt":"2023-02-10T16:39:31","guid":{"rendered":"https:\/\/hanoglubaklava.az\/?post_type=product&#038;p=12700"},"modified":"2023-02-13T13:10:02","modified_gmt":"2023-02-13T09:10:02","slug":"qozlu-baki-paxlavasi","status":"publish","type":"product","link":"https:\/\/hanoglubaklava.az\/?product=qozlu-baki-paxlavasi","title":{"rendered":"Qozlu Bak\u0131 Paxlavas\u0131"},"content":{"rendered":"","protected":false},"excerpt":{"rendered":"<p><span style=\"color: #000000;\">Qozlu Bak\u0131 paxlavas\u0131, paxlava unu, k\u0259r\u0259ya\u011f\u0131, qoz l\u0259p\u0259si v\u0259 \u015f\u0259rb\u0259t il\u0259 haz\u0131rlan\u0131r.<\/span><\/p>\n<p><span style=\"color: #000000;\">Novruz bayram\u0131n\u0131n milli \u015firniyyatlar\u0131ndan olan qozlu paxlava, ist\u0259r bayram g\u00fcnl\u0259rind\u0259, ist\u0259rs\u0259 d\u0259 x\u00fcsusi g\u00fcnl\u0259rd\u0259 qonaqlar\u0131n\u0131za t\u0259qdim ed\u0259c\u0259yiniz l\u0259ziz \u015firniyyatlardan biridir.<\/span><\/p>\n","protected":false},"featured_media":12636,"comment_status":"open","ping_status":"closed","template":"","meta":{"_acf_changed":false,"om_disable_all_campaigns":false,"_monsterinsights_skip_tracking":false,"_monsterinsights_sitenote_active":false,"_monsterinsights_sitenote_note":"","_monsterinsights_sitenote_category":0},"product_cat":[47],"product_tag":[],"class_list":{"0":"post-12700","1":"product","2":"type-product","3":"status-publish","4":"has-post-thumbnail","6":"product_cat-paxlavalar","8":"first","9":"instock","10":"shipping-taxable","11":"product-type-simple"},"acf":[],"aioseo_notices":[],"_links":{"self":[{"href":"https:\/\/hanoglubaklava.az\/index.php?rest_route=\/wp\/v2\/product\/12700","targetHints":{"allow":["GET"]}}],"collection":[{"href":"https:\/\/hanoglubaklava.az\/index.php?rest_route=\/wp\/v2\/product"}],"about":[{"href":"https:\/\/hanoglubaklava.az\/index.php?rest_route=\/wp\/v2\/types\/product"}],"replies":[{"embeddable":true,"href":"https:\/\/hanoglubaklava.az\/index.php?rest_route=%2Fwp%2Fv2%2Fcomments&post=12700"}],"wp:featuredmedia":[{"embeddable":true,"href":"https:\/\/hanoglubaklava.az\/index.php?rest_route=\/wp\/v2\/media\/12636"}],"wp:attachment":[{"href":"https:\/\/hanoglubaklava.az\/index.php?rest_route=%2Fwp%2Fv2%2Fmedia&parent=12700"}],"wp:term":[{"taxonomy":"product_cat","embeddable":true,"href":"https:\/\/hanoglubaklava.az\/index.php?rest_route=%2Fwp%2Fv2%2Fproduct_cat&post=12700"},{"taxonomy":"product_tag","embeddable":true,"href":"https:\/\/hanoglubaklava.az\/index.php?rest_route=%2Fwp%2Fv2%2Fproduct_tag&post=12700"}],"curies":[{"name":"wp","href":"https:\/\/api.w.org\/{rel}","templated":true}]}}