{"id":12701,"date":"2023-02-10T20:40:21","date_gmt":"2023-02-10T16:40:21","guid":{"rendered":"https:\/\/hanoglubaklava.az\/?post_type=product&#038;p=12701"},"modified":"2023-02-17T13:32:09","modified_gmt":"2023-02-17T09:32:09","slug":"findiqli-baki-paxlavasi","status":"publish","type":"product","link":"https:\/\/hanoglubaklava.az\/?product=findiqli-baki-paxlavasi","title":{"rendered":"F\u0131nd\u0131ql\u0131 Bak\u0131 Paxlavas\u0131"},"content":{"rendered":"","protected":false},"excerpt":{"rendered":"<p><span style=\"color: #000000;\">F\u0131nd\u0131ql\u0131 Bak\u0131 paxlavas\u0131, f\u0131nd\u0131q l\u0259p\u0259si, paxlava unu, \u015f\u0259rb\u0259t v\u0259 k\u0259r\u0259 ya\u011f\u0131ndan\u00a0 haz\u0131rlan\u0131r.<\/span><\/p>\n<p><span style=\"color: #000000;\">\u0130nc\u0259 x\u0259mirin h\u0259r qat\u0131nda \u00f6z\u00fcn\u00fc b\u00fcruz\u0259 ver\u0259n bol f\u0131nd\u0131q l\u0259p\u0259si, \u015f\u0259rb\u0259tl\u0259 m\u00fck\u0259mm\u0259l bir tandem yarad\u0131r. Bu t\u0259am, ist\u0259r bayram s\u00fcfr\u0259nizd\u0259, ist\u0259rs\u0259 d\u0259 \u00f6z\u0259l g\u00fcnl\u0259rinizd\u0259 qonaqlar\u0131n\u0131za t\u0259qdim ed\u0259c\u0259yiniz \u015firniyyatlardan biridir.<\/span><\/p>\n","protected":false},"featured_media":12929,"comment_status":"open","ping_status":"closed","template":"","meta":{"_acf_changed":false,"om_disable_all_campaigns":false,"_monsterinsights_skip_tracking":false,"_monsterinsights_sitenote_active":false,"_monsterinsights_sitenote_note":"","_monsterinsights_sitenote_category":0},"product_cat":[47],"product_tag":[],"class_list":{"0":"post-12701","1":"product","2":"type-product","3":"status-publish","4":"has-post-thumbnail","6":"product_cat-paxlavalar","8":"first","9":"instock","10":"shipping-taxable","11":"product-type-simple"},"acf":[],"aioseo_notices":[],"_links":{"self":[{"href":"https:\/\/hanoglubaklava.az\/index.php?rest_route=\/wp\/v2\/product\/12701","targetHints":{"allow":["GET"]}}],"collection":[{"href":"https:\/\/hanoglubaklava.az\/index.php?rest_route=\/wp\/v2\/product"}],"about":[{"href":"https:\/\/hanoglubaklava.az\/index.php?rest_route=\/wp\/v2\/types\/product"}],"replies":[{"embeddable":true,"href":"https:\/\/hanoglubaklava.az\/index.php?rest_route=%2Fwp%2Fv2%2Fcomments&post=12701"}],"wp:featuredmedia":[{"embeddable":true,"href":"https:\/\/hanoglubaklava.az\/index.php?rest_route=\/wp\/v2\/media\/12929"}],"wp:attachment":[{"href":"https:\/\/hanoglubaklava.az\/index.php?rest_route=%2Fwp%2Fv2%2Fmedia&parent=12701"}],"wp:term":[{"taxonomy":"product_cat","embeddable":true,"href":"https:\/\/hanoglubaklava.az\/index.php?rest_route=%2Fwp%2Fv2%2Fproduct_cat&post=12701"},{"taxonomy":"product_tag","embeddable":true,"href":"https:\/\/hanoglubaklava.az\/index.php?rest_route=%2Fwp%2Fv2%2Fproduct_tag&post=12701"}],"curies":[{"name":"wp","href":"https:\/\/api.w.org\/{rel}","templated":true}]}}