{"id":12714,"date":"2023-02-11T10:58:09","date_gmt":"2023-02-11T06:58:09","guid":{"rendered":"https:\/\/hanoglubaklava.az\/?post_type=product&#038;p=12714"},"modified":"2023-02-13T12:54:27","modified_gmt":"2023-02-13T08:54:27","slug":"qozlu-bulbul-yuvasi","status":"publish","type":"product","link":"https:\/\/hanoglubaklava.az\/?product=qozlu-bulbul-yuvasi","title":{"rendered":"Qozlu B\u00fclb\u00fcl Yuvas\u0131"},"content":{"rendered":"","protected":false},"excerpt":{"rendered":"<p><span style=\"color: #000000;\">Qozlu b\u00fclb\u00fcl yuvas\u0131, qoz l\u0259p\u0259si, k\u0259r\u0259ya\u011f\u0131, paxlava unu v\u0259 \u015f\u0259rb\u0259td\u0259n istifad\u0259 edil\u0259r\u0259k haz\u0131rlan\u0131r.<\/span><br \/>\n<span style=\"color: #000000;\">\u0130nc\u0259 x\u0259mir qat\u0131na yans\u0131yan bol i\u00e7likli qoz l\u0259p\u0259sinin \u015f\u0259rb\u0259tl\u0259 v\u0259hd\u0259ti, i\u015fatahaa\u00e7an g\u00f6r\u00fcn\u00fc\u015f v\u0259 l\u0259ziz bir dad t\u0259qdim edir.<\/span><\/p>\n","protected":false},"featured_media":12620,"comment_status":"open","ping_status":"closed","template":"","meta":{"_acf_changed":false,"om_disable_all_campaigns":false,"_monsterinsights_skip_tracking":false,"_monsterinsights_sitenote_active":false,"_monsterinsights_sitenote_note":"","_monsterinsights_sitenote_category":0},"product_cat":[47],"product_tag":[],"class_list":{"0":"post-12714","1":"product","2":"type-product","3":"status-publish","4":"has-post-thumbnail","6":"product_cat-paxlavalar","8":"first","9":"instock","10":"shipping-taxable","11":"product-type-simple"},"acf":[],"aioseo_notices":[],"_links":{"self":[{"href":"https:\/\/hanoglubaklava.az\/index.php?rest_route=\/wp\/v2\/product\/12714","targetHints":{"allow":["GET"]}}],"collection":[{"href":"https:\/\/hanoglubaklava.az\/index.php?rest_route=\/wp\/v2\/product"}],"about":[{"href":"https:\/\/hanoglubaklava.az\/index.php?rest_route=\/wp\/v2\/types\/product"}],"replies":[{"embeddable":true,"href":"https:\/\/hanoglubaklava.az\/index.php?rest_route=%2Fwp%2Fv2%2Fcomments&post=12714"}],"wp:featuredmedia":[{"embeddable":true,"href":"https:\/\/hanoglubaklava.az\/index.php?rest_route=\/wp\/v2\/media\/12620"}],"wp:attachment":[{"href":"https:\/\/hanoglubaklava.az\/index.php?rest_route=%2Fwp%2Fv2%2Fmedia&parent=12714"}],"wp:term":[{"taxonomy":"product_cat","embeddable":true,"href":"https:\/\/hanoglubaklava.az\/index.php?rest_route=%2Fwp%2Fv2%2Fproduct_cat&post=12714"},{"taxonomy":"product_tag","embeddable":true,"href":"https:\/\/hanoglubaklava.az\/index.php?rest_route=%2Fwp%2Fv2%2Fproduct_tag&post=12714"}],"curies":[{"name":"wp","href":"https:\/\/api.w.org\/{rel}","templated":true}]}}