{"id":12715,"date":"2023-02-11T11:04:46","date_gmt":"2023-02-11T07:04:46","guid":{"rendered":"https:\/\/hanoglubaklava.az\/?post_type=product&#038;p=12715"},"modified":"2023-02-13T13:01:05","modified_gmt":"2023-02-13T09:01:05","slug":"fistiqli-bulbul-yuvasi","status":"publish","type":"product","link":"https:\/\/hanoglubaklava.az\/?product=fistiqli-bulbul-yuvasi","title":{"rendered":"F\u0131st\u0131ql\u0131 B\u00fclb\u00fcl Yuvas\u0131"},"content":{"rendered":"","protected":false},"excerpt":{"rendered":"<p><span style=\"color: #000000;\">F\u0131st\u0131ql\u0131 b\u00fclb\u00fcl yuvas\u0131, f\u0131st\u0131q l\u0259p\u0259si, k\u0259r\u0259ya\u011f\u0131, paxlava unu v\u0259 \u015f\u0259rb\u0259td\u0259n istifad\u0259 edil\u0259r\u0259k haz\u0131rlan\u0131r.<\/span><br \/>\n<span style=\"color: #000000;\">X\u0131r\u00e7\u0131lt\u0131l\u0131 x\u0259mirin, f\u0131st\u0131q l\u0259p\u0259si v\u0259 \u015f\u0259rb\u0259tl\u0259 uy\u011funlu\u011fundan g\u0259l\u0259n bu dad, i\u015ftahaa\u00e7\u0131c\u0131 g\u00f6r\u00fcnt\u00fcs\u00fc il\u0259 paxlava sev\u0259nl\u0259rin arzu etdiyi l\u0259zz\u0259tl\u0259rd\u0259n biridir.<\/span><\/p>\n","protected":false},"featured_media":12452,"comment_status":"open","ping_status":"closed","template":"","meta":{"_acf_changed":false,"om_disable_all_campaigns":false,"_monsterinsights_skip_tracking":false,"_monsterinsights_sitenote_active":false,"_monsterinsights_sitenote_note":"","_monsterinsights_sitenote_category":0},"product_cat":[47],"product_tag":[],"class_list":{"0":"post-12715","1":"product","2":"type-product","3":"status-publish","4":"has-post-thumbnail","6":"product_cat-paxlavalar","8":"first","9":"instock","10":"shipping-taxable","11":"product-type-simple"},"acf":[],"aioseo_notices":[],"_links":{"self":[{"href":"https:\/\/hanoglubaklava.az\/index.php?rest_route=\/wp\/v2\/product\/12715","targetHints":{"allow":["GET"]}}],"collection":[{"href":"https:\/\/hanoglubaklava.az\/index.php?rest_route=\/wp\/v2\/product"}],"about":[{"href":"https:\/\/hanoglubaklava.az\/index.php?rest_route=\/wp\/v2\/types\/product"}],"replies":[{"embeddable":true,"href":"https:\/\/hanoglubaklava.az\/index.php?rest_route=%2Fwp%2Fv2%2Fcomments&post=12715"}],"wp:featuredmedia":[{"embeddable":true,"href":"https:\/\/hanoglubaklava.az\/index.php?rest_route=\/wp\/v2\/media\/12452"}],"wp:attachment":[{"href":"https:\/\/hanoglubaklava.az\/index.php?rest_route=%2Fwp%2Fv2%2Fmedia&parent=12715"}],"wp:term":[{"taxonomy":"product_cat","embeddable":true,"href":"https:\/\/hanoglubaklava.az\/index.php?rest_route=%2Fwp%2Fv2%2Fproduct_cat&post=12715"},{"taxonomy":"product_tag","embeddable":true,"href":"https:\/\/hanoglubaklava.az\/index.php?rest_route=%2Fwp%2Fv2%2Fproduct_tag&post=12715"}],"curies":[{"name":"wp","href":"https:\/\/api.w.org\/{rel}","templated":true}]}}