{"id":12716,"date":"2023-02-11T11:09:07","date_gmt":"2023-02-11T07:09:07","guid":{"rendered":"https:\/\/hanoglubaklava.az\/?post_type=product&#038;p=12716"},"modified":"2023-02-13T13:11:21","modified_gmt":"2023-02-13T09:11:21","slug":"qozlu-dilber-dudagi","status":"publish","type":"product","link":"https:\/\/hanoglubaklava.az\/?product=qozlu-dilber-dudagi","title":{"rendered":"Qozlu Dilber Duda\u011f\u0131"},"content":{"rendered":"","protected":false},"excerpt":{"rendered":"<p><span style=\"color: #000000;\">Qozlu dilber duda\u011f\u0131, paxlava unu, qoz l\u0259p\u0259si, \u015f\u0259rb\u0259t v\u0259 k\u0259r\u0259ya\u011f\u0131 istifad\u0259 edil\u0259r\u0259k haz\u0131rlan\u0131r.<\/span><br \/>\n<span style=\"color: #000000;\">\u0130nc\u0259 x\u0259mirin, bol i\u00e7likli qoz l\u0259p\u0259si il\u0259 yaratd\u0131\u011f\u0131 i\u015ftahaa\u00e7an g\u00f6r\u00fcn\u00fc\u015f, siz\u0259 unudulmaz bir l\u0259zz\u0259t v\u0259d edir.<\/span><\/p>\n","protected":false},"featured_media":0,"comment_status":"open","ping_status":"closed","template":"","meta":{"_acf_changed":false,"om_disable_all_campaigns":false,"_monsterinsights_skip_tracking":false,"_monsterinsights_sitenote_active":false,"_monsterinsights_sitenote_note":"","_monsterinsights_sitenote_category":0},"product_cat":[47],"product_tag":[],"class_list":{"0":"post-12716","1":"product","2":"type-product","3":"status-publish","5":"product_cat-paxlavalar","7":"first","8":"instock","9":"shipping-taxable","10":"product-type-simple"},"acf":[],"aioseo_notices":[],"_links":{"self":[{"href":"https:\/\/hanoglubaklava.az\/index.php?rest_route=\/wp\/v2\/product\/12716","targetHints":{"allow":["GET"]}}],"collection":[{"href":"https:\/\/hanoglubaklava.az\/index.php?rest_route=\/wp\/v2\/product"}],"about":[{"href":"https:\/\/hanoglubaklava.az\/index.php?rest_route=\/wp\/v2\/types\/product"}],"replies":[{"embeddable":true,"href":"https:\/\/hanoglubaklava.az\/index.php?rest_route=%2Fwp%2Fv2%2Fcomments&post=12716"}],"wp:attachment":[{"href":"https:\/\/hanoglubaklava.az\/index.php?rest_route=%2Fwp%2Fv2%2Fmedia&parent=12716"}],"wp:term":[{"taxonomy":"product_cat","embeddable":true,"href":"https:\/\/hanoglubaklava.az\/index.php?rest_route=%2Fwp%2Fv2%2Fproduct_cat&post=12716"},{"taxonomy":"product_tag","embeddable":true,"href":"https:\/\/hanoglubaklava.az\/index.php?rest_route=%2Fwp%2Fv2%2Fproduct_tag&post=12716"}],"curies":[{"name":"wp","href":"https:\/\/api.w.org\/{rel}","templated":true}]}}