{"id":12717,"date":"2023-02-11T11:10:13","date_gmt":"2023-02-11T07:10:13","guid":{"rendered":"https:\/\/hanoglubaklava.az\/?post_type=product&#038;p=12717"},"modified":"2023-02-14T17:22:39","modified_gmt":"2023-02-14T13:22:39","slug":"qozlu-qaymaqli-midye-paxlava","status":"publish","type":"product","link":"https:\/\/hanoglubaklava.az\/?product=qozlu-qaymaqli-midye-paxlava","title":{"rendered":"Qozlu Qaymaql\u0131 Midye Paxlava"},"content":{"rendered":"","protected":false},"excerpt":{"rendered":"<p><span style=\"color: #000000;\">Qozlu qaymaql\u0131 midye paxlava, paxlava unu, qaymaq, k\u0259r\u0259ya\u011f\u0131, qoz l\u0259p\u0259si v\u0259 \u015f\u0259rb\u0259td\u0259n haz\u0131rlanm\u0131\u015fd\u0131r.<\/span><br \/>\n<span style=\"color: #000000;\">\u015e\u0131k g\u00f6r\u00fcn\u00fc\u015f\u00fc il\u0259 diqq\u0259t \u00e7\u0259k\u0259n, qoz l\u0259p\u0259si v\u0259 qayma\u011f\u0131n m\u00fck\u0259mm\u0259l l\u0259zz\u0259tind\u0259n ortaya \u00e7\u0131xan bu t\u0259am, paxlava sev\u0259nl\u0259rin arzu etdiyi \u00e7e\u015fidl\u0259rd\u0259n biridir.<\/span><\/p>\n","protected":false},"featured_media":12881,"comment_status":"open","ping_status":"closed","template":"","meta":{"_acf_changed":false,"om_disable_all_campaigns":false,"_monsterinsights_skip_tracking":false,"_monsterinsights_sitenote_active":false,"_monsterinsights_sitenote_note":"","_monsterinsights_sitenote_category":0},"product_cat":[47],"product_tag":[],"class_list":{"0":"post-12717","1":"product","2":"type-product","3":"status-publish","4":"has-post-thumbnail","6":"product_cat-paxlavalar","8":"first","9":"instock","10":"shipping-taxable","11":"product-type-simple"},"acf":[],"aioseo_notices":[],"_links":{"self":[{"href":"https:\/\/hanoglubaklava.az\/index.php?rest_route=\/wp\/v2\/product\/12717","targetHints":{"allow":["GET"]}}],"collection":[{"href":"https:\/\/hanoglubaklava.az\/index.php?rest_route=\/wp\/v2\/product"}],"about":[{"href":"https:\/\/hanoglubaklava.az\/index.php?rest_route=\/wp\/v2\/types\/product"}],"replies":[{"embeddable":true,"href":"https:\/\/hanoglubaklava.az\/index.php?rest_route=%2Fwp%2Fv2%2Fcomments&post=12717"}],"wp:featuredmedia":[{"embeddable":true,"href":"https:\/\/hanoglubaklava.az\/index.php?rest_route=\/wp\/v2\/media\/12881"}],"wp:attachment":[{"href":"https:\/\/hanoglubaklava.az\/index.php?rest_route=%2Fwp%2Fv2%2Fmedia&parent=12717"}],"wp:term":[{"taxonomy":"product_cat","embeddable":true,"href":"https:\/\/hanoglubaklava.az\/index.php?rest_route=%2Fwp%2Fv2%2Fproduct_cat&post=12717"},{"taxonomy":"product_tag","embeddable":true,"href":"https:\/\/hanoglubaklava.az\/index.php?rest_route=%2Fwp%2Fv2%2Fproduct_tag&post=12717"}],"curies":[{"name":"wp","href":"https:\/\/api.w.org\/{rel}","templated":true}]}}