{"id":12718,"date":"2023-02-11T11:12:46","date_gmt":"2023-02-11T07:12:46","guid":{"rendered":"https:\/\/hanoglubaklava.az\/?post_type=product&#038;p=12718"},"modified":"2023-02-14T17:24:40","modified_gmt":"2023-02-14T13:24:40","slug":"fistiqli-qaymaqli-midye-paxlava","status":"publish","type":"product","link":"https:\/\/hanoglubaklava.az\/?product=fistiqli-qaymaqli-midye-paxlava","title":{"rendered":"F\u0131st\u0131ql\u0131 Qaymaql\u0131 Midye Paxlava"},"content":{"rendered":"","protected":false},"excerpt":{"rendered":"<p><span style=\"color: #000000;\">F\u0131st\u0131ql\u0131 qaymaql\u0131 midye paxlava, f\u0131st\u0131q l\u0259p\u0259si, qaymaq, k\u0259r\u0259ya\u011f\u0131, paxlava unu v\u0259 \u015f\u0259rb\u0259t istifad\u0259 edil\u0259r\u0259k haz\u0131rlan\u0131r.<\/span><br \/>\n<span style=\"color: #000000;\">Qal\u0131n v\u0259 q\u0131zarm\u0131\u015f \u00fcz qab\u0131\u011f\u0131, i\u00e7\u0259risind\u0259ki qaymaq v\u0259 bol f\u0131st\u0131q l\u0259p\u0259sinin harmoniyas\u0131 il\u0259 m\u00fck\u0259mm\u0259l tandem yaradan bu l\u0259zz\u0259t, \u015firniyyat sev\u0259nl\u0259rin arzu etdiyi t\u0259amlardan biridir.<\/span><\/p>\n","protected":false},"featured_media":12883,"comment_status":"open","ping_status":"closed","template":"","meta":{"_acf_changed":false,"om_disable_all_campaigns":false,"_monsterinsights_skip_tracking":false,"_monsterinsights_sitenote_active":false,"_monsterinsights_sitenote_note":"","_monsterinsights_sitenote_category":0},"product_cat":[47],"product_tag":[],"class_list":{"0":"post-12718","1":"product","2":"type-product","3":"status-publish","4":"has-post-thumbnail","6":"product_cat-paxlavalar","8":"first","9":"instock","10":"shipping-taxable","11":"product-type-simple"},"acf":[],"aioseo_notices":[],"_links":{"self":[{"href":"https:\/\/hanoglubaklava.az\/index.php?rest_route=\/wp\/v2\/product\/12718","targetHints":{"allow":["GET"]}}],"collection":[{"href":"https:\/\/hanoglubaklava.az\/index.php?rest_route=\/wp\/v2\/product"}],"about":[{"href":"https:\/\/hanoglubaklava.az\/index.php?rest_route=\/wp\/v2\/types\/product"}],"replies":[{"embeddable":true,"href":"https:\/\/hanoglubaklava.az\/index.php?rest_route=%2Fwp%2Fv2%2Fcomments&post=12718"}],"wp:featuredmedia":[{"embeddable":true,"href":"https:\/\/hanoglubaklava.az\/index.php?rest_route=\/wp\/v2\/media\/12883"}],"wp:attachment":[{"href":"https:\/\/hanoglubaklava.az\/index.php?rest_route=%2Fwp%2Fv2%2Fmedia&parent=12718"}],"wp:term":[{"taxonomy":"product_cat","embeddable":true,"href":"https:\/\/hanoglubaklava.az\/index.php?rest_route=%2Fwp%2Fv2%2Fproduct_cat&post=12718"},{"taxonomy":"product_tag","embeddable":true,"href":"https:\/\/hanoglubaklava.az\/index.php?rest_route=%2Fwp%2Fv2%2Fproduct_tag&post=12718"}],"curies":[{"name":"wp","href":"https:\/\/api.w.org\/{rel}","templated":true}]}}