{"id":12719,"date":"2023-02-11T11:18:49","date_gmt":"2023-02-11T07:18:49","guid":{"rendered":"https:\/\/hanoglubaklava.az\/?post_type=product&#038;p=12719"},"modified":"2023-02-13T14:45:45","modified_gmt":"2023-02-13T10:45:45","slug":"fistiqli-qaymaqli-zebra-midye-paxlava","status":"publish","type":"product","link":"https:\/\/hanoglubaklava.az\/?product=fistiqli-qaymaqli-zebra-midye-paxlava","title":{"rendered":"F\u0131st\u0131ql\u0131 Qaymaql\u0131 Zebra Midye Paxlava"},"content":{"rendered":"","protected":false},"excerpt":{"rendered":"<p><span style=\"color: #000000;\">F\u0131st\u0131ql\u0131 qaymaql\u0131 mor midye, f\u0131st\u0131q l\u0259p\u0259si, qaymaq, b\u0259n\u00f6v\u015f\u0259yi r\u0259ngli meyv\u0259 v\u0259 t\u0259r\u0259v\u0259zl\u0259rd\u0259n \u0259ld\u0259 edil\u0259n x\u00fcsusi un, k\u0259r\u0259ya\u011f\u0131 v\u0259 \u015f\u0259rb\u0259t il\u0259 haz\u0131rlan\u0131r.<\/span><br \/>\n<span style=\"color: #000000;\">Diqq\u0259t \u00e7\u0259kici g\u00f6r\u00fcn\u00fc\u015f\u00fc il\u0259 uzun m\u00fcdd\u0259t xat\u0131rlayaca\u011f\u0131n\u0131z bu paxlavan\u0131n t\u0259rkibind\u0259 \u0259lav\u0259 he\u00e7 bir qatq\u0131 madd\u0259si yoxdur.<\/span><br \/>\n<span style=\"color: #000000;\">\u018fsas\u0259n, diyabet x\u0259st\u0259l\u0259ri v\u0259 qidalanma rejimin\u0259 x\u00fcsusi diqq\u0259t ed\u0259n \u015f\u0259xsl\u0259r \u00fc\u00e7\u00fcn n\u0259z\u0259rd\u0259 tutulmu\u015fdur.<\/span><\/p>\n","protected":false},"featured_media":0,"comment_status":"open","ping_status":"closed","template":"","meta":{"_acf_changed":false,"om_disable_all_campaigns":false,"_monsterinsights_skip_tracking":false,"_monsterinsights_sitenote_active":false,"_monsterinsights_sitenote_note":"","_monsterinsights_sitenote_category":0},"product_cat":[47],"product_tag":[],"class_list":{"0":"post-12719","1":"product","2":"type-product","3":"status-publish","5":"product_cat-paxlavalar","7":"first","8":"instock","9":"shipping-taxable","10":"product-type-simple"},"acf":[],"aioseo_notices":[],"_links":{"self":[{"href":"https:\/\/hanoglubaklava.az\/index.php?rest_route=\/wp\/v2\/product\/12719","targetHints":{"allow":["GET"]}}],"collection":[{"href":"https:\/\/hanoglubaklava.az\/index.php?rest_route=\/wp\/v2\/product"}],"about":[{"href":"https:\/\/hanoglubaklava.az\/index.php?rest_route=\/wp\/v2\/types\/product"}],"replies":[{"embeddable":true,"href":"https:\/\/hanoglubaklava.az\/index.php?rest_route=%2Fwp%2Fv2%2Fcomments&post=12719"}],"wp:attachment":[{"href":"https:\/\/hanoglubaklava.az\/index.php?rest_route=%2Fwp%2Fv2%2Fmedia&parent=12719"}],"wp:term":[{"taxonomy":"product_cat","embeddable":true,"href":"https:\/\/hanoglubaklava.az\/index.php?rest_route=%2Fwp%2Fv2%2Fproduct_cat&post=12719"},{"taxonomy":"product_tag","embeddable":true,"href":"https:\/\/hanoglubaklava.az\/index.php?rest_route=%2Fwp%2Fv2%2Fproduct_tag&post=12719"}],"curies":[{"name":"wp","href":"https:\/\/api.w.org\/{rel}","templated":true}]}}