{"id":12720,"date":"2023-02-11T11:29:35","date_gmt":"2023-02-11T07:29:35","guid":{"rendered":"https:\/\/hanoglubaklava.az\/?post_type=product&#038;p=12720"},"modified":"2023-02-13T14:46:19","modified_gmt":"2023-02-13T10:46:19","slug":"qozlu-dolma-paxlava","status":"publish","type":"product","link":"https:\/\/hanoglubaklava.az\/?product=qozlu-dolma-paxlava","title":{"rendered":"Qozlu Dolma Paxlava"},"content":{"rendered":"","protected":false},"excerpt":{"rendered":"<p><span style=\"color: #000000;\">Qozlu dolma paxlava, k\u0259r\u0259ya\u011f\u0131, paxlava unu, qoz l\u0259p\u0259si v\u0259 \u015f\u0259rb\u0259td\u0259n haz\u0131rlan\u0131r.<\/span><\/p>\n<p><span style=\"color: #000000;\">\u0130nc\u0259 a\u00e7\u0131lm\u0131\u015f, x\u0131r\u00e7\u0131lt\u0131l\u0131 x\u0259mir v\u0259 qoz l\u0259p\u0259si il\u0259 \u015f\u0259rb\u0259tin n\u0259fis l\u0259zz\u0259ti, sizi bu t\u0259ama heyran ed\u0259c\u0259k.<\/span><\/p>\n","protected":false},"featured_media":0,"comment_status":"open","ping_status":"closed","template":"","meta":{"_acf_changed":false,"om_disable_all_campaigns":false,"_monsterinsights_skip_tracking":false,"_monsterinsights_sitenote_active":false,"_monsterinsights_sitenote_note":"","_monsterinsights_sitenote_category":0},"product_cat":[47],"product_tag":[],"class_list":{"0":"post-12720","1":"product","2":"type-product","3":"status-publish","5":"product_cat-paxlavalar","7":"first","8":"instock","9":"shipping-taxable","10":"product-type-simple"},"acf":[],"aioseo_notices":[],"_links":{"self":[{"href":"https:\/\/hanoglubaklava.az\/index.php?rest_route=\/wp\/v2\/product\/12720","targetHints":{"allow":["GET"]}}],"collection":[{"href":"https:\/\/hanoglubaklava.az\/index.php?rest_route=\/wp\/v2\/product"}],"about":[{"href":"https:\/\/hanoglubaklava.az\/index.php?rest_route=\/wp\/v2\/types\/product"}],"replies":[{"embeddable":true,"href":"https:\/\/hanoglubaklava.az\/index.php?rest_route=%2Fwp%2Fv2%2Fcomments&post=12720"}],"wp:attachment":[{"href":"https:\/\/hanoglubaklava.az\/index.php?rest_route=%2Fwp%2Fv2%2Fmedia&parent=12720"}],"wp:term":[{"taxonomy":"product_cat","embeddable":true,"href":"https:\/\/hanoglubaklava.az\/index.php?rest_route=%2Fwp%2Fv2%2Fproduct_cat&post=12720"},{"taxonomy":"product_tag","embeddable":true,"href":"https:\/\/hanoglubaklava.az\/index.php?rest_route=%2Fwp%2Fv2%2Fproduct_tag&post=12720"}],"curies":[{"name":"wp","href":"https:\/\/api.w.org\/{rel}","templated":true}]}}