{"id":12721,"date":"2023-02-11T11:30:57","date_gmt":"2023-02-11T07:30:57","guid":{"rendered":"https:\/\/hanoglubaklava.az\/?post_type=product&#038;p=12721"},"modified":"2023-02-13T15:02:51","modified_gmt":"2023-02-13T11:02:51","slug":"fistiqli-dolma-paxlava","status":"publish","type":"product","link":"https:\/\/hanoglubaklava.az\/?product=fistiqli-dolma-paxlava","title":{"rendered":"F\u0131st\u0131ql\u0131 Dolma Paxlava"},"content":{"rendered":"","protected":false},"excerpt":{"rendered":"<p><span style=\"color: #000000;\">F\u0131st\u0131ql\u0131 dolma paxlavan\u0131n t\u0259rkibin\u0259 f\u0131st\u0131q l\u0259p\u0259si, k\u0259r\u0259ya\u011f\u0131, paxlava unu v\u0259 \u015f\u0259rb\u0259t daxildir.<\/span><\/p>\n<p><span style=\"color: #000000;\">\u0130nc\u0259, q\u0131zarm\u0131\u015f v\u0259 x\u0131r\u00e7\u0131lt\u0131l\u0131 x\u0259mir\u0259 qar\u0131\u015fan \u015f\u0259rb\u0259t v\u0259 f\u0131st\u0131q l\u0259p\u0259sinin ortaya \u00e7\u0131xard\u0131\u011f\u0131 tandem, sizl\u0259r\u0259 \u0259n \u00f6z\u0259l hal\u0131 il\u0259 t\u0259qdim edilir.<\/span><\/p>\n","protected":false},"featured_media":0,"comment_status":"open","ping_status":"closed","template":"","meta":{"_acf_changed":false,"om_disable_all_campaigns":false,"_monsterinsights_skip_tracking":false,"_monsterinsights_sitenote_active":false,"_monsterinsights_sitenote_note":"","_monsterinsights_sitenote_category":0},"product_cat":[47],"product_tag":[],"class_list":{"0":"post-12721","1":"product","2":"type-product","3":"status-publish","5":"product_cat-paxlavalar","7":"first","8":"instock","9":"shipping-taxable","10":"product-type-simple"},"acf":[],"aioseo_notices":[],"_links":{"self":[{"href":"https:\/\/hanoglubaklava.az\/index.php?rest_route=\/wp\/v2\/product\/12721","targetHints":{"allow":["GET"]}}],"collection":[{"href":"https:\/\/hanoglubaklava.az\/index.php?rest_route=\/wp\/v2\/product"}],"about":[{"href":"https:\/\/hanoglubaklava.az\/index.php?rest_route=\/wp\/v2\/types\/product"}],"replies":[{"embeddable":true,"href":"https:\/\/hanoglubaklava.az\/index.php?rest_route=%2Fwp%2Fv2%2Fcomments&post=12721"}],"wp:attachment":[{"href":"https:\/\/hanoglubaklava.az\/index.php?rest_route=%2Fwp%2Fv2%2Fmedia&parent=12721"}],"wp:term":[{"taxonomy":"product_cat","embeddable":true,"href":"https:\/\/hanoglubaklava.az\/index.php?rest_route=%2Fwp%2Fv2%2Fproduct_cat&post=12721"},{"taxonomy":"product_tag","embeddable":true,"href":"https:\/\/hanoglubaklava.az\/index.php?rest_route=%2Fwp%2Fv2%2Fproduct_tag&post=12721"}],"curies":[{"name":"wp","href":"https:\/\/api.w.org\/{rel}","templated":true}]}}