{"id":12722,"date":"2023-02-11T11:37:33","date_gmt":"2023-02-11T07:37:33","guid":{"rendered":"https:\/\/hanoglubaklava.az\/?post_type=product&#038;p=12722"},"modified":"2023-02-14T17:14:00","modified_gmt":"2023-02-14T13:14:00","slug":"qozlu-sobiyet-paxlava","status":"publish","type":"product","link":"https:\/\/hanoglubaklava.az\/?product=qozlu-sobiyet-paxlava","title":{"rendered":"Qozlu \u015e\u00f6biyet Paxlava"},"content":{"rendered":"","protected":false},"excerpt":{"rendered":"<p><span style=\"color: #000000;\">Qozlu \u015f\u00f6biyet, paxlava unu, qoz l\u0259p\u0259si, \u015f\u0259rb\u0259t v\u0259 k\u0259r\u0259ya\u011f\u0131 istifad\u0259 edil\u0259r\u0259k haz\u0131rlan\u0131b, \u015firniyyat sev\u0259nl\u0259r\u0259 t\u0259qdim edilir.<\/span><\/p>\n<p><span style=\"color: #000000;\">\u00d6z\u0259l g\u00fcnl\u0259rd\u0259, \u00e7ay saat\u0131nda v\u0259 ya sad\u0259c\u0259 \u015firniyyat ehtiyac\u0131n\u0131z\u0131 qar\u015f\u0131lamaq \u00fc\u00e7\u00fcn se\u00e7\u0259 bil\u0259c\u0259yiniz bu t\u0259am, qoz l\u0259p\u0259si v\u0259 \u015f\u0259rb\u0259tin l\u0259ziz harmoniyas\u0131 il\u0259 \u0259v\u0259zedilm\u0259z bir tandem b\u0259x\u015f edir.<\/span><\/p>\n","protected":false},"featured_media":12879,"comment_status":"open","ping_status":"closed","template":"","meta":{"_acf_changed":false,"om_disable_all_campaigns":false,"_monsterinsights_skip_tracking":false,"_monsterinsights_sitenote_active":false,"_monsterinsights_sitenote_note":"","_monsterinsights_sitenote_category":0},"product_cat":[47],"product_tag":[],"class_list":{"0":"post-12722","1":"product","2":"type-product","3":"status-publish","4":"has-post-thumbnail","6":"product_cat-paxlavalar","8":"first","9":"instock","10":"shipping-taxable","11":"product-type-simple"},"acf":[],"aioseo_notices":[],"_links":{"self":[{"href":"https:\/\/hanoglubaklava.az\/index.php?rest_route=\/wp\/v2\/product\/12722","targetHints":{"allow":["GET"]}}],"collection":[{"href":"https:\/\/hanoglubaklava.az\/index.php?rest_route=\/wp\/v2\/product"}],"about":[{"href":"https:\/\/hanoglubaklava.az\/index.php?rest_route=\/wp\/v2\/types\/product"}],"replies":[{"embeddable":true,"href":"https:\/\/hanoglubaklava.az\/index.php?rest_route=%2Fwp%2Fv2%2Fcomments&post=12722"}],"wp:featuredmedia":[{"embeddable":true,"href":"https:\/\/hanoglubaklava.az\/index.php?rest_route=\/wp\/v2\/media\/12879"}],"wp:attachment":[{"href":"https:\/\/hanoglubaklava.az\/index.php?rest_route=%2Fwp%2Fv2%2Fmedia&parent=12722"}],"wp:term":[{"taxonomy":"product_cat","embeddable":true,"href":"https:\/\/hanoglubaklava.az\/index.php?rest_route=%2Fwp%2Fv2%2Fproduct_cat&post=12722"},{"taxonomy":"product_tag","embeddable":true,"href":"https:\/\/hanoglubaklava.az\/index.php?rest_route=%2Fwp%2Fv2%2Fproduct_tag&post=12722"}],"curies":[{"name":"wp","href":"https:\/\/api.w.org\/{rel}","templated":true}]}}