{"id":12723,"date":"2023-02-11T11:39:22","date_gmt":"2023-02-11T07:39:22","guid":{"rendered":"https:\/\/hanoglubaklava.az\/?post_type=product&#038;p=12723"},"modified":"2023-02-14T17:16:06","modified_gmt":"2023-02-14T13:16:06","slug":"qaymaqli-sobiyet-paxlava","status":"publish","type":"product","link":"https:\/\/hanoglubaklava.az\/?product=qaymaqli-sobiyet-paxlava","title":{"rendered":"Qaymaql\u0131 \u015e\u00f6biyet Paxlava"},"content":{"rendered":"","protected":false},"excerpt":{"rendered":"<p><span style=\"color: #000000;\">Qaymaql\u0131 \u015f\u00f6biyet paxlava, paxlava unu, k\u0259r\u0259ya\u011f\u0131, qaymaq v\u0259 \u015f\u0259rb\u0259t il\u0259 haz\u0131rlan\u0131r.<\/span><\/p>\n<p><span style=\"color: #000000;\">X\u0131r\u00e7\u0131lt\u0131l\u0131 x\u0259mir v\u0259 qayma\u011f\u0131n n\u0259fis dad\u0131 il\u0259 birl\u0259\u015f\u0259r\u0259k m\u00fck\u0259mm\u0259l bir tandem yaradan bu t\u0259am, t\u0259rkibind\u0259 \u0259n \u00e7ox \u015f\u0259rb\u0259t olan qaymaql\u0131 paxlavad\u0131r.<\/span><\/p>\n","protected":false},"featured_media":12436,"comment_status":"open","ping_status":"closed","template":"","meta":{"_acf_changed":false,"om_disable_all_campaigns":false,"_monsterinsights_skip_tracking":false,"_monsterinsights_sitenote_active":false,"_monsterinsights_sitenote_note":"","_monsterinsights_sitenote_category":0},"product_cat":[47],"product_tag":[],"class_list":{"0":"post-12723","1":"product","2":"type-product","3":"status-publish","4":"has-post-thumbnail","6":"product_cat-paxlavalar","8":"first","9":"instock","10":"shipping-taxable","11":"product-type-simple"},"acf":[],"aioseo_notices":[],"_links":{"self":[{"href":"https:\/\/hanoglubaklava.az\/index.php?rest_route=\/wp\/v2\/product\/12723","targetHints":{"allow":["GET"]}}],"collection":[{"href":"https:\/\/hanoglubaklava.az\/index.php?rest_route=\/wp\/v2\/product"}],"about":[{"href":"https:\/\/hanoglubaklava.az\/index.php?rest_route=\/wp\/v2\/types\/product"}],"replies":[{"embeddable":true,"href":"https:\/\/hanoglubaklava.az\/index.php?rest_route=%2Fwp%2Fv2%2Fcomments&post=12723"}],"wp:featuredmedia":[{"embeddable":true,"href":"https:\/\/hanoglubaklava.az\/index.php?rest_route=\/wp\/v2\/media\/12436"}],"wp:attachment":[{"href":"https:\/\/hanoglubaklava.az\/index.php?rest_route=%2Fwp%2Fv2%2Fmedia&parent=12723"}],"wp:term":[{"taxonomy":"product_cat","embeddable":true,"href":"https:\/\/hanoglubaklava.az\/index.php?rest_route=%2Fwp%2Fv2%2Fproduct_cat&post=12723"},{"taxonomy":"product_tag","embeddable":true,"href":"https:\/\/hanoglubaklava.az\/index.php?rest_route=%2Fwp%2Fv2%2Fproduct_tag&post=12723"}],"curies":[{"name":"wp","href":"https:\/\/api.w.org\/{rel}","templated":true}]}}