{"id":12725,"date":"2023-02-11T11:40:57","date_gmt":"2023-02-11T07:40:57","guid":{"rendered":"https:\/\/hanoglubaklava.az\/?post_type=product&#038;p=12725"},"modified":"2023-02-13T14:53:38","modified_gmt":"2023-02-13T10:53:38","slug":"fistiqli-qaymaqli-sobiyet-paxlava","status":"publish","type":"product","link":"https:\/\/hanoglubaklava.az\/?product=fistiqli-qaymaqli-sobiyet-paxlava","title":{"rendered":"F\u0131st\u0131ql\u0131 Qaymaql\u0131 \u015e\u00f6biyet Paxlava"},"content":{"rendered":"","protected":false},"excerpt":{"rendered":"<p><span style=\"color: #000000;\">F\u0131st\u0131ql\u0131 qaymaql\u0131 \u015f\u00f6biyet paxlava, paxlava unu, qaymaq, k\u0259r\u0259ya\u011f\u0131, f\u0131st\u0131q l\u0259p\u0259si v\u0259 \u015f\u0259rb\u0259td\u0259n haz\u0131rlanm\u0131\u015ft\u0131r.<\/span><\/p>\n<p><span style=\"color: #000000;\">\u0130\u00e7\u0259risind\u0259 gizli bir x\u0259zin\u0259 kimi saxlad\u0131\u011f\u0131 qayma\u011f\u0131n, \u015f\u0259rb\u0259t v\u0259 f\u0131st\u0131qla harmoniyas\u0131ndan ortaya \u00e7\u0131xan l\u0259zz\u0259t, paxlava sev\u0259nl\u0259rin k\u00f6nl\u00fcnc\u0259dir.<\/span><\/p>\n","protected":false},"featured_media":12449,"comment_status":"open","ping_status":"closed","template":"","meta":{"_acf_changed":false,"om_disable_all_campaigns":false,"_monsterinsights_skip_tracking":false,"_monsterinsights_sitenote_active":false,"_monsterinsights_sitenote_note":"","_monsterinsights_sitenote_category":0},"product_cat":[47],"product_tag":[],"class_list":{"0":"post-12725","1":"product","2":"type-product","3":"status-publish","4":"has-post-thumbnail","6":"product_cat-paxlavalar","8":"first","9":"instock","10":"shipping-taxable","11":"product-type-simple"},"acf":[],"aioseo_notices":[],"_links":{"self":[{"href":"https:\/\/hanoglubaklava.az\/index.php?rest_route=\/wp\/v2\/product\/12725","targetHints":{"allow":["GET"]}}],"collection":[{"href":"https:\/\/hanoglubaklava.az\/index.php?rest_route=\/wp\/v2\/product"}],"about":[{"href":"https:\/\/hanoglubaklava.az\/index.php?rest_route=\/wp\/v2\/types\/product"}],"replies":[{"embeddable":true,"href":"https:\/\/hanoglubaklava.az\/index.php?rest_route=%2Fwp%2Fv2%2Fcomments&post=12725"}],"wp:featuredmedia":[{"embeddable":true,"href":"https:\/\/hanoglubaklava.az\/index.php?rest_route=\/wp\/v2\/media\/12449"}],"wp:attachment":[{"href":"https:\/\/hanoglubaklava.az\/index.php?rest_route=%2Fwp%2Fv2%2Fmedia&parent=12725"}],"wp:term":[{"taxonomy":"product_cat","embeddable":true,"href":"https:\/\/hanoglubaklava.az\/index.php?rest_route=%2Fwp%2Fv2%2Fproduct_cat&post=12725"},{"taxonomy":"product_tag","embeddable":true,"href":"https:\/\/hanoglubaklava.az\/index.php?rest_route=%2Fwp%2Fv2%2Fproduct_tag&post=12725"}],"curies":[{"name":"wp","href":"https:\/\/api.w.org\/{rel}","templated":true}]}}