{"id":12726,"date":"2023-02-11T11:43:14","date_gmt":"2023-02-11T07:43:14","guid":{"rendered":"https:\/\/hanoglubaklava.az\/?post_type=product&#038;p=12726"},"modified":"2023-02-13T14:55:54","modified_gmt":"2023-02-13T10:55:54","slug":"fistiqli-kuru-kare-paxlava","status":"publish","type":"product","link":"https:\/\/hanoglubaklava.az\/?product=fistiqli-kuru-kare-paxlava","title":{"rendered":"F\u0131st\u0131ql\u0131 Kuru Kare Paxlava"},"content":{"rendered":"","protected":false},"excerpt":{"rendered":"<p><span style=\"color: #000000;\">F\u0131st\u0131ql\u0131 kuru kare paxlavan\u0131n t\u0259rkibin\u0259 f\u0131st\u0131q l\u0259p\u0259si, k\u0259r\u0259ya\u011f\u0131, paxlava unu v\u0259 \u015f\u0259rb\u0259t daxildir.<\/span><\/p>\n<p><span style=\"color: #000000;\">Dig\u0259r paxlava \u00e7e\u015fidl\u0259rin\u0259 n\u0259z\u0259r\u0259n \u015f\u0259rb\u0259ti az oldu\u011fundan, bu t\u0259am daha y\u00fcng\u00fcl \u015firniyyat sev\u0259nl\u0259r \u00fc\u00e7\u00fcn n\u0259z\u0259rd\u0259 tutulmu\u015fdur.<\/span><\/p>\n","protected":false},"featured_media":12618,"comment_status":"open","ping_status":"closed","template":"","meta":{"_acf_changed":false,"om_disable_all_campaigns":false,"_monsterinsights_skip_tracking":false,"_monsterinsights_sitenote_active":false,"_monsterinsights_sitenote_note":"","_monsterinsights_sitenote_category":0},"product_cat":[47],"product_tag":[],"class_list":{"0":"post-12726","1":"product","2":"type-product","3":"status-publish","4":"has-post-thumbnail","6":"product_cat-paxlavalar","8":"first","9":"instock","10":"shipping-taxable","11":"product-type-simple"},"acf":[],"aioseo_notices":[],"_links":{"self":[{"href":"https:\/\/hanoglubaklava.az\/index.php?rest_route=\/wp\/v2\/product\/12726","targetHints":{"allow":["GET"]}}],"collection":[{"href":"https:\/\/hanoglubaklava.az\/index.php?rest_route=\/wp\/v2\/product"}],"about":[{"href":"https:\/\/hanoglubaklava.az\/index.php?rest_route=\/wp\/v2\/types\/product"}],"replies":[{"embeddable":true,"href":"https:\/\/hanoglubaklava.az\/index.php?rest_route=%2Fwp%2Fv2%2Fcomments&post=12726"}],"wp:featuredmedia":[{"embeddable":true,"href":"https:\/\/hanoglubaklava.az\/index.php?rest_route=\/wp\/v2\/media\/12618"}],"wp:attachment":[{"href":"https:\/\/hanoglubaklava.az\/index.php?rest_route=%2Fwp%2Fv2%2Fmedia&parent=12726"}],"wp:term":[{"taxonomy":"product_cat","embeddable":true,"href":"https:\/\/hanoglubaklava.az\/index.php?rest_route=%2Fwp%2Fv2%2Fproduct_cat&post=12726"},{"taxonomy":"product_tag","embeddable":true,"href":"https:\/\/hanoglubaklava.az\/index.php?rest_route=%2Fwp%2Fv2%2Fproduct_tag&post=12726"}],"curies":[{"name":"wp","href":"https:\/\/api.w.org\/{rel}","templated":true}]}}