{"id":12727,"date":"2023-02-11T11:43:54","date_gmt":"2023-02-11T07:43:54","guid":{"rendered":"https:\/\/hanoglubaklava.az\/?post_type=product&#038;p=12727"},"modified":"2023-02-13T14:52:27","modified_gmt":"2023-02-13T10:52:27","slug":"qozlu-havuc-dilimi","status":"publish","type":"product","link":"https:\/\/hanoglubaklava.az\/?product=qozlu-havuc-dilimi","title":{"rendered":"Qozlu Havu\u00e7 Dilimi"},"content":{"rendered":"","protected":false},"excerpt":{"rendered":"<p>Qozlu havu\u00e7 dilimi, k\u0259r\u0259ya\u011f\u0131, qoz l\u0259p\u0259si, paxlava unu v\u0259 \u015f\u0259rb\u0259td\u0259n haz\u0131rlanm\u0131\u015fd\u0131r.<\/p>\n<p>Ad\u0131n\u0131 \u00f6z g\u00f6r\u00fcn\u00fc\u015f\u00fcn\u0259 yans\u0131dan bu t\u0259am, \u00f6l\u00e7\u00fcs\u00fcn\u0259 g\u00f6r\u0259 dig\u0259r paxlavalardan f\u0259rql\u0259nm\u0259si il\u0259 yana\u015f\u0131, \u015f\u0259rb\u0259t, x\u0131r\u00e7\u0131lt\u0131l\u0131 x\u0259mir v\u0259 qoz l\u0259p\u0259sinin yaratd\u0131\u011f\u0131 l\u0259ziz dad il\u0259 d\u0259 se\u00e7ilir.<\/p>\n","protected":false},"featured_media":0,"comment_status":"open","ping_status":"closed","template":"","meta":{"_acf_changed":false,"om_disable_all_campaigns":false,"_monsterinsights_skip_tracking":false,"_monsterinsights_sitenote_active":false,"_monsterinsights_sitenote_note":"","_monsterinsights_sitenote_category":0},"product_cat":[47],"product_tag":[],"class_list":{"0":"post-12727","1":"product","2":"type-product","3":"status-publish","5":"product_cat-paxlavalar","7":"first","8":"instock","9":"shipping-taxable","10":"product-type-simple"},"acf":[],"aioseo_notices":[],"_links":{"self":[{"href":"https:\/\/hanoglubaklava.az\/index.php?rest_route=\/wp\/v2\/product\/12727","targetHints":{"allow":["GET"]}}],"collection":[{"href":"https:\/\/hanoglubaklava.az\/index.php?rest_route=\/wp\/v2\/product"}],"about":[{"href":"https:\/\/hanoglubaklava.az\/index.php?rest_route=\/wp\/v2\/types\/product"}],"replies":[{"embeddable":true,"href":"https:\/\/hanoglubaklava.az\/index.php?rest_route=%2Fwp%2Fv2%2Fcomments&post=12727"}],"wp:attachment":[{"href":"https:\/\/hanoglubaklava.az\/index.php?rest_route=%2Fwp%2Fv2%2Fmedia&parent=12727"}],"wp:term":[{"taxonomy":"product_cat","embeddable":true,"href":"https:\/\/hanoglubaklava.az\/index.php?rest_route=%2Fwp%2Fv2%2Fproduct_cat&post=12727"},{"taxonomy":"product_tag","embeddable":true,"href":"https:\/\/hanoglubaklava.az\/index.php?rest_route=%2Fwp%2Fv2%2Fproduct_tag&post=12727"}],"curies":[{"name":"wp","href":"https:\/\/api.w.org\/{rel}","templated":true}]}}