{"id":12728,"date":"2023-02-11T11:45:43","date_gmt":"2023-02-11T07:45:43","guid":{"rendered":"https:\/\/hanoglubaklava.az\/?post_type=product&#038;p=12728"},"modified":"2023-02-14T17:35:51","modified_gmt":"2023-02-14T13:35:51","slug":"fistiqli-havuc-dilimi","status":"publish","type":"product","link":"https:\/\/hanoglubaklava.az\/?product=fistiqli-havuc-dilimi","title":{"rendered":"F\u0131st\u0131ql\u0131 Havu\u00e7 Dilimi"},"content":{"rendered":"<p><span style=\"color: #000000;\">F\u0131st\u0131ql\u0131 havu\u00e7 dilimi, paxlava unu, k\u0259r\u0259ya\u011f\u0131, f\u0131st\u0131q l\u0259p\u0259si v\u0259 \u015f\u0259rb\u0259td\u0259n istifad\u0259 edil\u0259r\u0259k haz\u0131rlanm\u0131\u015fd\u0131r.<\/span><\/p>\n<p><span style=\"color: #000000;\">Ad\u0131n\u0131 \u00f6z g\u00f6r\u00fcn\u00fc\u015f\u00fcnd\u0259 da\u015f\u0131yan, x\u0131r\u00e7\u0131lt\u0131l\u0131 x\u0259miri v\u0259 bol f\u0131st\u0131\u011f\u0131 il\u0259 sevil\u0259n bu t\u0259am\u0131n, \u00f6l\u00e7\u00fcs\u00fc dig\u0259r paxlavalara nisb\u0259t\u0259n daha b\u00f6y\u00fck oldu\u011fu \u00fc\u00e7\u00fcn siz\u0259 sonsuz l\u0259zz\u0259t b\u0259x\u015f edir.<\/span><\/p>\n","protected":false},"excerpt":{"rendered":"<p>F\u0131st\u0131ql\u0131 havu\u00e7 dilimi, paxlava unu, k\u0259r\u0259ya\u011f\u0131, f\u0131st\u0131q l\u0259p\u0259si v\u0259 \u015f\u0259rb\u0259td\u0259n istifad\u0259 edil\u0259r\u0259k haz\u0131rlanm\u0131\u015fd\u0131r. Ad\u0131n\u0131 \u00f6z g\u00f6r\u00fcn\u00fc\u015f\u00fcnd\u0259 da\u015f\u0131yan, x\u0131r\u00e7\u0131lt\u0131l\u0131 x\u0259miri v\u0259 bol f\u0131st\u0131\u011f\u0131 il\u0259 sevil\u0259n bu t\u0259am\u0131n, \u00f6l\u00e7\u00fcs\u00fc dig\u0259r paxlavalara nisb\u0259t\u0259n daha b\u00f6y\u00fck oldu\u011fu \u00fc\u00e7\u00fcn siz\u0259 sonsuz l\u0259zz\u0259t b\u0259x\u015f edir.<\/p>\n","protected":false},"featured_media":12889,"comment_status":"open","ping_status":"closed","template":"","meta":{"_acf_changed":false,"om_disable_all_campaigns":false,"_monsterinsights_skip_tracking":false,"_monsterinsights_sitenote_active":false,"_monsterinsights_sitenote_note":"","_monsterinsights_sitenote_category":0},"product_cat":[47],"product_tag":[],"class_list":{"0":"post-12728","1":"product","2":"type-product","3":"status-publish","4":"has-post-thumbnail","6":"product_cat-paxlavalar","8":"first","9":"instock","10":"shipping-taxable","11":"product-type-simple"},"acf":[],"aioseo_notices":[],"_links":{"self":[{"href":"https:\/\/hanoglubaklava.az\/index.php?rest_route=\/wp\/v2\/product\/12728","targetHints":{"allow":["GET"]}}],"collection":[{"href":"https:\/\/hanoglubaklava.az\/index.php?rest_route=\/wp\/v2\/product"}],"about":[{"href":"https:\/\/hanoglubaklava.az\/index.php?rest_route=\/wp\/v2\/types\/product"}],"replies":[{"embeddable":true,"href":"https:\/\/hanoglubaklava.az\/index.php?rest_route=%2Fwp%2Fv2%2Fcomments&post=12728"}],"wp:featuredmedia":[{"embeddable":true,"href":"https:\/\/hanoglubaklava.az\/index.php?rest_route=\/wp\/v2\/media\/12889"}],"wp:attachment":[{"href":"https:\/\/hanoglubaklava.az\/index.php?rest_route=%2Fwp%2Fv2%2Fmedia&parent=12728"}],"wp:term":[{"taxonomy":"product_cat","embeddable":true,"href":"https:\/\/hanoglubaklava.az\/index.php?rest_route=%2Fwp%2Fv2%2Fproduct_cat&post=12728"},{"taxonomy":"product_tag","embeddable":true,"href":"https:\/\/hanoglubaklava.az\/index.php?rest_route=%2Fwp%2Fv2%2Fproduct_tag&post=12728"}],"curies":[{"name":"wp","href":"https:\/\/api.w.org\/{rel}","templated":true}]}}