{"id":12729,"date":"2023-02-11T11:46:22","date_gmt":"2023-02-11T07:46:22","guid":{"rendered":"https:\/\/hanoglubaklava.az\/?post_type=product&#038;p=12729"},"modified":"2023-02-14T17:30:46","modified_gmt":"2023-02-14T13:30:46","slug":"klassik-qozlu-sokoladli-kare-paxlava","status":"publish","type":"product","link":"https:\/\/hanoglubaklava.az\/?product=klassik-qozlu-sokoladli-kare-paxlava","title":{"rendered":"Klassik Qozlu \u015eokoladl\u0131 Kare Paxlava"},"content":{"rendered":"","protected":false},"excerpt":{"rendered":"<p>Klassik qozlu \u015fokoladl\u0131 kare paxlava, qoz l\u0259p\u0259si, \u015fokolad, k\u0259r\u0259ya\u011f\u0131, paxlava unu v\u0259 \u015f\u0259rb\u0259td\u0259n haz\u0131rlan\u0131r.<\/p>\n<p>\u015eokolad\u0131n qoz l\u0259p\u0259si il\u0259 ah\u0259ngi unudulmayacaq bir dad ehtiva edir ki, bu da h\u0259m paxlava, h\u0259m \u015fokolad sev\u0259nl\u0259r \u00fc\u00e7\u00fcn ideal l\u0259zz\u0259tdir.<\/p>\n","protected":false},"featured_media":12887,"comment_status":"open","ping_status":"closed","template":"","meta":{"_acf_changed":false,"om_disable_all_campaigns":false,"_monsterinsights_skip_tracking":false,"_monsterinsights_sitenote_active":false,"_monsterinsights_sitenote_note":"","_monsterinsights_sitenote_category":0},"product_cat":[47],"product_tag":[],"class_list":{"0":"post-12729","1":"product","2":"type-product","3":"status-publish","4":"has-post-thumbnail","6":"product_cat-paxlavalar","8":"first","9":"instock","10":"shipping-taxable","11":"product-type-simple"},"acf":[],"aioseo_notices":[],"_links":{"self":[{"href":"https:\/\/hanoglubaklava.az\/index.php?rest_route=\/wp\/v2\/product\/12729","targetHints":{"allow":["GET"]}}],"collection":[{"href":"https:\/\/hanoglubaklava.az\/index.php?rest_route=\/wp\/v2\/product"}],"about":[{"href":"https:\/\/hanoglubaklava.az\/index.php?rest_route=\/wp\/v2\/types\/product"}],"replies":[{"embeddable":true,"href":"https:\/\/hanoglubaklava.az\/index.php?rest_route=%2Fwp%2Fv2%2Fcomments&post=12729"}],"wp:featuredmedia":[{"embeddable":true,"href":"https:\/\/hanoglubaklava.az\/index.php?rest_route=\/wp\/v2\/media\/12887"}],"wp:attachment":[{"href":"https:\/\/hanoglubaklava.az\/index.php?rest_route=%2Fwp%2Fv2%2Fmedia&parent=12729"}],"wp:term":[{"taxonomy":"product_cat","embeddable":true,"href":"https:\/\/hanoglubaklava.az\/index.php?rest_route=%2Fwp%2Fv2%2Fproduct_cat&post=12729"},{"taxonomy":"product_tag","embeddable":true,"href":"https:\/\/hanoglubaklava.az\/index.php?rest_route=%2Fwp%2Fv2%2Fproduct_tag&post=12729"}],"curies":[{"name":"wp","href":"https:\/\/api.w.org\/{rel}","templated":true}]}}