{"id":12730,"date":"2023-02-11T11:47:38","date_gmt":"2023-02-11T07:47:38","guid":{"rendered":"https:\/\/hanoglubaklava.az\/?post_type=product&#038;p=12730"},"modified":"2023-02-13T16:07:33","modified_gmt":"2023-02-13T12:07:33","slug":"klassik-qozlu-kare-paxlava","status":"publish","type":"product","link":"https:\/\/hanoglubaklava.az\/?product=klassik-qozlu-kare-paxlava","title":{"rendered":"Klassik Qozlu Kare Paxlava"},"content":{"rendered":"","protected":false},"excerpt":{"rendered":"<p><span style=\"color: #000000;\">Klassik qozlu kare paxlava, k\u0259r\u0259ya\u011f\u0131, paxlava unu, qoz l\u0259p\u0259si v\u0259 \u015f\u0259rb\u0259t il\u0259 haz\u0131rlan\u0131r.<\/span><\/p>\n<p><span style=\"color: #000000;\">\u00c7\u0131t\u0131r-\u00e7\u0131t\u0131r, a\u011f\u0131zda da\u011f\u0131lan inc\u0259 x\u0259mir qatlar\u0131 \u015f\u0259rb\u0259tl\u0259 b\u00fct\u00fcnl\u0259\u015f\u0259r\u0259k, axtard\u0131\u011f\u0131n\u0131z l\u0259zz\u0259ti \u0259n b\u0259nz\u0259rsiz v\u0259 \u0259n l\u0259ziz hal\u0131 il\u0259 sizl\u0259r\u0259 t\u0259qdim edir.<\/span><\/p>\n","protected":false},"featured_media":12613,"comment_status":"open","ping_status":"closed","template":"","meta":{"_acf_changed":false,"om_disable_all_campaigns":false,"_monsterinsights_skip_tracking":false,"_monsterinsights_sitenote_active":false,"_monsterinsights_sitenote_note":"","_monsterinsights_sitenote_category":0},"product_cat":[47],"product_tag":[],"class_list":{"0":"post-12730","1":"product","2":"type-product","3":"status-publish","4":"has-post-thumbnail","6":"product_cat-paxlavalar","8":"first","9":"instock","10":"shipping-taxable","11":"product-type-simple"},"acf":[],"aioseo_notices":[],"_links":{"self":[{"href":"https:\/\/hanoglubaklava.az\/index.php?rest_route=\/wp\/v2\/product\/12730","targetHints":{"allow":["GET"]}}],"collection":[{"href":"https:\/\/hanoglubaklava.az\/index.php?rest_route=\/wp\/v2\/product"}],"about":[{"href":"https:\/\/hanoglubaklava.az\/index.php?rest_route=\/wp\/v2\/types\/product"}],"replies":[{"embeddable":true,"href":"https:\/\/hanoglubaklava.az\/index.php?rest_route=%2Fwp%2Fv2%2Fcomments&post=12730"}],"wp:featuredmedia":[{"embeddable":true,"href":"https:\/\/hanoglubaklava.az\/index.php?rest_route=\/wp\/v2\/media\/12613"}],"wp:attachment":[{"href":"https:\/\/hanoglubaklava.az\/index.php?rest_route=%2Fwp%2Fv2%2Fmedia&parent=12730"}],"wp:term":[{"taxonomy":"product_cat","embeddable":true,"href":"https:\/\/hanoglubaklava.az\/index.php?rest_route=%2Fwp%2Fv2%2Fproduct_cat&post=12730"},{"taxonomy":"product_tag","embeddable":true,"href":"https:\/\/hanoglubaklava.az\/index.php?rest_route=%2Fwp%2Fv2%2Fproduct_tag&post=12730"}],"curies":[{"name":"wp","href":"https:\/\/api.w.org\/{rel}","templated":true}]}}