{"id":12731,"date":"2023-02-11T11:48:18","date_gmt":"2023-02-11T07:48:18","guid":{"rendered":"https:\/\/hanoglubaklava.az\/?post_type=product&#038;p=12731"},"modified":"2023-02-14T17:45:59","modified_gmt":"2023-02-14T13:45:59","slug":"klassik-fistiqli-paxlava","status":"publish","type":"product","link":"https:\/\/hanoglubaklava.az\/?product=klassik-fistiqli-paxlava","title":{"rendered":"Klassik F\u0131st\u0131ql\u0131 Paxlava"},"content":{"rendered":"","protected":false},"excerpt":{"rendered":"<p><span style=\"color: #000000;\">Klassik f\u0131st\u0131ql\u0131 paxlava, f\u0131st\u0131q l\u0259p\u0259si, k\u0259r\u0259ya\u011f\u0131, paxlava unu v\u0259 \u015f\u0259rb\u0259td\u0259n haz\u0131rlanm\u0131\u015ft\u0131r.<\/span><\/p>\n<p><span style=\"color: #000000;\">\u015eirniyyat sev\u0259nl\u0259rin q\u0259lbind\u0259 x\u00fcsusi bir yeri olan f\u0131st\u0131ql\u0131 paxlava, ustalar\u0131m\u0131z\u0131n ill\u0259rdir pe\u015f\u0259karla\u015fm\u0131\u015f t\u0259cr\u00fcb\u0259si il\u0259 sizl\u0259r\u0259 t\u0259qdim edilir.<\/span><\/p>\n","protected":false},"featured_media":12888,"comment_status":"open","ping_status":"closed","template":"","meta":{"_acf_changed":false,"om_disable_all_campaigns":false,"_monsterinsights_skip_tracking":false,"_monsterinsights_sitenote_active":false,"_monsterinsights_sitenote_note":"","_monsterinsights_sitenote_category":0},"product_cat":[47],"product_tag":[],"class_list":{"0":"post-12731","1":"product","2":"type-product","3":"status-publish","4":"has-post-thumbnail","6":"product_cat-paxlavalar","8":"first","9":"instock","10":"shipping-taxable","11":"product-type-simple"},"acf":[],"aioseo_notices":[],"_links":{"self":[{"href":"https:\/\/hanoglubaklava.az\/index.php?rest_route=\/wp\/v2\/product\/12731","targetHints":{"allow":["GET"]}}],"collection":[{"href":"https:\/\/hanoglubaklava.az\/index.php?rest_route=\/wp\/v2\/product"}],"about":[{"href":"https:\/\/hanoglubaklava.az\/index.php?rest_route=\/wp\/v2\/types\/product"}],"replies":[{"embeddable":true,"href":"https:\/\/hanoglubaklava.az\/index.php?rest_route=%2Fwp%2Fv2%2Fcomments&post=12731"}],"wp:featuredmedia":[{"embeddable":true,"href":"https:\/\/hanoglubaklava.az\/index.php?rest_route=\/wp\/v2\/media\/12888"}],"wp:attachment":[{"href":"https:\/\/hanoglubaklava.az\/index.php?rest_route=%2Fwp%2Fv2%2Fmedia&parent=12731"}],"wp:term":[{"taxonomy":"product_cat","embeddable":true,"href":"https:\/\/hanoglubaklava.az\/index.php?rest_route=%2Fwp%2Fv2%2Fproduct_cat&post=12731"},{"taxonomy":"product_tag","embeddable":true,"href":"https:\/\/hanoglubaklava.az\/index.php?rest_route=%2Fwp%2Fv2%2Fproduct_tag&post=12731"}],"curies":[{"name":"wp","href":"https:\/\/api.w.org\/{rel}","templated":true}]}}