{"id":12732,"date":"2023-02-11T11:49:07","date_gmt":"2023-02-11T07:49:07","guid":{"rendered":"https:\/\/hanoglubaklava.az\/?post_type=product&#038;p=12732"},"modified":"2023-02-14T17:45:06","modified_gmt":"2023-02-14T13:45:06","slug":"fistiqli-oz%c9%99l-kare-paxlava","status":"publish","type":"product","link":"https:\/\/hanoglubaklava.az\/?product=fistiqli-oz%c9%99l-kare-paxlava","title":{"rendered":"F\u0131st\u0131ql\u0131 \u00d6z\u0259l Kare Paxlava"},"content":{"rendered":"","protected":false},"excerpt":{"rendered":"<p><span style=\"color: #000000;\">F\u0131st\u0131ql\u0131 \u00f6z\u0259l kare paxlava, paxlava unu, k\u0259r\u0259ya\u011f\u0131, f\u0131st\u0131q l\u0259p\u0259si v\u0259 \u015f\u0259rb\u0259td\u0259n istifad\u0259 edil\u0259r\u0259k haz\u0131rlan\u0131r.<\/span><\/p>\n<p><span style=\"color: #000000;\">Bu t\u0259am, inc\u0259 qatlardan ibar\u0259t olan x\u0131r\u00e7\u0131lt\u0131l\u0131 x\u0259miri v\u0259 bol f\u0131st\u0131ql\u0131 i\u00e7liyi il\u0259 siz\u0259 unudulmaz bir t\u0259cr\u00fcb\u0259 t\u0259qdim edir.<\/span><\/p>\n","protected":false},"featured_media":12890,"comment_status":"open","ping_status":"closed","template":"","meta":{"_acf_changed":false,"om_disable_all_campaigns":false,"_monsterinsights_skip_tracking":false,"_monsterinsights_sitenote_active":false,"_monsterinsights_sitenote_note":"","_monsterinsights_sitenote_category":0},"product_cat":[47],"product_tag":[],"class_list":{"0":"post-12732","1":"product","2":"type-product","3":"status-publish","4":"has-post-thumbnail","6":"product_cat-paxlavalar","8":"first","9":"instock","10":"shipping-taxable","11":"product-type-simple"},"acf":[],"aioseo_notices":[],"_links":{"self":[{"href":"https:\/\/hanoglubaklava.az\/index.php?rest_route=\/wp\/v2\/product\/12732","targetHints":{"allow":["GET"]}}],"collection":[{"href":"https:\/\/hanoglubaklava.az\/index.php?rest_route=\/wp\/v2\/product"}],"about":[{"href":"https:\/\/hanoglubaklava.az\/index.php?rest_route=\/wp\/v2\/types\/product"}],"replies":[{"embeddable":true,"href":"https:\/\/hanoglubaklava.az\/index.php?rest_route=%2Fwp%2Fv2%2Fcomments&post=12732"}],"wp:featuredmedia":[{"embeddable":true,"href":"https:\/\/hanoglubaklava.az\/index.php?rest_route=\/wp\/v2\/media\/12890"}],"wp:attachment":[{"href":"https:\/\/hanoglubaklava.az\/index.php?rest_route=%2Fwp%2Fv2%2Fmedia&parent=12732"}],"wp:term":[{"taxonomy":"product_cat","embeddable":true,"href":"https:\/\/hanoglubaklava.az\/index.php?rest_route=%2Fwp%2Fv2%2Fproduct_cat&post=12732"},{"taxonomy":"product_tag","embeddable":true,"href":"https:\/\/hanoglubaklava.az\/index.php?rest_route=%2Fwp%2Fv2%2Fproduct_tag&post=12732"}],"curies":[{"name":"wp","href":"https:\/\/api.w.org\/{rel}","templated":true}]}}