{"id":12734,"date":"2023-02-11T11:54:03","date_gmt":"2023-02-11T07:54:03","guid":{"rendered":"https:\/\/hanoglubaklava.az\/?post_type=product&#038;p=12734"},"modified":"2023-02-13T15:06:05","modified_gmt":"2023-02-13T11:06:05","slug":"yasil-sarma","status":"publish","type":"product","link":"https:\/\/hanoglubaklava.az\/?product=yasil-sarma","title":{"rendered":"Ya\u015f\u0131l Sarma"},"content":{"rendered":"","protected":false},"excerpt":{"rendered":"<p><span style=\"color: #000000;\">F\u0131st\u0131ql\u0131 sarman\u0131n t\u0259rkibin\u0259 paxlava unu, k\u0259r\u0259ya\u011f\u0131, f\u0131st\u0131q l\u0259p\u0259si v\u0259 \u015f\u0259rb\u0259t daxildir.<\/span><\/p>\n<p><span style=\"color: #000000;\">F\u0131st\u0131q ya\u015f\u0131l\u0131na b\u00fcr\u00fcn\u0259n bu paxlava, f\u0131st\u0131q l\u0259p\u0259si v\u0259 \u015f\u0259rb\u0259tin b\u00fct\u00fcnl\u0259\u015fm\u0259sind\u0259n ortaya \u00e7\u0131xd\u0131\u011f\u0131ndan, dad\u0131 dama\u011f\u0131n\u0131zda unudulmaz bir iz qoyacaq.<\/span><\/p>\n","protected":false},"featured_media":12409,"comment_status":"open","ping_status":"closed","template":"","meta":{"_acf_changed":false,"om_disable_all_campaigns":false,"_monsterinsights_skip_tracking":false,"_monsterinsights_sitenote_active":false,"_monsterinsights_sitenote_note":"","_monsterinsights_sitenote_category":0},"product_cat":[47],"product_tag":[],"class_list":{"0":"post-12734","1":"product","2":"type-product","3":"status-publish","4":"has-post-thumbnail","6":"product_cat-paxlavalar","8":"first","9":"instock","10":"shipping-taxable","11":"product-type-simple"},"acf":[],"aioseo_notices":[],"_links":{"self":[{"href":"https:\/\/hanoglubaklava.az\/index.php?rest_route=\/wp\/v2\/product\/12734","targetHints":{"allow":["GET"]}}],"collection":[{"href":"https:\/\/hanoglubaklava.az\/index.php?rest_route=\/wp\/v2\/product"}],"about":[{"href":"https:\/\/hanoglubaklava.az\/index.php?rest_route=\/wp\/v2\/types\/product"}],"replies":[{"embeddable":true,"href":"https:\/\/hanoglubaklava.az\/index.php?rest_route=%2Fwp%2Fv2%2Fcomments&post=12734"}],"wp:featuredmedia":[{"embeddable":true,"href":"https:\/\/hanoglubaklava.az\/index.php?rest_route=\/wp\/v2\/media\/12409"}],"wp:attachment":[{"href":"https:\/\/hanoglubaklava.az\/index.php?rest_route=%2Fwp%2Fv2%2Fmedia&parent=12734"}],"wp:term":[{"taxonomy":"product_cat","embeddable":true,"href":"https:\/\/hanoglubaklava.az\/index.php?rest_route=%2Fwp%2Fv2%2Fproduct_cat&post=12734"},{"taxonomy":"product_tag","embeddable":true,"href":"https:\/\/hanoglubaklava.az\/index.php?rest_route=%2Fwp%2Fv2%2Fproduct_tag&post=12734"}],"curies":[{"name":"wp","href":"https:\/\/api.w.org\/{rel}","templated":true}]}}