{"id":12735,"date":"2023-02-11T11:57:02","date_gmt":"2023-02-11T07:57:02","guid":{"rendered":"https:\/\/hanoglubaklava.az\/?post_type=product&#038;p=12735"},"modified":"2023-02-13T15:05:04","modified_gmt":"2023-02-13T11:05:04","slug":"qozlu-sarma","status":"publish","type":"product","link":"https:\/\/hanoglubaklava.az\/?product=qozlu-sarma","title":{"rendered":"Qozlu Sarma"},"content":{"rendered":"","protected":false},"excerpt":{"rendered":"<p><span style=\"color: #000000;\">Qozlu sarma, qoz l\u0259p\u0259si, paxlava unu, k\u0259r\u0259ya\u011f\u0131 v\u0259 \u015f\u0259rb\u0259td\u0259n haz\u0131rlanm\u0131\u015ft\u0131r.<\/span><\/p>\n<p><span style=\"color: #000000;\">Qoz l\u0259p\u0259si v\u0259 \u015f\u0259rb\u0259tin l\u0259ziz uy\u011funlu\u011fundan ortaya \u00e7\u0131xan bu paxlava, n\u0259fis l\u0259zz\u0259ti il\u0259 dama\u011f\u0131n\u0131zda x\u00fcsusi bir iz qoyma\u011fa qadirdir.<\/span><\/p>\n","protected":false},"featured_media":0,"comment_status":"open","ping_status":"closed","template":"","meta":{"_acf_changed":false,"om_disable_all_campaigns":false,"_monsterinsights_skip_tracking":false,"_monsterinsights_sitenote_active":false,"_monsterinsights_sitenote_note":"","_monsterinsights_sitenote_category":0},"product_cat":[47],"product_tag":[],"class_list":{"0":"post-12735","1":"product","2":"type-product","3":"status-publish","5":"product_cat-paxlavalar","7":"first","8":"instock","9":"shipping-taxable","10":"product-type-simple"},"acf":[],"aioseo_notices":[],"_links":{"self":[{"href":"https:\/\/hanoglubaklava.az\/index.php?rest_route=\/wp\/v2\/product\/12735","targetHints":{"allow":["GET"]}}],"collection":[{"href":"https:\/\/hanoglubaklava.az\/index.php?rest_route=\/wp\/v2\/product"}],"about":[{"href":"https:\/\/hanoglubaklava.az\/index.php?rest_route=\/wp\/v2\/types\/product"}],"replies":[{"embeddable":true,"href":"https:\/\/hanoglubaklava.az\/index.php?rest_route=%2Fwp%2Fv2%2Fcomments&post=12735"}],"wp:attachment":[{"href":"https:\/\/hanoglubaklava.az\/index.php?rest_route=%2Fwp%2Fv2%2Fmedia&parent=12735"}],"wp:term":[{"taxonomy":"product_cat","embeddable":true,"href":"https:\/\/hanoglubaklava.az\/index.php?rest_route=%2Fwp%2Fv2%2Fproduct_cat&post=12735"},{"taxonomy":"product_tag","embeddable":true,"href":"https:\/\/hanoglubaklava.az\/index.php?rest_route=%2Fwp%2Fv2%2Fproduct_tag&post=12735"}],"curies":[{"name":"wp","href":"https:\/\/api.w.org\/{rel}","templated":true}]}}