{"id":12743,"date":"2023-02-11T13:20:37","date_gmt":"2023-02-11T09:20:37","guid":{"rendered":"https:\/\/hanoglubaklava.az\/?post_type=product&#038;p=12743"},"modified":"2023-02-13T15:08:13","modified_gmt":"2023-02-13T11:08:13","slug":"sudlu-fistiqli-ag-sokoladli-paxlava","status":"publish","type":"product","link":"https:\/\/hanoglubaklava.az\/?product=sudlu-fistiqli-ag-sokoladli-paxlava","title":{"rendered":"S\u00fcdl\u00fc F\u0131st\u0131ql\u0131 A\u011f \u015eokoladl\u0131 Paxlava"},"content":{"rendered":"","protected":false},"excerpt":{"rendered":"<p><span style=\"color: #000000;\">A\u011f \u015fokoladl\u0131 s\u00fcdl\u00fc soyuq paxlava, f\u0131st\u0131q l\u0259p\u0259si, a\u011f \u015fokolad, paxlava unu, s\u00fcd, k\u0259r\u0259ya\u011f\u0131 v\u0259 \u015f\u0259rb\u0259td\u0259n haz\u0131rlan\u0131r.<\/span><\/p>\n<p><span style=\"color: #000000;\">G\u00f6r\u00fcn\u00fc\u015f\u00fc, l\u0259zz\u0259ti v\u0259 y\u00fcng\u00fcl tekstural\u0131 olmas\u0131 il\u0259 se\u00e7il\u0259n bu paxlava, eyni zamanda az \u015f\u0259k\u0259lidir.<\/span><\/p>\n","protected":false},"featured_media":12528,"comment_status":"open","ping_status":"closed","template":"","meta":{"_acf_changed":false,"om_disable_all_campaigns":false,"_monsterinsights_skip_tracking":false,"_monsterinsights_sitenote_active":false,"_monsterinsights_sitenote_note":"","_monsterinsights_sitenote_category":0},"product_cat":[48],"product_tag":[],"class_list":{"0":"post-12743","1":"product","2":"type-product","3":"status-publish","4":"has-post-thumbnail","6":"product_cat-sudlu-sirniyyatlar","8":"first","9":"instock","10":"shipping-taxable","11":"product-type-simple"},"acf":[],"aioseo_notices":[],"_links":{"self":[{"href":"https:\/\/hanoglubaklava.az\/index.php?rest_route=\/wp\/v2\/product\/12743","targetHints":{"allow":["GET"]}}],"collection":[{"href":"https:\/\/hanoglubaklava.az\/index.php?rest_route=\/wp\/v2\/product"}],"about":[{"href":"https:\/\/hanoglubaklava.az\/index.php?rest_route=\/wp\/v2\/types\/product"}],"replies":[{"embeddable":true,"href":"https:\/\/hanoglubaklava.az\/index.php?rest_route=%2Fwp%2Fv2%2Fcomments&post=12743"}],"wp:featuredmedia":[{"embeddable":true,"href":"https:\/\/hanoglubaklava.az\/index.php?rest_route=\/wp\/v2\/media\/12528"}],"wp:attachment":[{"href":"https:\/\/hanoglubaklava.az\/index.php?rest_route=%2Fwp%2Fv2%2Fmedia&parent=12743"}],"wp:term":[{"taxonomy":"product_cat","embeddable":true,"href":"https:\/\/hanoglubaklava.az\/index.php?rest_route=%2Fwp%2Fv2%2Fproduct_cat&post=12743"},{"taxonomy":"product_tag","embeddable":true,"href":"https:\/\/hanoglubaklava.az\/index.php?rest_route=%2Fwp%2Fv2%2Fproduct_tag&post=12743"}],"curies":[{"name":"wp","href":"https:\/\/api.w.org\/{rel}","templated":true}]}}