{"id":12744,"date":"2023-02-11T13:23:11","date_gmt":"2023-02-11T09:23:11","guid":{"rendered":"https:\/\/hanoglubaklava.az\/?post_type=product&#038;p=12744"},"modified":"2023-02-14T17:46:57","modified_gmt":"2023-02-14T13:46:57","slug":"sudlu-fistiqli-qara-sokoladli-paxlava","status":"publish","type":"product","link":"https:\/\/hanoglubaklava.az\/?product=sudlu-fistiqli-qara-sokoladli-paxlava","title":{"rendered":"S\u00fcdl\u00fc F\u0131st\u0131ql\u0131 Qara \u015eokoladl\u0131 Paxlava"},"content":{"rendered":"","protected":false},"excerpt":{"rendered":"<p><span style=\"color: #000000;\">\u015eokoladl\u0131 s\u00fcdl\u00fc soyuq paxlava, paxlava unu, f\u0131st\u0131q l\u0259p\u0259si, k\u0259r\u0259ya\u011f\u0131, s\u00fcd, \u015fokolad v\u0259 \u015f\u0259rb\u0259td\u0259n istifad\u0259 edil\u0259r\u0259k haz\u0131rlan\u0131r.<\/span><\/p>\n<p><span style=\"color: #000000;\">Klassik paxlava t\u0259rkibin\u0259 \u0259lav\u0259 olaraq s\u00fcd v\u0259 \u015fokolad qat\u0131ld\u0131\u011f\u0131 \u00fc\u00e7\u00fcn bu paxlavan\u0131n dad\u0131, dig\u0259rl\u0259rin\u0259 nisb\u0259t\u0259n daha y\u00fcng\u00fcl v\u0259 az \u015f\u0259k\u0259rli olur.<\/span><\/p>\n","protected":false},"featured_media":12527,"comment_status":"open","ping_status":"closed","template":"","meta":{"_acf_changed":false,"om_disable_all_campaigns":false,"_monsterinsights_skip_tracking":false,"_monsterinsights_sitenote_active":false,"_monsterinsights_sitenote_note":"","_monsterinsights_sitenote_category":0},"product_cat":[48],"product_tag":[],"class_list":{"0":"post-12744","1":"product","2":"type-product","3":"status-publish","4":"has-post-thumbnail","6":"product_cat-sudlu-sirniyyatlar","8":"first","9":"instock","10":"shipping-taxable","11":"product-type-simple"},"acf":[],"aioseo_notices":[],"_links":{"self":[{"href":"https:\/\/hanoglubaklava.az\/index.php?rest_route=\/wp\/v2\/product\/12744","targetHints":{"allow":["GET"]}}],"collection":[{"href":"https:\/\/hanoglubaklava.az\/index.php?rest_route=\/wp\/v2\/product"}],"about":[{"href":"https:\/\/hanoglubaklava.az\/index.php?rest_route=\/wp\/v2\/types\/product"}],"replies":[{"embeddable":true,"href":"https:\/\/hanoglubaklava.az\/index.php?rest_route=%2Fwp%2Fv2%2Fcomments&post=12744"}],"wp:featuredmedia":[{"embeddable":true,"href":"https:\/\/hanoglubaklava.az\/index.php?rest_route=\/wp\/v2\/media\/12527"}],"wp:attachment":[{"href":"https:\/\/hanoglubaklava.az\/index.php?rest_route=%2Fwp%2Fv2%2Fmedia&parent=12744"}],"wp:term":[{"taxonomy":"product_cat","embeddable":true,"href":"https:\/\/hanoglubaklava.az\/index.php?rest_route=%2Fwp%2Fv2%2Fproduct_cat&post=12744"},{"taxonomy":"product_tag","embeddable":true,"href":"https:\/\/hanoglubaklava.az\/index.php?rest_route=%2Fwp%2Fv2%2Fproduct_tag&post=12744"}],"curies":[{"name":"wp","href":"https:\/\/api.w.org\/{rel}","templated":true}]}}