{"id":12745,"date":"2023-02-11T13:23:46","date_gmt":"2023-02-11T09:23:46","guid":{"rendered":"https:\/\/hanoglubaklava.az\/?post_type=product&#038;p=12745"},"modified":"2023-02-14T17:47:31","modified_gmt":"2023-02-14T13:47:31","slug":"sudlu-fistiqli-yasil-paxlava","status":"publish","type":"product","link":"https:\/\/hanoglubaklava.az\/?product=sudlu-fistiqli-yasil-paxlava","title":{"rendered":"S\u00fcdl\u00fc F\u0131st\u0131ql\u0131 Ya\u015f\u0131l Paxlava"},"content":{"rendered":"","protected":false},"excerpt":{"rendered":"<p><span style=\"color: #000000;\">F\u0131st\u0131ql\u0131 s\u00fcdl\u00fc soyuq paxlava, s\u00fcd, f\u0131st\u0131q l\u0259p\u0259si, paxlava unu, k\u0259r\u0259ya\u011f\u0131 v\u0259 \u015f\u0259rb\u0259td\u0259n istifad\u0259 edil\u0259r\u0259k haz\u0131rlan\u0131r.<\/span><\/p>\n<p><span style=\"color: #000000;\">H\u0259m i\u00e7i, h\u0259m \u00fcz\u0259ri bol f\u0131st\u0131qla \u00f6rt\u00fcl\u0259n bu t\u0259am, l\u0259zz\u0259ti il\u0259 damaqda x\u00fcsusi bir dad burax\u0131r. T\u0259rkibind\u0259 s\u00fcd oldu\u011fundan, dig\u0259r paxlavalara nisb\u0259t\u0259n y\u00fcng\u00fcl dada malikdir v\u0259 az \u015f\u0259k\u0259rlidir.<\/span><\/p>\n","protected":false},"featured_media":12525,"comment_status":"open","ping_status":"closed","template":"","meta":{"_acf_changed":false,"om_disable_all_campaigns":false,"_monsterinsights_skip_tracking":false,"_monsterinsights_sitenote_active":false,"_monsterinsights_sitenote_note":"","_monsterinsights_sitenote_category":0},"product_cat":[48],"product_tag":[],"class_list":{"0":"post-12745","1":"product","2":"type-product","3":"status-publish","4":"has-post-thumbnail","6":"product_cat-sudlu-sirniyyatlar","8":"first","9":"instock","10":"shipping-taxable","11":"product-type-simple"},"acf":[],"aioseo_notices":[],"_links":{"self":[{"href":"https:\/\/hanoglubaklava.az\/index.php?rest_route=\/wp\/v2\/product\/12745","targetHints":{"allow":["GET"]}}],"collection":[{"href":"https:\/\/hanoglubaklava.az\/index.php?rest_route=\/wp\/v2\/product"}],"about":[{"href":"https:\/\/hanoglubaklava.az\/index.php?rest_route=\/wp\/v2\/types\/product"}],"replies":[{"embeddable":true,"href":"https:\/\/hanoglubaklava.az\/index.php?rest_route=%2Fwp%2Fv2%2Fcomments&post=12745"}],"wp:featuredmedia":[{"embeddable":true,"href":"https:\/\/hanoglubaklava.az\/index.php?rest_route=\/wp\/v2\/media\/12525"}],"wp:attachment":[{"href":"https:\/\/hanoglubaklava.az\/index.php?rest_route=%2Fwp%2Fv2%2Fmedia&parent=12745"}],"wp:term":[{"taxonomy":"product_cat","embeddable":true,"href":"https:\/\/hanoglubaklava.az\/index.php?rest_route=%2Fwp%2Fv2%2Fproduct_cat&post=12745"},{"taxonomy":"product_tag","embeddable":true,"href":"https:\/\/hanoglubaklava.az\/index.php?rest_route=%2Fwp%2Fv2%2Fproduct_tag&post=12745"}],"curies":[{"name":"wp","href":"https:\/\/api.w.org\/{rel}","templated":true}]}}