{"id":12746,"date":"2023-02-11T13:25:22","date_gmt":"2023-02-11T09:25:22","guid":{"rendered":"https:\/\/hanoglubaklava.az\/?post_type=product&#038;p=12746"},"modified":"2023-02-11T13:25:22","modified_gmt":"2023-02-11T09:25:22","slug":"sudlu-nuriye","status":"publish","type":"product","link":"https:\/\/hanoglubaklava.az\/?product=sudlu-nuriye","title":{"rendered":"S\u00fcdl\u00fc Nuriye"},"content":{"rendered":"","protected":false},"excerpt":{"rendered":"<p><span style=\"color: #000000;\">S\u00fcdl\u00fc nuriye, s\u00fcd, qaymaq, kokos, f\u0131nd\u0131q l\u0259p\u0259si, paxlava unu, k\u0259r\u0259ya\u011f\u0131 v\u0259 \u015f\u0259rb\u0259td\u0259n istifad\u0259 edil\u0259r\u0259k haz\u0131rlan\u0131r.<\/span><\/p>\n<p><span style=\"color: #000000;\">Bu \u015firniyyat, 40 qatl\u0131 inc\u0259 x\u0259mird\u0259n ibar\u0259t olub, bol f\u0131nd\u0131q l\u0259p\u0259si il\u0259 haz\u0131rlan\u0131r. \u015e\u0259rb\u0259tinin 30%-ni is\u0259 s\u00fcd t\u0259\u015fkil edir.<\/span><\/p>\n","protected":false},"featured_media":12690,"comment_status":"open","ping_status":"closed","template":"","meta":{"_acf_changed":false,"om_disable_all_campaigns":false,"_monsterinsights_skip_tracking":false,"_monsterinsights_sitenote_active":false,"_monsterinsights_sitenote_note":"","_monsterinsights_sitenote_category":0},"product_cat":[48],"product_tag":[],"class_list":{"0":"post-12746","1":"product","2":"type-product","3":"status-publish","4":"has-post-thumbnail","6":"product_cat-sudlu-sirniyyatlar","8":"first","9":"instock","10":"shipping-taxable","11":"product-type-simple"},"acf":[],"aioseo_notices":[],"_links":{"self":[{"href":"https:\/\/hanoglubaklava.az\/index.php?rest_route=\/wp\/v2\/product\/12746","targetHints":{"allow":["GET"]}}],"collection":[{"href":"https:\/\/hanoglubaklava.az\/index.php?rest_route=\/wp\/v2\/product"}],"about":[{"href":"https:\/\/hanoglubaklava.az\/index.php?rest_route=\/wp\/v2\/types\/product"}],"replies":[{"embeddable":true,"href":"https:\/\/hanoglubaklava.az\/index.php?rest_route=%2Fwp%2Fv2%2Fcomments&post=12746"}],"wp:featuredmedia":[{"embeddable":true,"href":"https:\/\/hanoglubaklava.az\/index.php?rest_route=\/wp\/v2\/media\/12690"}],"wp:attachment":[{"href":"https:\/\/hanoglubaklava.az\/index.php?rest_route=%2Fwp%2Fv2%2Fmedia&parent=12746"}],"wp:term":[{"taxonomy":"product_cat","embeddable":true,"href":"https:\/\/hanoglubaklava.az\/index.php?rest_route=%2Fwp%2Fv2%2Fproduct_cat&post=12746"},{"taxonomy":"product_tag","embeddable":true,"href":"https:\/\/hanoglubaklava.az\/index.php?rest_route=%2Fwp%2Fv2%2Fproduct_tag&post=12746"}],"curies":[{"name":"wp","href":"https:\/\/api.w.org\/{rel}","templated":true}]}}