{"id":12749,"date":"2023-02-11T13:27:53","date_gmt":"2023-02-11T09:27:53","guid":{"rendered":"https:\/\/hanoglubaklava.az\/?post_type=product&#038;p=12749"},"modified":"2023-02-13T15:53:15","modified_gmt":"2023-02-13T11:53:15","slug":"qozlu-kadayif","status":"publish","type":"product","link":"https:\/\/hanoglubaklava.az\/?product=qozlu-kadayif","title":{"rendered":"Qozlu Kaday\u0131f"},"content":{"rendered":"","protected":false},"excerpt":{"rendered":"<p><span style=\"color: #000000;\">Qozlu kaday\u0131f, qozlu \u015firniyyat sev\u0259nl\u0259r \u00fc\u00e7\u00fcn x\u00fcsusi olaraq haz\u0131rlanm\u0131\u015fd\u0131r.<\/span><\/p>\n<p><span style=\"color: #000000;\">Qoz l\u0259p\u0259si, k\u0259r\u0259ya\u011f\u0131, tel kaday\u0131f unu, \u015f\u0259rb\u0259t v\u0259 95% k\u0259p\u0259kli bu\u011fda unu il\u0259 haz\u0131rlanan qozlu kaday\u0131f, daima sevdiyiniz dad\u0131 il\u0259 sizl\u0259r\u0259 t\u0259qdim edilir.<\/span><\/p>\n","protected":false},"featured_media":0,"comment_status":"open","ping_status":"closed","template":"","meta":{"_acf_changed":false,"om_disable_all_campaigns":false,"_monsterinsights_skip_tracking":false,"_monsterinsights_sitenote_active":false,"_monsterinsights_sitenote_note":"","_monsterinsights_sitenote_category":0},"product_cat":[49],"product_tag":[],"class_list":{"0":"post-12749","1":"product","2":"type-product","3":"status-publish","5":"product_cat-kadayiflar","7":"first","8":"instock","9":"shipping-taxable","10":"product-type-simple"},"acf":[],"aioseo_notices":[],"_links":{"self":[{"href":"https:\/\/hanoglubaklava.az\/index.php?rest_route=\/wp\/v2\/product\/12749","targetHints":{"allow":["GET"]}}],"collection":[{"href":"https:\/\/hanoglubaklava.az\/index.php?rest_route=\/wp\/v2\/product"}],"about":[{"href":"https:\/\/hanoglubaklava.az\/index.php?rest_route=\/wp\/v2\/types\/product"}],"replies":[{"embeddable":true,"href":"https:\/\/hanoglubaklava.az\/index.php?rest_route=%2Fwp%2Fv2%2Fcomments&post=12749"}],"wp:attachment":[{"href":"https:\/\/hanoglubaklava.az\/index.php?rest_route=%2Fwp%2Fv2%2Fmedia&parent=12749"}],"wp:term":[{"taxonomy":"product_cat","embeddable":true,"href":"https:\/\/hanoglubaklava.az\/index.php?rest_route=%2Fwp%2Fv2%2Fproduct_cat&post=12749"},{"taxonomy":"product_tag","embeddable":true,"href":"https:\/\/hanoglubaklava.az\/index.php?rest_route=%2Fwp%2Fv2%2Fproduct_tag&post=12749"}],"curies":[{"name":"wp","href":"https:\/\/api.w.org\/{rel}","templated":true}]}}