{"id":12750,"date":"2023-02-11T13:28:32","date_gmt":"2023-02-11T09:28:32","guid":{"rendered":"https:\/\/hanoglubaklava.az\/?post_type=product&#038;p=12750"},"modified":"2023-02-13T15:54:11","modified_gmt":"2023-02-13T11:54:11","slug":"fistiqli-kadayif","status":"publish","type":"product","link":"https:\/\/hanoglubaklava.az\/?product=fistiqli-kadayif","title":{"rendered":"F\u0131st\u0131ql\u0131 Kaday\u0131f"},"content":{"rendered":"","protected":false},"excerpt":{"rendered":"<p><span style=\"color: #000000;\">\u018fn\u0259n\u0259vi dad, \u0259n\u0259n\u0259vi g\u00f6r\u00fcnt\u00fc!<\/span><\/p>\n<p><span style=\"color: #000000;\">F\u0131st\u0131ql\u0131 kaday\u0131f, tel kaday\u0131f unu, \u015f\u0259rb\u0259t, f\u0131st\u0131q l\u0259p\u0259si 95% k\u0259p\u0259kli bu\u011fda unu v\u0259\u00a0 k\u0259r\u0259ya\u011f\u0131 il\u0259 haz\u0131rlan\u0131b sizl\u0259r\u0259 t\u0259qdim edilir.<\/span><\/p>\n","protected":false},"featured_media":12539,"comment_status":"open","ping_status":"closed","template":"","meta":{"_acf_changed":false,"om_disable_all_campaigns":false,"_monsterinsights_skip_tracking":false,"_monsterinsights_sitenote_active":false,"_monsterinsights_sitenote_note":"","_monsterinsights_sitenote_category":0},"product_cat":[49],"product_tag":[],"class_list":{"0":"post-12750","1":"product","2":"type-product","3":"status-publish","4":"has-post-thumbnail","6":"product_cat-kadayiflar","8":"first","9":"instock","10":"shipping-taxable","11":"product-type-simple"},"acf":[],"aioseo_notices":[],"_links":{"self":[{"href":"https:\/\/hanoglubaklava.az\/index.php?rest_route=\/wp\/v2\/product\/12750","targetHints":{"allow":["GET"]}}],"collection":[{"href":"https:\/\/hanoglubaklava.az\/index.php?rest_route=\/wp\/v2\/product"}],"about":[{"href":"https:\/\/hanoglubaklava.az\/index.php?rest_route=\/wp\/v2\/types\/product"}],"replies":[{"embeddable":true,"href":"https:\/\/hanoglubaklava.az\/index.php?rest_route=%2Fwp%2Fv2%2Fcomments&post=12750"}],"wp:featuredmedia":[{"embeddable":true,"href":"https:\/\/hanoglubaklava.az\/index.php?rest_route=\/wp\/v2\/media\/12539"}],"wp:attachment":[{"href":"https:\/\/hanoglubaklava.az\/index.php?rest_route=%2Fwp%2Fv2%2Fmedia&parent=12750"}],"wp:term":[{"taxonomy":"product_cat","embeddable":true,"href":"https:\/\/hanoglubaklava.az\/index.php?rest_route=%2Fwp%2Fv2%2Fproduct_cat&post=12750"},{"taxonomy":"product_tag","embeddable":true,"href":"https:\/\/hanoglubaklava.az\/index.php?rest_route=%2Fwp%2Fv2%2Fproduct_tag&post=12750"}],"curies":[{"name":"wp","href":"https:\/\/api.w.org\/{rel}","templated":true}]}}