{"id":12752,"date":"2023-02-11T13:45:18","date_gmt":"2023-02-11T09:45:18","guid":{"rendered":"https:\/\/hanoglubaklava.az\/?post_type=product&#038;p=12752"},"modified":"2023-02-13T15:48:40","modified_gmt":"2023-02-13T11:48:40","slug":"qozlu-burma-kadayif","status":"publish","type":"product","link":"https:\/\/hanoglubaklava.az\/?product=qozlu-burma-kadayif","title":{"rendered":"Qozlu Burma Kaday\u0131f"},"content":{"rendered":"<p><span style=\"color: #000000;\">Qozlu burma kaday\u0131f, 95% k\u0259p\u0259kli bu\u011fda unu, tel kaday\u0131f unu, qoz l\u0259p\u0259si, k\u0259r\u0259ya\u011f\u0131 v\u0259 \u015f\u0259rb\u0259t istifad\u0259 edil\u0259r\u0259k haz\u0131rlanm\u0131\u015ft\u0131r.<\/span><\/p>\n<p><span style=\"color: #000000;\">Kaday\u0131f\u0131n x\u0259miri v\u0259 i\u00e7ind\u0259ki bol f\u0131st\u0131q l\u0259p\u0259si il\u0259 uy\u011funlu\u011fundan meydana g\u0259l\u0259n bu dad dama\u011f\u0131n\u0131zda qalacaq.<\/span><\/p>\n","protected":false},"excerpt":{"rendered":"<p>Qozlu burma kaday\u0131f, 95% k\u0259p\u0259kli bu\u011fda unu, tel kaday\u0131f unu, qoz l\u0259p\u0259si, k\u0259r\u0259ya\u011f\u0131 v\u0259 \u015f\u0259rb\u0259t istifad\u0259 edil\u0259r\u0259k haz\u0131rlanm\u0131\u015ft\u0131r. Kaday\u0131f\u0131n x\u0259miri v\u0259 i\u00e7ind\u0259ki bol f\u0131st\u0131q l\u0259p\u0259si il\u0259 uy\u011funlu\u011fundan meydana g\u0259l\u0259n bu dad dama\u011f\u0131n\u0131zda qalacaq.<\/p>\n","protected":false},"featured_media":0,"comment_status":"open","ping_status":"closed","template":"","meta":{"_acf_changed":false,"om_disable_all_campaigns":false,"_monsterinsights_skip_tracking":false,"_monsterinsights_sitenote_active":false,"_monsterinsights_sitenote_note":"","_monsterinsights_sitenote_category":0},"product_cat":[49],"product_tag":[],"class_list":{"0":"post-12752","1":"product","2":"type-product","3":"status-publish","5":"product_cat-kadayiflar","7":"first","8":"instock","9":"shipping-taxable","10":"product-type-simple"},"acf":[],"aioseo_notices":[],"_links":{"self":[{"href":"https:\/\/hanoglubaklava.az\/index.php?rest_route=\/wp\/v2\/product\/12752","targetHints":{"allow":["GET"]}}],"collection":[{"href":"https:\/\/hanoglubaklava.az\/index.php?rest_route=\/wp\/v2\/product"}],"about":[{"href":"https:\/\/hanoglubaklava.az\/index.php?rest_route=\/wp\/v2\/types\/product"}],"replies":[{"embeddable":true,"href":"https:\/\/hanoglubaklava.az\/index.php?rest_route=%2Fwp%2Fv2%2Fcomments&post=12752"}],"wp:attachment":[{"href":"https:\/\/hanoglubaklava.az\/index.php?rest_route=%2Fwp%2Fv2%2Fmedia&parent=12752"}],"wp:term":[{"taxonomy":"product_cat","embeddable":true,"href":"https:\/\/hanoglubaklava.az\/index.php?rest_route=%2Fwp%2Fv2%2Fproduct_cat&post=12752"},{"taxonomy":"product_tag","embeddable":true,"href":"https:\/\/hanoglubaklava.az\/index.php?rest_route=%2Fwp%2Fv2%2Fproduct_tag&post=12752"}],"curies":[{"name":"wp","href":"https:\/\/api.w.org\/{rel}","templated":true}]}}