{"id":12753,"date":"2023-02-11T13:46:01","date_gmt":"2023-02-11T09:46:01","guid":{"rendered":"https:\/\/hanoglubaklava.az\/?post_type=product&#038;p=12753"},"modified":"2023-02-13T15:55:52","modified_gmt":"2023-02-13T11:55:52","slug":"baton-antep-fistiqli-duble-lokum","status":"publish","type":"product","link":"https:\/\/hanoglubaklava.az\/?product=baton-antep-fistiqli-duble-lokum","title":{"rendered":"Baton Antep F\u0131st\u0131ql\u0131 Duble Lokum"},"content":{"rendered":"","protected":false},"excerpt":{"rendered":"<p>Lokum v\u0259 Gaziantep f\u0131st\u0131\u011f\u0131 ayr\u0131lmaz ikilidir. Bu iki l\u0259zz\u0259ttin yaratd\u0131\u011f\u0131 tandem is\u0259 \u0259v\u0259zsizdir.<\/p>\n<p>T\u0259qdim etdiyimiz bu lokumla, h\u0259m a\u011fz\u0131n\u0131z\u0131 h\u0259m d\u0259 s\u00f6hb\u0259tl\u0259rinizi \u015firin ed\u0259c\u0259ksiniz.<\/p>\n","protected":false},"featured_media":0,"comment_status":"open","ping_status":"closed","template":"","meta":{"_acf_changed":false,"om_disable_all_campaigns":false,"_monsterinsights_skip_tracking":false,"_monsterinsights_sitenote_active":false,"_monsterinsights_sitenote_note":"","_monsterinsights_sitenote_category":0},"product_cat":[50],"product_tag":[],"class_list":{"0":"post-12753","1":"product","2":"type-product","3":"status-publish","5":"product_cat-lokumlar","7":"first","8":"instock","9":"shipping-taxable","10":"product-type-simple"},"acf":[],"aioseo_notices":[],"_links":{"self":[{"href":"https:\/\/hanoglubaklava.az\/index.php?rest_route=\/wp\/v2\/product\/12753","targetHints":{"allow":["GET"]}}],"collection":[{"href":"https:\/\/hanoglubaklava.az\/index.php?rest_route=\/wp\/v2\/product"}],"about":[{"href":"https:\/\/hanoglubaklava.az\/index.php?rest_route=\/wp\/v2\/types\/product"}],"replies":[{"embeddable":true,"href":"https:\/\/hanoglubaklava.az\/index.php?rest_route=%2Fwp%2Fv2%2Fcomments&post=12753"}],"wp:attachment":[{"href":"https:\/\/hanoglubaklava.az\/index.php?rest_route=%2Fwp%2Fv2%2Fmedia&parent=12753"}],"wp:term":[{"taxonomy":"product_cat","embeddable":true,"href":"https:\/\/hanoglubaklava.az\/index.php?rest_route=%2Fwp%2Fv2%2Fproduct_cat&post=12753"},{"taxonomy":"product_tag","embeddable":true,"href":"https:\/\/hanoglubaklava.az\/index.php?rest_route=%2Fwp%2Fv2%2Fproduct_tag&post=12753"}],"curies":[{"name":"wp","href":"https:\/\/api.w.org\/{rel}","templated":true}]}}