{"id":12754,"date":"2023-02-11T13:47:27","date_gmt":"2023-02-11T09:47:27","guid":{"rendered":"https:\/\/hanoglubaklava.az\/?post_type=product&#038;p=12754"},"modified":"2023-02-11T13:47:27","modified_gmt":"2023-02-11T09:47:27","slug":"baton-antep-fistiqli-pasa-lokum","status":"publish","type":"product","link":"https:\/\/hanoglubaklava.az\/?product=baton-antep-fistiqli-pasa-lokum","title":{"rendered":"Baton Antep F\u0131st\u0131ql\u0131 Pa\u015fa Lokum"},"content":{"rendered":"","protected":false},"excerpt":{"rendered":"<p><span style=\"color: #000000;\">Gaziantep f\u0131st\u0131\u011f\u0131 v\u0259 lokumun yaratd\u0131\u011f\u0131 l\u0259ziz tandem dan\u0131lmazd\u0131r. Bol i\u00e7liyi il\u0259 sevil\u0259n v\u0259 se\u00e7il\u0259n bu lokum, a\u011f\u0131z dad\u0131n\u0131zla yana\u015f\u0131, s\u00f6hb\u0259tl\u0259rinizi d\u0259 \u015firin ed\u0259c\u0259k.<\/span><\/p>\n","protected":false},"featured_media":12690,"comment_status":"open","ping_status":"closed","template":"","meta":{"_acf_changed":false,"om_disable_all_campaigns":false,"_monsterinsights_skip_tracking":false,"_monsterinsights_sitenote_active":false,"_monsterinsights_sitenote_note":"","_monsterinsights_sitenote_category":0},"product_cat":[50],"product_tag":[],"class_list":{"0":"post-12754","1":"product","2":"type-product","3":"status-publish","4":"has-post-thumbnail","6":"product_cat-lokumlar","8":"first","9":"instock","10":"shipping-taxable","11":"product-type-simple"},"acf":[],"aioseo_notices":[],"_links":{"self":[{"href":"https:\/\/hanoglubaklava.az\/index.php?rest_route=\/wp\/v2\/product\/12754","targetHints":{"allow":["GET"]}}],"collection":[{"href":"https:\/\/hanoglubaklava.az\/index.php?rest_route=\/wp\/v2\/product"}],"about":[{"href":"https:\/\/hanoglubaklava.az\/index.php?rest_route=\/wp\/v2\/types\/product"}],"replies":[{"embeddable":true,"href":"https:\/\/hanoglubaklava.az\/index.php?rest_route=%2Fwp%2Fv2%2Fcomments&post=12754"}],"wp:featuredmedia":[{"embeddable":true,"href":"https:\/\/hanoglubaklava.az\/index.php?rest_route=\/wp\/v2\/media\/12690"}],"wp:attachment":[{"href":"https:\/\/hanoglubaklava.az\/index.php?rest_route=%2Fwp%2Fv2%2Fmedia&parent=12754"}],"wp:term":[{"taxonomy":"product_cat","embeddable":true,"href":"https:\/\/hanoglubaklava.az\/index.php?rest_route=%2Fwp%2Fv2%2Fproduct_cat&post=12754"},{"taxonomy":"product_tag","embeddable":true,"href":"https:\/\/hanoglubaklava.az\/index.php?rest_route=%2Fwp%2Fv2%2Fproduct_tag&post=12754"}],"curies":[{"name":"wp","href":"https:\/\/api.w.org\/{rel}","templated":true}]}}