{"id":12757,"date":"2023-02-11T13:49:40","date_gmt":"2023-02-11T09:49:40","guid":{"rendered":"https:\/\/hanoglubaklava.az\/?post_type=product&#038;p=12757"},"modified":"2023-02-11T13:49:40","modified_gmt":"2023-02-11T09:49:40","slug":"baton-antep-fistiqli-z%c9%99f%c9%99ranli-lokum","status":"publish","type":"product","link":"https:\/\/hanoglubaklava.az\/?product=baton-antep-fistiqli-z%c9%99f%c9%99ranli-lokum","title":{"rendered":"Baton Antep F\u0131st\u0131ql\u0131 Z\u0259f\u0259ranl\u0131 Lokum"},"content":{"rendered":"","protected":false},"excerpt":{"rendered":"<p><span style=\"color: #000000;\">Z\u0259f\u0259ran\u0131n spesifik dad\u0131na b\u00fcr\u00fcn\u0259n f\u0131st\u0131ql\u0131 lokum, Hano\u011flu f\u0259rqi il\u0259 h\u0259m siz\u0259, h\u0259m d\u0259 qonaqlar\u0131n\u0131za l\u0259ziz bir t\u0259cr\u00fcb\u0259 ya\u015fatma\u011fa haz\u0131rd\u0131r.<\/span><\/p>\n","protected":false},"featured_media":12690,"comment_status":"open","ping_status":"closed","template":"","meta":{"_acf_changed":false,"om_disable_all_campaigns":false,"_monsterinsights_skip_tracking":false,"_monsterinsights_sitenote_active":false,"_monsterinsights_sitenote_note":"","_monsterinsights_sitenote_category":0},"product_cat":[50],"product_tag":[],"class_list":{"0":"post-12757","1":"product","2":"type-product","3":"status-publish","4":"has-post-thumbnail","6":"product_cat-lokumlar","8":"first","9":"instock","10":"shipping-taxable","11":"product-type-simple"},"acf":[],"aioseo_notices":[],"_links":{"self":[{"href":"https:\/\/hanoglubaklava.az\/index.php?rest_route=\/wp\/v2\/product\/12757","targetHints":{"allow":["GET"]}}],"collection":[{"href":"https:\/\/hanoglubaklava.az\/index.php?rest_route=\/wp\/v2\/product"}],"about":[{"href":"https:\/\/hanoglubaklava.az\/index.php?rest_route=\/wp\/v2\/types\/product"}],"replies":[{"embeddable":true,"href":"https:\/\/hanoglubaklava.az\/index.php?rest_route=%2Fwp%2Fv2%2Fcomments&post=12757"}],"wp:featuredmedia":[{"embeddable":true,"href":"https:\/\/hanoglubaklava.az\/index.php?rest_route=\/wp\/v2\/media\/12690"}],"wp:attachment":[{"href":"https:\/\/hanoglubaklava.az\/index.php?rest_route=%2Fwp%2Fv2%2Fmedia&parent=12757"}],"wp:term":[{"taxonomy":"product_cat","embeddable":true,"href":"https:\/\/hanoglubaklava.az\/index.php?rest_route=%2Fwp%2Fv2%2Fproduct_cat&post=12757"},{"taxonomy":"product_tag","embeddable":true,"href":"https:\/\/hanoglubaklava.az\/index.php?rest_route=%2Fwp%2Fv2%2Fproduct_tag&post=12757"}],"curies":[{"name":"wp","href":"https:\/\/api.w.org\/{rel}","templated":true}]}}