{"id":12761,"date":"2023-02-11T13:52:10","date_gmt":"2023-02-11T09:52:10","guid":{"rendered":"https:\/\/hanoglubaklava.az\/?post_type=product&#038;p=12761"},"modified":"2023-02-11T13:52:10","modified_gmt":"2023-02-11T09:52:10","slug":"yer-fistiqli-limonlu-kokoslu-dokme-lokum","status":"publish","type":"product","link":"https:\/\/hanoglubaklava.az\/?product=yer-fistiqli-limonlu-kokoslu-dokme-lokum","title":{"rendered":"Yer F\u0131st\u0131ql\u0131 Limonlu Kokoslu D\u00f6kme Lokum"},"content":{"rendered":"","protected":false},"excerpt":{"rendered":"<p><span style=\"color: #000000;\">Kokos, yer f\u0131st\u0131\u011f\u0131 v\u0259 limon aromas\u0131n\u0131n lokuma b\u0259x\u015f etdiyi b\u0259nz\u0259rsiz dada \u015fahid olun!<\/span><\/p>\n<p><span style=\"color: #000000;\">Bu \u00e7e\u015fidi ist\u0259r qonaq ged\u0259rk\u0259n sevdikl\u0259riniz\u0259 h\u0259diyy\u0259 ed\u0259, ist\u0259rs\u0259 d\u0259 \u00e7ay s\u00fcfr\u0259nizd\u0259 t\u0259dqim ed\u0259 bil\u0259rsiniz.<\/span><\/p>\n","protected":false},"featured_media":12690,"comment_status":"open","ping_status":"closed","template":"","meta":{"_acf_changed":false,"om_disable_all_campaigns":false,"_monsterinsights_skip_tracking":false,"_monsterinsights_sitenote_active":false,"_monsterinsights_sitenote_note":"","_monsterinsights_sitenote_category":0},"product_cat":[50],"product_tag":[],"class_list":{"0":"post-12761","1":"product","2":"type-product","3":"status-publish","4":"has-post-thumbnail","6":"product_cat-lokumlar","8":"first","9":"instock","10":"shipping-taxable","11":"product-type-simple"},"acf":[],"aioseo_notices":[],"_links":{"self":[{"href":"https:\/\/hanoglubaklava.az\/index.php?rest_route=\/wp\/v2\/product\/12761","targetHints":{"allow":["GET"]}}],"collection":[{"href":"https:\/\/hanoglubaklava.az\/index.php?rest_route=\/wp\/v2\/product"}],"about":[{"href":"https:\/\/hanoglubaklava.az\/index.php?rest_route=\/wp\/v2\/types\/product"}],"replies":[{"embeddable":true,"href":"https:\/\/hanoglubaklava.az\/index.php?rest_route=%2Fwp%2Fv2%2Fcomments&post=12761"}],"wp:featuredmedia":[{"embeddable":true,"href":"https:\/\/hanoglubaklava.az\/index.php?rest_route=\/wp\/v2\/media\/12690"}],"wp:attachment":[{"href":"https:\/\/hanoglubaklava.az\/index.php?rest_route=%2Fwp%2Fv2%2Fmedia&parent=12761"}],"wp:term":[{"taxonomy":"product_cat","embeddable":true,"href":"https:\/\/hanoglubaklava.az\/index.php?rest_route=%2Fwp%2Fv2%2Fproduct_cat&post=12761"},{"taxonomy":"product_tag","embeddable":true,"href":"https:\/\/hanoglubaklava.az\/index.php?rest_route=%2Fwp%2Fv2%2Fproduct_tag&post=12761"}],"curies":[{"name":"wp","href":"https:\/\/api.w.org\/{rel}","templated":true}]}}