{"id":12762,"date":"2023-02-11T13:52:40","date_gmt":"2023-02-11T09:52:40","guid":{"rendered":"https:\/\/hanoglubaklava.az\/?post_type=product&#038;p=12762"},"modified":"2023-02-11T13:52:40","modified_gmt":"2023-02-11T09:52:40","slug":"findiqli-gil%c9%99meyv%c9%99li-dokme-lokum","status":"publish","type":"product","link":"https:\/\/hanoglubaklava.az\/?product=findiqli-gil%c9%99meyv%c9%99li-dokme-lokum","title":{"rendered":"F\u0131nd\u0131ql\u0131 Gil\u0259meyv\u0259li D\u00f6kme Lokum"},"content":{"rendered":"","protected":false},"excerpt":{"rendered":"<p><span style=\"color: #000000;\">F\u0131nd\u0131q v\u0259 gil\u0259meyv\u0259l\u0259rin lokumda yaratd\u0131\u011f\u0131 tandem inan\u0131lmazd\u0131r!<\/span><\/p>\n<p><span style=\"color: #000000;\">Bu lokum i\u015ftahaa\u00e7an qoxusu q\u0259d\u0259r, n\u0259fis dad\u0131 il\u0259 d\u0259 sizi heyran ed\u0259c\u0259k.<\/span><\/p>\n","protected":false},"featured_media":12690,"comment_status":"open","ping_status":"closed","template":"","meta":{"_acf_changed":false,"om_disable_all_campaigns":false,"_monsterinsights_skip_tracking":false,"_monsterinsights_sitenote_active":false,"_monsterinsights_sitenote_note":"","_monsterinsights_sitenote_category":0},"product_cat":[50],"product_tag":[],"class_list":{"0":"post-12762","1":"product","2":"type-product","3":"status-publish","4":"has-post-thumbnail","6":"product_cat-lokumlar","8":"first","9":"instock","10":"shipping-taxable","11":"product-type-simple"},"acf":[],"aioseo_notices":[],"_links":{"self":[{"href":"https:\/\/hanoglubaklava.az\/index.php?rest_route=\/wp\/v2\/product\/12762","targetHints":{"allow":["GET"]}}],"collection":[{"href":"https:\/\/hanoglubaklava.az\/index.php?rest_route=\/wp\/v2\/product"}],"about":[{"href":"https:\/\/hanoglubaklava.az\/index.php?rest_route=\/wp\/v2\/types\/product"}],"replies":[{"embeddable":true,"href":"https:\/\/hanoglubaklava.az\/index.php?rest_route=%2Fwp%2Fv2%2Fcomments&post=12762"}],"wp:featuredmedia":[{"embeddable":true,"href":"https:\/\/hanoglubaklava.az\/index.php?rest_route=\/wp\/v2\/media\/12690"}],"wp:attachment":[{"href":"https:\/\/hanoglubaklava.az\/index.php?rest_route=%2Fwp%2Fv2%2Fmedia&parent=12762"}],"wp:term":[{"taxonomy":"product_cat","embeddable":true,"href":"https:\/\/hanoglubaklava.az\/index.php?rest_route=%2Fwp%2Fv2%2Fproduct_cat&post=12762"},{"taxonomy":"product_tag","embeddable":true,"href":"https:\/\/hanoglubaklava.az\/index.php?rest_route=%2Fwp%2Fv2%2Fproduct_tag&post=12762"}],"curies":[{"name":"wp","href":"https:\/\/api.w.org\/{rel}","templated":true}]}}