{"id":12763,"date":"2023-02-11T13:53:14","date_gmt":"2023-02-11T09:53:14","guid":{"rendered":"https:\/\/hanoglubaklava.az\/?post_type=product&#038;p=12763"},"modified":"2023-02-11T13:53:14","modified_gmt":"2023-02-11T09:53:14","slug":"kokoslu-antep-fistiqli-dokme-pasa-lokum","status":"publish","type":"product","link":"https:\/\/hanoglubaklava.az\/?product=kokoslu-antep-fistiqli-dokme-pasa-lokum","title":{"rendered":"Kokoslu Antep F\u0131st\u0131ql\u0131 D\u00f6kme Pa\u015fa Lokum"},"content":{"rendered":"","protected":false},"excerpt":{"rendered":"<p><span style=\"color: #000000;\">Kokos v\u0259 Gaziantep f\u0131st\u0131\u011f\u0131n\u0131n lokuma b\u0259x\u015f etdiyi dad unudulmazd\u0131r!<\/span><\/p>\n<p><span style=\"color: #000000;\">Bu lokum \u00e7e\u015fidimiz, g\u00f6r\u00fcn\u00fc\u015f\u00fc q\u0259d\u0259r dad\u0131 il\u0259 d\u0259 sizi heyran ed\u0259c\u0259k.<\/span><\/p>\n","protected":false},"featured_media":12690,"comment_status":"open","ping_status":"closed","template":"","meta":{"_acf_changed":false,"om_disable_all_campaigns":false,"_monsterinsights_skip_tracking":false,"_monsterinsights_sitenote_active":false,"_monsterinsights_sitenote_note":"","_monsterinsights_sitenote_category":0},"product_cat":[50],"product_tag":[],"class_list":{"0":"post-12763","1":"product","2":"type-product","3":"status-publish","4":"has-post-thumbnail","6":"product_cat-lokumlar","8":"first","9":"instock","10":"shipping-taxable","11":"product-type-simple"},"acf":[],"aioseo_notices":[],"_links":{"self":[{"href":"https:\/\/hanoglubaklava.az\/index.php?rest_route=\/wp\/v2\/product\/12763","targetHints":{"allow":["GET"]}}],"collection":[{"href":"https:\/\/hanoglubaklava.az\/index.php?rest_route=\/wp\/v2\/product"}],"about":[{"href":"https:\/\/hanoglubaklava.az\/index.php?rest_route=\/wp\/v2\/types\/product"}],"replies":[{"embeddable":true,"href":"https:\/\/hanoglubaklava.az\/index.php?rest_route=%2Fwp%2Fv2%2Fcomments&post=12763"}],"wp:featuredmedia":[{"embeddable":true,"href":"https:\/\/hanoglubaklava.az\/index.php?rest_route=\/wp\/v2\/media\/12690"}],"wp:attachment":[{"href":"https:\/\/hanoglubaklava.az\/index.php?rest_route=%2Fwp%2Fv2%2Fmedia&parent=12763"}],"wp:term":[{"taxonomy":"product_cat","embeddable":true,"href":"https:\/\/hanoglubaklava.az\/index.php?rest_route=%2Fwp%2Fv2%2Fproduct_cat&post=12763"},{"taxonomy":"product_tag","embeddable":true,"href":"https:\/\/hanoglubaklava.az\/index.php?rest_route=%2Fwp%2Fv2%2Fproduct_tag&post=12763"}],"curies":[{"name":"wp","href":"https:\/\/api.w.org\/{rel}","templated":true}]}}