{"id":12765,"date":"2023-02-11T13:54:12","date_gmt":"2023-02-11T09:54:12","guid":{"rendered":"https:\/\/hanoglubaklava.az\/?post_type=product&#038;p=12765"},"modified":"2023-02-11T13:54:12","modified_gmt":"2023-02-11T09:54:12","slug":"fitil-antep-fistiqli-duble-lokum","status":"publish","type":"product","link":"https:\/\/hanoglubaklava.az\/?product=fitil-antep-fistiqli-duble-lokum","title":{"rendered":"Fitil Antep F\u0131st\u0131ql\u0131 Duble Lokum"},"content":{"rendered":"","protected":false},"excerpt":{"rendered":"<p><span style=\"color: #000000;\">Gaziantep f\u0131st\u0131\u011f\u0131 v\u0259 lokumun yaratd\u0131\u011f\u0131 l\u0259ziz tandem dan\u0131lmazd\u0131r. Bol f\u0131st\u0131\u011f\u0131 il\u0259 se\u00e7il\u0259n bu lokum, h\u0259m damaq dad\u0131n\u0131z\u0131, h\u0259m d\u0259 s\u00f6hb\u0259tl\u0259rinizi \u015firin ed\u0259c\u0259k.<\/span><\/p>\n","protected":false},"featured_media":12690,"comment_status":"open","ping_status":"closed","template":"","meta":{"_acf_changed":false,"om_disable_all_campaigns":false,"_monsterinsights_skip_tracking":false,"_monsterinsights_sitenote_active":false,"_monsterinsights_sitenote_note":"","_monsterinsights_sitenote_category":0},"product_cat":[50],"product_tag":[],"class_list":{"0":"post-12765","1":"product","2":"type-product","3":"status-publish","4":"has-post-thumbnail","6":"product_cat-lokumlar","8":"first","9":"instock","10":"shipping-taxable","11":"product-type-simple"},"acf":[],"aioseo_notices":[],"_links":{"self":[{"href":"https:\/\/hanoglubaklava.az\/index.php?rest_route=\/wp\/v2\/product\/12765","targetHints":{"allow":["GET"]}}],"collection":[{"href":"https:\/\/hanoglubaklava.az\/index.php?rest_route=\/wp\/v2\/product"}],"about":[{"href":"https:\/\/hanoglubaklava.az\/index.php?rest_route=\/wp\/v2\/types\/product"}],"replies":[{"embeddable":true,"href":"https:\/\/hanoglubaklava.az\/index.php?rest_route=%2Fwp%2Fv2%2Fcomments&post=12765"}],"wp:featuredmedia":[{"embeddable":true,"href":"https:\/\/hanoglubaklava.az\/index.php?rest_route=\/wp\/v2\/media\/12690"}],"wp:attachment":[{"href":"https:\/\/hanoglubaklava.az\/index.php?rest_route=%2Fwp%2Fv2%2Fmedia&parent=12765"}],"wp:term":[{"taxonomy":"product_cat","embeddable":true,"href":"https:\/\/hanoglubaklava.az\/index.php?rest_route=%2Fwp%2Fv2%2Fproduct_cat&post=12765"},{"taxonomy":"product_tag","embeddable":true,"href":"https:\/\/hanoglubaklava.az\/index.php?rest_route=%2Fwp%2Fv2%2Fproduct_tag&post=12765"}],"curies":[{"name":"wp","href":"https:\/\/api.w.org\/{rel}","templated":true}]}}