{"id":12766,"date":"2023-02-11T13:54:47","date_gmt":"2023-02-11T09:54:47","guid":{"rendered":"https:\/\/hanoglubaklava.az\/?post_type=product&#038;p=12766"},"modified":"2023-02-11T13:54:47","modified_gmt":"2023-02-11T09:54:47","slug":"fitil-antep-fistiqli-pasa-lokum","status":"publish","type":"product","link":"https:\/\/hanoglubaklava.az\/?product=fitil-antep-fistiqli-pasa-lokum","title":{"rendered":"Fitil Antep F\u0131st\u0131ql\u0131 Pa\u015fa Lokum"},"content":{"rendered":"","protected":false},"excerpt":{"rendered":"<p><span style=\"color: #000000;\">Lokum v\u0259 Gaziantep f\u0131st\u0131\u011f\u0131 ayr\u0131lmaz ikilidir. Bu iki l\u0259zz\u0259ttin yaratd\u0131\u011f\u0131 tandem is\u0259 \u0259v\u0259zsizdir.<\/span><\/p>\n<p><span style=\"color: #000000;\">T\u0259qdim etdiyimiz bu lokumla, h\u0259m a\u011fz\u0131n\u0131z\u0131 h\u0259m d\u0259 s\u00f6hb\u0259tl\u0259rinizi \u015firin ed\u0259c\u0259ksiniz.<\/span><\/p>\n","protected":false},"featured_media":12690,"comment_status":"open","ping_status":"closed","template":"","meta":{"_acf_changed":false,"om_disable_all_campaigns":false,"_monsterinsights_skip_tracking":false,"_monsterinsights_sitenote_active":false,"_monsterinsights_sitenote_note":"","_monsterinsights_sitenote_category":0},"product_cat":[50],"product_tag":[],"class_list":{"0":"post-12766","1":"product","2":"type-product","3":"status-publish","4":"has-post-thumbnail","6":"product_cat-lokumlar","8":"first","9":"instock","10":"shipping-taxable","11":"product-type-simple"},"acf":[],"aioseo_notices":[],"_links":{"self":[{"href":"https:\/\/hanoglubaklava.az\/index.php?rest_route=\/wp\/v2\/product\/12766","targetHints":{"allow":["GET"]}}],"collection":[{"href":"https:\/\/hanoglubaklava.az\/index.php?rest_route=\/wp\/v2\/product"}],"about":[{"href":"https:\/\/hanoglubaklava.az\/index.php?rest_route=\/wp\/v2\/types\/product"}],"replies":[{"embeddable":true,"href":"https:\/\/hanoglubaklava.az\/index.php?rest_route=%2Fwp%2Fv2%2Fcomments&post=12766"}],"wp:featuredmedia":[{"embeddable":true,"href":"https:\/\/hanoglubaklava.az\/index.php?rest_route=\/wp\/v2\/media\/12690"}],"wp:attachment":[{"href":"https:\/\/hanoglubaklava.az\/index.php?rest_route=%2Fwp%2Fv2%2Fmedia&parent=12766"}],"wp:term":[{"taxonomy":"product_cat","embeddable":true,"href":"https:\/\/hanoglubaklava.az\/index.php?rest_route=%2Fwp%2Fv2%2Fproduct_cat&post=12766"},{"taxonomy":"product_tag","embeddable":true,"href":"https:\/\/hanoglubaklava.az\/index.php?rest_route=%2Fwp%2Fv2%2Fproduct_tag&post=12766"}],"curies":[{"name":"wp","href":"https:\/\/api.w.org\/{rel}","templated":true}]}}