{"id":12770,"date":"2023-02-11T13:58:56","date_gmt":"2023-02-11T09:58:56","guid":{"rendered":"https:\/\/hanoglubaklava.az\/?post_type=product&#038;p=12770"},"modified":"2023-02-11T13:58:57","modified_gmt":"2023-02-11T09:58:57","slug":"sokoladli-nan%c9%99li-mix-lokum","status":"publish","type":"product","link":"https:\/\/hanoglubaklava.az\/?product=sokoladli-nan%c9%99li-mix-lokum","title":{"rendered":"\u015eokoladl\u0131 Nan\u0259li Mix Lokum"},"content":{"rendered":"","protected":false},"excerpt":{"rendered":"<p><span style=\"color: #000000;\">\u015eokolad sev\u0259rl\u0259rin damaq z\u00f6vq\u00fcn\u00fc ox\u015fayacaq bu lokum \u00e7e\u015fidimiz, ist\u0259r ziyaf\u0259t s\u00fcfr\u0259nizin b\u0259z\u0259yin\u0259 \u00e7evril\u0259, ist\u0259rs\u0259 d\u0259 1 fincan \u00e7aya yolda\u015fl\u0131q ed\u0259 bil\u0259r.<\/span><\/p>\n","protected":false},"featured_media":12690,"comment_status":"open","ping_status":"closed","template":"","meta":{"_acf_changed":false,"om_disable_all_campaigns":false,"_monsterinsights_skip_tracking":false,"_monsterinsights_sitenote_active":false,"_monsterinsights_sitenote_note":"","_monsterinsights_sitenote_category":0},"product_cat":[50],"product_tag":[],"class_list":{"0":"post-12770","1":"product","2":"type-product","3":"status-publish","4":"has-post-thumbnail","6":"product_cat-lokumlar","8":"first","9":"instock","10":"shipping-taxable","11":"product-type-simple"},"acf":[],"aioseo_notices":[],"_links":{"self":[{"href":"https:\/\/hanoglubaklava.az\/index.php?rest_route=\/wp\/v2\/product\/12770","targetHints":{"allow":["GET"]}}],"collection":[{"href":"https:\/\/hanoglubaklava.az\/index.php?rest_route=\/wp\/v2\/product"}],"about":[{"href":"https:\/\/hanoglubaklava.az\/index.php?rest_route=\/wp\/v2\/types\/product"}],"replies":[{"embeddable":true,"href":"https:\/\/hanoglubaklava.az\/index.php?rest_route=%2Fwp%2Fv2%2Fcomments&post=12770"}],"wp:featuredmedia":[{"embeddable":true,"href":"https:\/\/hanoglubaklava.az\/index.php?rest_route=\/wp\/v2\/media\/12690"}],"wp:attachment":[{"href":"https:\/\/hanoglubaklava.az\/index.php?rest_route=%2Fwp%2Fv2%2Fmedia&parent=12770"}],"wp:term":[{"taxonomy":"product_cat","embeddable":true,"href":"https:\/\/hanoglubaklava.az\/index.php?rest_route=%2Fwp%2Fv2%2Fproduct_cat&post=12770"},{"taxonomy":"product_tag","embeddable":true,"href":"https:\/\/hanoglubaklava.az\/index.php?rest_route=%2Fwp%2Fv2%2Fproduct_tag&post=12770"}],"curies":[{"name":"wp","href":"https:\/\/api.w.org\/{rel}","templated":true}]}}