{"id":12771,"date":"2023-02-11T13:59:31","date_gmt":"2023-02-11T09:59:31","guid":{"rendered":"https:\/\/hanoglubaklava.az\/?post_type=product&#038;p=12771"},"modified":"2023-02-11T13:59:31","modified_gmt":"2023-02-11T09:59:31","slug":"kus-lokumu","status":"publish","type":"product","link":"https:\/\/hanoglubaklava.az\/?product=kus-lokumu","title":{"rendered":"Ku\u015f Lokumu"},"content":{"rendered":"","protected":false},"excerpt":{"rendered":"<p><span style=\"color: #000000;\">B\u0259nz\u0259rsiz dad\u0131 v\u0259 yum\u015faql\u0131\u011f\u0131 il\u0259 sevil\u0259n lokum, ist\u0259r ziyaf\u0259t s\u00fcfr\u0259l\u0259rinin b\u0259z\u0259yin\u0259 \u00e7evril\u0259, ist\u0259rs\u0259 d\u0259 1 fincan q\u0259hv\u0259nin yan\u0131nda t\u0259qdim edil\u0259 bil\u0259r.<\/span><\/p>\n","protected":false},"featured_media":12690,"comment_status":"open","ping_status":"closed","template":"","meta":{"_acf_changed":false,"om_disable_all_campaigns":false,"_monsterinsights_skip_tracking":false,"_monsterinsights_sitenote_active":false,"_monsterinsights_sitenote_note":"","_monsterinsights_sitenote_category":0},"product_cat":[50],"product_tag":[],"class_list":{"0":"post-12771","1":"product","2":"type-product","3":"status-publish","4":"has-post-thumbnail","6":"product_cat-lokumlar","8":"first","9":"instock","10":"shipping-taxable","11":"product-type-simple"},"acf":[],"aioseo_notices":[],"_links":{"self":[{"href":"https:\/\/hanoglubaklava.az\/index.php?rest_route=\/wp\/v2\/product\/12771","targetHints":{"allow":["GET"]}}],"collection":[{"href":"https:\/\/hanoglubaklava.az\/index.php?rest_route=\/wp\/v2\/product"}],"about":[{"href":"https:\/\/hanoglubaklava.az\/index.php?rest_route=\/wp\/v2\/types\/product"}],"replies":[{"embeddable":true,"href":"https:\/\/hanoglubaklava.az\/index.php?rest_route=%2Fwp%2Fv2%2Fcomments&post=12771"}],"wp:featuredmedia":[{"embeddable":true,"href":"https:\/\/hanoglubaklava.az\/index.php?rest_route=\/wp\/v2\/media\/12690"}],"wp:attachment":[{"href":"https:\/\/hanoglubaklava.az\/index.php?rest_route=%2Fwp%2Fv2%2Fmedia&parent=12771"}],"wp:term":[{"taxonomy":"product_cat","embeddable":true,"href":"https:\/\/hanoglubaklava.az\/index.php?rest_route=%2Fwp%2Fv2%2Fproduct_cat&post=12771"},{"taxonomy":"product_tag","embeddable":true,"href":"https:\/\/hanoglubaklava.az\/index.php?rest_route=%2Fwp%2Fv2%2Fproduct_tag&post=12771"}],"curies":[{"name":"wp","href":"https:\/\/api.w.org\/{rel}","templated":true}]}}