{"id":12773,"date":"2023-02-11T14:12:38","date_gmt":"2023-02-11T10:12:38","guid":{"rendered":"https:\/\/hanoglubaklava.az\/?post_type=product&#038;p=12773"},"modified":"2023-02-11T14:12:38","modified_gmt":"2023-02-11T10:12:38","slug":"ciy%c9%99l%c9%99k-marmeladi-dolgulu-sert-sekerleme","status":"publish","type":"product","link":"https:\/\/hanoglubaklava.az\/?product=ciy%c9%99l%c9%99k-marmeladi-dolgulu-sert-sekerleme","title":{"rendered":"\u00c7iy\u0259l\u0259k Marmeladi Dol\u011fulu Sert \u015eekerleme"},"content":{"rendered":"","protected":false},"excerpt":{"rendered":"<p><span style=\"color: #000000;\">\u00c7iy\u0259l\u0259k aromas\u0131 v\u0259 \u015f\u0259k\u0259rin birl\u0259\u015fm\u0259sind\u0259n yaranan unudulmaz dad il\u0259 r\u0259ngar\u0259ng v\u0259 \u0259yl\u0259nc\u0259li g\u00f6r\u00fcn\u00fc\u015f, Hano\u011fluda s\u00fcfr\u0259nizin b\u0259z\u0259yin\u0259 \u00e7evrilm\u0259yi g\u00f6zl\u0259yir.<\/span><\/p>\n<p><span style=\"color: #000000;\">Bu \u00e7e\u015fid sevdikl\u0259riniz \u00fc\u00e7\u00fcn m\u00fck\u0259mm\u0259l h\u0259diyy\u0259 alternatividir.<\/span><\/p>\n","protected":false},"featured_media":12690,"comment_status":"open","ping_status":"closed","template":"","meta":{"_acf_changed":false,"om_disable_all_campaigns":false,"_monsterinsights_skip_tracking":false,"_monsterinsights_sitenote_active":false,"_monsterinsights_sitenote_note":"","_monsterinsights_sitenote_category":0},"product_cat":[51],"product_tag":[],"class_list":{"0":"post-12773","1":"product","2":"type-product","3":"status-publish","4":"has-post-thumbnail","6":"product_cat-sokoladlar","8":"first","9":"instock","10":"shipping-taxable","11":"product-type-simple"},"acf":[],"aioseo_notices":[],"_links":{"self":[{"href":"https:\/\/hanoglubaklava.az\/index.php?rest_route=\/wp\/v2\/product\/12773","targetHints":{"allow":["GET"]}}],"collection":[{"href":"https:\/\/hanoglubaklava.az\/index.php?rest_route=\/wp\/v2\/product"}],"about":[{"href":"https:\/\/hanoglubaklava.az\/index.php?rest_route=\/wp\/v2\/types\/product"}],"replies":[{"embeddable":true,"href":"https:\/\/hanoglubaklava.az\/index.php?rest_route=%2Fwp%2Fv2%2Fcomments&post=12773"}],"wp:featuredmedia":[{"embeddable":true,"href":"https:\/\/hanoglubaklava.az\/index.php?rest_route=\/wp\/v2\/media\/12690"}],"wp:attachment":[{"href":"https:\/\/hanoglubaklava.az\/index.php?rest_route=%2Fwp%2Fv2%2Fmedia&parent=12773"}],"wp:term":[{"taxonomy":"product_cat","embeddable":true,"href":"https:\/\/hanoglubaklava.az\/index.php?rest_route=%2Fwp%2Fv2%2Fproduct_cat&post=12773"},{"taxonomy":"product_tag","embeddable":true,"href":"https:\/\/hanoglubaklava.az\/index.php?rest_route=%2Fwp%2Fv2%2Fproduct_tag&post=12773"}],"curies":[{"name":"wp","href":"https:\/\/api.w.org\/{rel}","templated":true}]}}