{"id":12774,"date":"2023-02-11T14:13:12","date_gmt":"2023-02-11T10:13:12","guid":{"rendered":"https:\/\/hanoglubaklava.az\/?post_type=product&#038;p=12774"},"modified":"2023-02-11T14:13:12","modified_gmt":"2023-02-11T10:13:12","slug":"ciy%c9%99l%c9%99k-v%c9%99-yumurta-badam-draje","status":"publish","type":"product","link":"https:\/\/hanoglubaklava.az\/?product=ciy%c9%99l%c9%99k-v%c9%99-yumurta-badam-draje","title":{"rendered":"\u00c7iy\u0259l\u0259k V\u0259 Yumurta Badam Draje"},"content":{"rendered":"","protected":false},"excerpt":{"rendered":"<p><span style=\"color: #000000;\">Xo\u015f g\u00fcnl\u0259ri s\u00fcfr\u0259nizd\u0259ki yeri il\u0259 tamamlayan bu draje, ist\u0259r damaq z\u00f6vq\u00fcn\u00fcz\u0259, ist\u0259rs\u0259 d\u0259 masan\u0131za r\u0259ng qatacaq!<\/span><\/p>\n","protected":false},"featured_media":0,"comment_status":"open","ping_status":"closed","template":"","meta":{"_acf_changed":false,"om_disable_all_campaigns":false,"_monsterinsights_skip_tracking":false,"_monsterinsights_sitenote_active":false,"_monsterinsights_sitenote_note":"","_monsterinsights_sitenote_category":0},"product_cat":[51],"product_tag":[],"class_list":{"0":"post-12774","1":"product","2":"type-product","3":"status-publish","5":"product_cat-sokoladlar","7":"first","8":"instock","9":"shipping-taxable","10":"product-type-simple"},"acf":[],"aioseo_notices":[],"_links":{"self":[{"href":"https:\/\/hanoglubaklava.az\/index.php?rest_route=\/wp\/v2\/product\/12774","targetHints":{"allow":["GET"]}}],"collection":[{"href":"https:\/\/hanoglubaklava.az\/index.php?rest_route=\/wp\/v2\/product"}],"about":[{"href":"https:\/\/hanoglubaklava.az\/index.php?rest_route=\/wp\/v2\/types\/product"}],"replies":[{"embeddable":true,"href":"https:\/\/hanoglubaklava.az\/index.php?rest_route=%2Fwp%2Fv2%2Fcomments&post=12774"}],"wp:attachment":[{"href":"https:\/\/hanoglubaklava.az\/index.php?rest_route=%2Fwp%2Fv2%2Fmedia&parent=12774"}],"wp:term":[{"taxonomy":"product_cat","embeddable":true,"href":"https:\/\/hanoglubaklava.az\/index.php?rest_route=%2Fwp%2Fv2%2Fproduct_cat&post=12774"},{"taxonomy":"product_tag","embeddable":true,"href":"https:\/\/hanoglubaklava.az\/index.php?rest_route=%2Fwp%2Fv2%2Fproduct_tag&post=12774"}],"curies":[{"name":"wp","href":"https:\/\/api.w.org\/{rel}","templated":true}]}}