{"id":12778,"date":"2023-02-11T14:16:03","date_gmt":"2023-02-11T10:16:03","guid":{"rendered":"https:\/\/hanoglubaklava.az\/?post_type=product&#038;p=12778"},"modified":"2023-02-11T14:16:03","modified_gmt":"2023-02-11T10:16:03","slug":"fruit-cube-ciy%c9%99l%c9%99kli-draje","status":"publish","type":"product","link":"https:\/\/hanoglubaklava.az\/?product=fruit-cube-ciy%c9%99l%c9%99kli-draje","title":{"rendered":"Fruit Cube \u00c7iy\u0259l\u0259kli Draje"},"content":{"rendered":"","protected":false},"excerpt":{"rendered":"<p><span style=\"color: #000000;\">X\u00fcsusi formada qurudulmu\u015f \u00e7iy\u0259l\u0259kl\u0259rin t\u0259biiliyi v\u0259 l\u0259ziz aromas\u0131, drajel\u0259rimizd\u0259 birl\u0259\u015f\u0259r\u0259k damaq z\u00f6vq\u00fcn\u00fcz\u0259 x\u00fcsusi bir iz qoyacaq.<\/span><\/p>\n","protected":false},"featured_media":12690,"comment_status":"open","ping_status":"closed","template":"","meta":{"_acf_changed":false,"om_disable_all_campaigns":false,"_monsterinsights_skip_tracking":false,"_monsterinsights_sitenote_active":false,"_monsterinsights_sitenote_note":"","_monsterinsights_sitenote_category":0},"product_cat":[51],"product_tag":[],"class_list":{"0":"post-12778","1":"product","2":"type-product","3":"status-publish","4":"has-post-thumbnail","6":"product_cat-sokoladlar","8":"first","9":"instock","10":"shipping-taxable","11":"product-type-simple"},"acf":[],"aioseo_notices":[],"_links":{"self":[{"href":"https:\/\/hanoglubaklava.az\/index.php?rest_route=\/wp\/v2\/product\/12778","targetHints":{"allow":["GET"]}}],"collection":[{"href":"https:\/\/hanoglubaklava.az\/index.php?rest_route=\/wp\/v2\/product"}],"about":[{"href":"https:\/\/hanoglubaklava.az\/index.php?rest_route=\/wp\/v2\/types\/product"}],"replies":[{"embeddable":true,"href":"https:\/\/hanoglubaklava.az\/index.php?rest_route=%2Fwp%2Fv2%2Fcomments&post=12778"}],"wp:featuredmedia":[{"embeddable":true,"href":"https:\/\/hanoglubaklava.az\/index.php?rest_route=\/wp\/v2\/media\/12690"}],"wp:attachment":[{"href":"https:\/\/hanoglubaklava.az\/index.php?rest_route=%2Fwp%2Fv2%2Fmedia&parent=12778"}],"wp:term":[{"taxonomy":"product_cat","embeddable":true,"href":"https:\/\/hanoglubaklava.az\/index.php?rest_route=%2Fwp%2Fv2%2Fproduct_cat&post=12778"},{"taxonomy":"product_tag","embeddable":true,"href":"https:\/\/hanoglubaklava.az\/index.php?rest_route=%2Fwp%2Fv2%2Fproduct_tag&post=12778"}],"curies":[{"name":"wp","href":"https:\/\/api.w.org\/{rel}","templated":true}]}}