{"id":12779,"date":"2023-02-11T14:16:36","date_gmt":"2023-02-11T10:16:36","guid":{"rendered":"https:\/\/hanoglubaklava.az\/?post_type=product&#038;p=12779"},"modified":"2023-02-11T14:16:36","modified_gmt":"2023-02-11T10:16:36","slug":"cakil-tasi","status":"publish","type":"product","link":"https:\/\/hanoglubaklava.az\/?product=cakil-tasi","title":{"rendered":"\u00c7ak\u0131l Ta\u015f\u0131"},"content":{"rendered":"","protected":false},"excerpt":{"rendered":"<p><span style=\"color: #000000;\">R\u0259ngar\u0259ng v\u0259 \u0259yl\u0259nc\u0259li formalar\u0131 il\u0259 t\u00fcrk q\u0259hv\u0259sinin yan\u0131nda \u00e7ak\u0131l ta\u015f\u0131 \u015fokolad\u0131 t\u0259qdim edilirs\u0259, i\u00e7diyimiz q\u0259hv\u0259d\u0259n h\u0259zz almamaq m\u00fcmk\u00fcn deyil.<\/span><\/p>\n<p><span style=\"color: #000000;\">X\u0259yallar\u0131n\u0131z kimi r\u0259ngar\u0259ng olan \u00e7ak\u0131l ta\u015f\u0131 \u015fokolad\u0131ndan sifari\u015f ed\u0259r\u0259k sevincinizi daimi ed\u0259 bil\u0259rsiniz.<\/span><\/p>\n","protected":false},"featured_media":12690,"comment_status":"open","ping_status":"closed","template":"","meta":{"_acf_changed":false,"om_disable_all_campaigns":false,"_monsterinsights_skip_tracking":false,"_monsterinsights_sitenote_active":false,"_monsterinsights_sitenote_note":"","_monsterinsights_sitenote_category":0},"product_cat":[51],"product_tag":[],"class_list":{"0":"post-12779","1":"product","2":"type-product","3":"status-publish","4":"has-post-thumbnail","6":"product_cat-sokoladlar","8":"first","9":"instock","10":"shipping-taxable","11":"product-type-simple"},"acf":[],"aioseo_notices":[],"_links":{"self":[{"href":"https:\/\/hanoglubaklava.az\/index.php?rest_route=\/wp\/v2\/product\/12779","targetHints":{"allow":["GET"]}}],"collection":[{"href":"https:\/\/hanoglubaklava.az\/index.php?rest_route=\/wp\/v2\/product"}],"about":[{"href":"https:\/\/hanoglubaklava.az\/index.php?rest_route=\/wp\/v2\/types\/product"}],"replies":[{"embeddable":true,"href":"https:\/\/hanoglubaklava.az\/index.php?rest_route=%2Fwp%2Fv2%2Fcomments&post=12779"}],"wp:featuredmedia":[{"embeddable":true,"href":"https:\/\/hanoglubaklava.az\/index.php?rest_route=\/wp\/v2\/media\/12690"}],"wp:attachment":[{"href":"https:\/\/hanoglubaklava.az\/index.php?rest_route=%2Fwp%2Fv2%2Fmedia&parent=12779"}],"wp:term":[{"taxonomy":"product_cat","embeddable":true,"href":"https:\/\/hanoglubaklava.az\/index.php?rest_route=%2Fwp%2Fv2%2Fproduct_cat&post=12779"},{"taxonomy":"product_tag","embeddable":true,"href":"https:\/\/hanoglubaklava.az\/index.php?rest_route=%2Fwp%2Fv2%2Fproduct_tag&post=12779"}],"curies":[{"name":"wp","href":"https:\/\/api.w.org\/{rel}","templated":true}]}}