{"id":12784,"date":"2023-02-11T14:19:13","date_gmt":"2023-02-11T10:19:13","guid":{"rendered":"https:\/\/hanoglubaklava.az\/?post_type=product&#038;p=12784"},"modified":"2023-02-11T14:19:13","modified_gmt":"2023-02-11T10:19:13","slug":"limonlu-truffel-sokolad","status":"publish","type":"product","link":"https:\/\/hanoglubaklava.az\/?product=limonlu-truffel-sokolad","title":{"rendered":"Limonlu Truffel \u015eokolad"},"content":{"rendered":"","protected":false},"excerpt":{"rendered":"<p><span style=\"color: #000000;\">Limom v\u0259 \u015fokolad\u0131n b\u0259nz\u0259rsiz harmoniyas\u0131! Bu ikilinin yaratd\u0131\u011f\u0131 b\u0259nz\u0259rsiz dada doymayacaqs\u0131n\u0131z.<\/span><\/p>\n<p><span style=\"color: #000000;\">Bu \u015fokolad, \u00f6z\u00fcn\u00fcz\u0259 v\u0259 ya qonaqlar\u0131n\u0131za t\u0259qdim ed\u0259c\u0259yiniz l\u0259zz\u0259tli bir se\u00e7im olmaqla b\u0259rab\u0259r, bayram, ad g\u00fcnl\u0259ri kimi \u00f6z\u0259l g\u00fcnl\u0259rd\u0259 d\u0259 s\u00fcfr\u0259niz\u0259 r\u0259ng qatacaq.<\/span><\/p>\n<p>&nbsp;<\/p>\n","protected":false},"featured_media":12690,"comment_status":"open","ping_status":"closed","template":"","meta":{"_acf_changed":false,"om_disable_all_campaigns":false,"_monsterinsights_skip_tracking":false,"_monsterinsights_sitenote_active":false,"_monsterinsights_sitenote_note":"","_monsterinsights_sitenote_category":0},"product_cat":[51],"product_tag":[],"class_list":{"0":"post-12784","1":"product","2":"type-product","3":"status-publish","4":"has-post-thumbnail","6":"product_cat-sokoladlar","8":"first","9":"instock","10":"shipping-taxable","11":"product-type-simple"},"acf":[],"aioseo_notices":[],"_links":{"self":[{"href":"https:\/\/hanoglubaklava.az\/index.php?rest_route=\/wp\/v2\/product\/12784","targetHints":{"allow":["GET"]}}],"collection":[{"href":"https:\/\/hanoglubaklava.az\/index.php?rest_route=\/wp\/v2\/product"}],"about":[{"href":"https:\/\/hanoglubaklava.az\/index.php?rest_route=\/wp\/v2\/types\/product"}],"replies":[{"embeddable":true,"href":"https:\/\/hanoglubaklava.az\/index.php?rest_route=%2Fwp%2Fv2%2Fcomments&post=12784"}],"wp:featuredmedia":[{"embeddable":true,"href":"https:\/\/hanoglubaklava.az\/index.php?rest_route=\/wp\/v2\/media\/12690"}],"wp:attachment":[{"href":"https:\/\/hanoglubaklava.az\/index.php?rest_route=%2Fwp%2Fv2%2Fmedia&parent=12784"}],"wp:term":[{"taxonomy":"product_cat","embeddable":true,"href":"https:\/\/hanoglubaklava.az\/index.php?rest_route=%2Fwp%2Fv2%2Fproduct_cat&post=12784"},{"taxonomy":"product_tag","embeddable":true,"href":"https:\/\/hanoglubaklava.az\/index.php?rest_route=%2Fwp%2Fv2%2Fproduct_tag&post=12784"}],"curies":[{"name":"wp","href":"https:\/\/api.w.org\/{rel}","templated":true}]}}