{"id":12785,"date":"2023-02-11T14:19:39","date_gmt":"2023-02-11T10:19:39","guid":{"rendered":"https:\/\/hanoglubaklava.az\/?post_type=product&#038;p=12785"},"modified":"2023-02-11T14:29:06","modified_gmt":"2023-02-11T10:29:06","slug":"elit-bohem-h%c9%99diyy%c9%99lik-sudlu-sokolad","status":"publish","type":"product","link":"https:\/\/hanoglubaklava.az\/?product=elit-bohem-h%c9%99diyy%c9%99lik-sudlu-sokolad","title":{"rendered":"Elit Bohem H\u0259diyy\u0259lik S\u00fcdl\u00fc \u015eokolad"},"content":{"rendered":"","protected":false},"excerpt":{"rendered":"<p><span style=\"color: #000000;\">Toylar\u0131n, bayramlar\u0131n v\u0259 xo\u015f g\u00fcnl\u0259rin simvoluna \u00e7evril\u0259n \u015fokoladlar, masan\u0131zda \u00f6z yerini taparaq \u00f6z\u0259l g\u00fcnl\u0259riniz\u0259 r\u0259ng qatacaq.<\/span><\/p>\n","protected":false},"featured_media":12690,"comment_status":"open","ping_status":"closed","template":"","meta":{"_acf_changed":false,"om_disable_all_campaigns":false,"_monsterinsights_skip_tracking":false,"_monsterinsights_sitenote_active":false,"_monsterinsights_sitenote_note":"","_monsterinsights_sitenote_category":0},"product_cat":[51],"product_tag":[],"class_list":{"0":"post-12785","1":"product","2":"type-product","3":"status-publish","4":"has-post-thumbnail","6":"product_cat-sokoladlar","8":"first","9":"instock","10":"shipping-taxable","11":"product-type-simple"},"acf":[],"aioseo_notices":[],"_links":{"self":[{"href":"https:\/\/hanoglubaklava.az\/index.php?rest_route=\/wp\/v2\/product\/12785","targetHints":{"allow":["GET"]}}],"collection":[{"href":"https:\/\/hanoglubaklava.az\/index.php?rest_route=\/wp\/v2\/product"}],"about":[{"href":"https:\/\/hanoglubaklava.az\/index.php?rest_route=\/wp\/v2\/types\/product"}],"replies":[{"embeddable":true,"href":"https:\/\/hanoglubaklava.az\/index.php?rest_route=%2Fwp%2Fv2%2Fcomments&post=12785"}],"wp:featuredmedia":[{"embeddable":true,"href":"https:\/\/hanoglubaklava.az\/index.php?rest_route=\/wp\/v2\/media\/12690"}],"wp:attachment":[{"href":"https:\/\/hanoglubaklava.az\/index.php?rest_route=%2Fwp%2Fv2%2Fmedia&parent=12785"}],"wp:term":[{"taxonomy":"product_cat","embeddable":true,"href":"https:\/\/hanoglubaklava.az\/index.php?rest_route=%2Fwp%2Fv2%2Fproduct_cat&post=12785"},{"taxonomy":"product_tag","embeddable":true,"href":"https:\/\/hanoglubaklava.az\/index.php?rest_route=%2Fwp%2Fv2%2Fproduct_tag&post=12785"}],"curies":[{"name":"wp","href":"https:\/\/api.w.org\/{rel}","templated":true}]}}