{"id":12786,"date":"2023-02-11T14:20:08","date_gmt":"2023-02-11T10:20:08","guid":{"rendered":"https:\/\/hanoglubaklava.az\/?post_type=product&#038;p=12786"},"modified":"2023-02-13T16:50:49","modified_gmt":"2023-02-13T12:50:49","slug":"elit-bohem-h%c9%99diyy%c9%99lik-tund-sokolad","status":"publish","type":"product","link":"https:\/\/hanoglubaklava.az\/?product=elit-bohem-h%c9%99diyy%c9%99lik-tund-sokolad","title":{"rendered":"Elit Bohem H\u0259diyy\u0259lik T\u00fcnd \u015eokolad"},"content":{"rendered":"","protected":false},"excerpt":{"rendered":"<p><span style=\"color: #000000;\">Toylar\u0131n, bayramlar\u0131n v\u0259 xo\u015f g\u00fcnl\u0259rin simvoluna \u00e7evril\u0259n \u015fokoladlar, masan\u0131zda \u00f6z yerini taparaq \u00f6z\u0259l g\u00fcnl\u0259riniz\u0259 r\u0259ng qatacaq.<\/span><\/p>\n","protected":false},"featured_media":0,"comment_status":"open","ping_status":"closed","template":"","meta":{"_acf_changed":false,"om_disable_all_campaigns":false,"_monsterinsights_skip_tracking":false,"_monsterinsights_sitenote_active":false,"_monsterinsights_sitenote_note":"","_monsterinsights_sitenote_category":0},"product_cat":[51],"product_tag":[],"class_list":{"0":"post-12786","1":"product","2":"type-product","3":"status-publish","5":"product_cat-sokoladlar","7":"first","8":"instock","9":"shipping-taxable","10":"product-type-simple"},"acf":[],"aioseo_notices":[],"_links":{"self":[{"href":"https:\/\/hanoglubaklava.az\/index.php?rest_route=\/wp\/v2\/product\/12786","targetHints":{"allow":["GET"]}}],"collection":[{"href":"https:\/\/hanoglubaklava.az\/index.php?rest_route=\/wp\/v2\/product"}],"about":[{"href":"https:\/\/hanoglubaklava.az\/index.php?rest_route=\/wp\/v2\/types\/product"}],"replies":[{"embeddable":true,"href":"https:\/\/hanoglubaklava.az\/index.php?rest_route=%2Fwp%2Fv2%2Fcomments&post=12786"}],"wp:attachment":[{"href":"https:\/\/hanoglubaklava.az\/index.php?rest_route=%2Fwp%2Fv2%2Fmedia&parent=12786"}],"wp:term":[{"taxonomy":"product_cat","embeddable":true,"href":"https:\/\/hanoglubaklava.az\/index.php?rest_route=%2Fwp%2Fv2%2Fproduct_cat&post=12786"},{"taxonomy":"product_tag","embeddable":true,"href":"https:\/\/hanoglubaklava.az\/index.php?rest_route=%2Fwp%2Fv2%2Fproduct_tag&post=12786"}],"curies":[{"name":"wp","href":"https:\/\/api.w.org\/{rel}","templated":true}]}}